{"id":181,"date":"2025-01-10T08:01:10","date_gmt":"2025-01-10T06:01:10","guid":{"rendered":"https:\/\/dev.krossoil.ro\/?page_id=181"},"modified":"2025-01-28T15:44:05","modified_gmt":"2025-01-28T13:44:05","slug":"despre","status":"publish","type":"page","link":"https:\/\/krossoil.ro\/de\/despre\/","title":{"rendered":"\u00dcber uns"},"content":{"rendered":"<section class=\"section hide-for-medium\" id=\"section_1401447257\">\n\t\t<div class=\"section-bg fill\" >\n\t\t\t\t\t\t\t<div class=\"video-overlay no-click fill hide-for-medium\"><\/div>\n\t<video class=\"video-bg fill hide-for-medium\" preload playsinline autoplay muted loop>\n\t\t<source src=\"https:\/\/krossoil.ro\/wp-content\/uploads\/2025\/01\/Kross_gif-online-video-cutter.com_.mp4\" type=\"video\/mp4\">\t<\/video>\n\t\t\t\n\t\t\t\n\n\t\t<\/div>\n\n\t\t\n\n\t\t<div class=\"section-content relative\">\n\t\t\t\n\t\t<\/div>\n\n\t\t\n<style>\n#section_1401447257 {\n  padding-top: 30px;\n  padding-bottom: 30px;\n  min-height: 70vh;\n  background-color: rgb(0,0,0);\n}\n<\/style>\n\t<\/section>\n\t\n\n\t<section class=\"section\" id=\"section_970344281\">\n\t\t<div class=\"section-bg fill\" >\n\t\t\t\t\t\t\t\t\t\n\t\t\t\n\n\t\t<\/div>\n\n\t\t\n\n\t\t<div class=\"section-content relative\">\n\t\t\t\n<div class=\"row\"  id=\"row-42545374\">\n\n\t<div id=\"col-628659396\" class=\"col small-12 large-12\"  >\n\t\t\t\t<div class=\"col-inner\"  >\n\t\t\t\n\t\t\t\n<h2 class=\"description_title\" style=\"color: white;\">TRADITION, TECHNOLOGIE UND LEIDENSCHAFT<\/h2>\n<p class=\"description_text\" style=\"color: white;\">Wir respektieren die belgische Tradition in der \u00d6lproduktion und nutzen modernste Technologie, um jedem Motor die M\u00f6glichkeit zu geben, sein wahres Potenzial zu entfalten und seine Pferdest\u00e4rken freizusetzen. Wir teilen die Leidenschaft und Erfahrung der Profis mit Autofans aller Generationen.<\/p>\n<p style=\"color: white;\">Wir verwenden fortschrittliche Technologien und innovative Verfahren, um Produkte von hoher Qualit\u00e4t herzustellen. Unsere Spezialisten sind st\u00e4ndig mit den schnellen Ver\u00e4nderungen in der Automobilindustrie verbunden und setzen die neuesten Herstellerspezifikationen um, um vollst\u00e4ndige und perfekt angepasste L\u00f6sungen zu bieten.<\/p>\n<p style=\"color: white;\">Die Leidenschaft f\u00fcr Pferdest\u00e4rken treibt unser Engagement f\u00fcr Qualit\u00e4t und Innovation an, leitet uns zur kontinuierlichen Produktverbesserung und zur Erf\u00fcllung der h\u00f6chsten Standards \u2014 damit du die Leistung deines Autos in vollem Umfang genie\u00dfen kannst!<\/p>\n<p style=\"color: white;\">KROSS. Entfessle die Pferdest\u00e4rken.<\/p>\n\t\t<\/div>\n\t\t\t\t\t<\/div>\n\n\t\n\n\t<div id=\"col-1034590333\" class=\"col small-12 large-12\"  >\n\t\t\t\t<div class=\"col-inner\"  >\n\t\t\t\n\t\t\t\n<div class=\"slider-wrapper relative\" id=\"slider-1007630423\" >\n    <div class=\"slider slider-nav-circle slider-nav-large slider-nav-light slider-style-normal\"\n        data-flickity-options='{            \"cellAlign\": \"center\",            \"imagesLoaded\": true,            \"lazyLoad\": 1,            \"freeScroll\": false,            \"wrapAround\": true,            \"autoPlay\": 6000,            \"pauseAutoPlayOnHover\" : true,            \"prevNextButtons\": true,            \"contain\" : true,            \"adaptiveHeight\" : true,            \"dragThreshold\" : 10,            \"percentPosition\": true,            \"pageDots\": true,            \"rightToLeft\": false,            \"draggable\": true,            \"selectedAttraction\": 0.1,            \"parallax\" : 0,            \"friction\": 0.6        }'\n        >\n        \n\t<div class=\"img has-hover x md-x lg-x y md-y lg-y\" id=\"image_759447116\">\n\t\t\t\t\t\t\t\t<div class=\"img-inner dark\" >\n\t\t\t<img loading=\"lazy\" decoding=\"async\" width=\"1000\" height=\"1000\" src=\"https:\/\/krossoil.ro\/wp-content\/uploads\/2025\/01\/1.jpg\" class=\"attachment-large size-large\" alt=\"\" srcset=\"https:\/\/krossoil.ro\/wp-content\/uploads\/2025\/01\/1.jpg 1000w, https:\/\/krossoil.ro\/wp-content\/uploads\/2025\/01\/1-600x600.jpg 600w, https:\/\/krossoil.ro\/wp-content\/uploads\/2025\/01\/1-100x100.jpg 100w, https:\/\/krossoil.ro\/wp-content\/uploads\/2025\/01\/1-300x300.jpg 300w, https:\/\/krossoil.ro\/wp-content\/uploads\/2025\/01\/1-150x150.jpg 150w, https:\/\/krossoil.ro\/wp-content\/uploads\/2025\/01\/1-768x768.jpg 768w\" sizes=\"auto, (max-width: 1000px) 100vw, 1000px\" \/>\t\t\t\t\t\t\n\t\t\t\t\t<\/div>\n\t\t\t\t\t\t\t\t\n<style>\n#image_759447116 {\n  width: 100%;\n}\n<\/style>\n\t<\/div>\n\t\n\t<div class=\"img has-hover x md-x lg-x y md-y lg-y\" id=\"image_1285062494\">\n\t\t\t\t\t\t\t\t<div class=\"img-inner dark\" >\n\t\t\t<img loading=\"lazy\" decoding=\"async\" width=\"1000\" height=\"1000\" src=\"https:\/\/krossoil.ro\/wp-content\/uploads\/2025\/01\/2.jpg\" class=\"attachment-large size-large\" alt=\"\" srcset=\"https:\/\/krossoil.ro\/wp-content\/uploads\/2025\/01\/2.jpg 1000w, https:\/\/krossoil.ro\/wp-content\/uploads\/2025\/01\/2-600x600.jpg 600w, https:\/\/krossoil.ro\/wp-content\/uploads\/2025\/01\/2-100x100.jpg 100w, https:\/\/krossoil.ro\/wp-content\/uploads\/2025\/01\/2-300x300.jpg 300w, https:\/\/krossoil.ro\/wp-content\/uploads\/2025\/01\/2-150x150.jpg 150w, https:\/\/krossoil.ro\/wp-content\/uploads\/2025\/01\/2-768x768.jpg 768w\" sizes=\"auto, (max-width: 1000px) 100vw, 1000px\" \/>\t\t\t\t\t\t\n\t\t\t\t\t<\/div>\n\t\t\t\t\t\t\t\t\n<style>\n#image_1285062494 {\n  width: 100%;\n}\n<\/style>\n\t<\/div>\n\t\n\t<div class=\"img has-hover x md-x lg-x y md-y lg-y\" id=\"image_2079455501\">\n\t\t\t\t\t\t\t\t<div class=\"img-inner dark\" >\n\t\t\t<img loading=\"lazy\" decoding=\"async\" width=\"1000\" height=\"1000\" src=\"https:\/\/krossoil.ro\/wp-content\/uploads\/2025\/01\/3.jpg\" class=\"attachment-large size-large\" alt=\"\" srcset=\"https:\/\/krossoil.ro\/wp-content\/uploads\/2025\/01\/3.jpg 1000w, https:\/\/krossoil.ro\/wp-content\/uploads\/2025\/01\/3-600x600.jpg 600w, https:\/\/krossoil.ro\/wp-content\/uploads\/2025\/01\/3-100x100.jpg 100w, https:\/\/krossoil.ro\/wp-content\/uploads\/2025\/01\/3-300x300.jpg 300w, https:\/\/krossoil.ro\/wp-content\/uploads\/2025\/01\/3-150x150.jpg 150w, https:\/\/krossoil.ro\/wp-content\/uploads\/2025\/01\/3-768x768.jpg 768w\" sizes=\"auto, (max-width: 1000px) 100vw, 1000px\" \/>\t\t\t\t\t\t\n\t\t\t\t\t<\/div>\n\t\t\t\t\t\t\t\t\n<style>\n#image_2079455501 {\n  width: 100%;\n}\n<\/style>\n\t<\/div>\n\t\n\t<div class=\"img has-hover x md-x lg-x y md-y lg-y\" id=\"image_1167489261\">\n\t\t\t\t\t\t\t\t<div class=\"img-inner dark\" >\n\t\t\t<img loading=\"lazy\" decoding=\"async\" width=\"1000\" height=\"1000\" src=\"https:\/\/krossoil.ro\/wp-content\/uploads\/2025\/01\/4.jpg\" class=\"attachment-large size-large\" alt=\"\" srcset=\"https:\/\/krossoil.ro\/wp-content\/uploads\/2025\/01\/4.jpg 1000w, https:\/\/krossoil.ro\/wp-content\/uploads\/2025\/01\/4-600x600.jpg 600w, https:\/\/krossoil.ro\/wp-content\/uploads\/2025\/01\/4-100x100.jpg 100w, https:\/\/krossoil.ro\/wp-content\/uploads\/2025\/01\/4-300x300.jpg 300w, https:\/\/krossoil.ro\/wp-content\/uploads\/2025\/01\/4-150x150.jpg 150w, https:\/\/krossoil.ro\/wp-content\/uploads\/2025\/01\/4-768x768.jpg 768w\" sizes=\"auto, (max-width: 1000px) 100vw, 1000px\" \/>\t\t\t\t\t\t\n\t\t\t\t\t<\/div>\n\t\t\t\t\t\t\t\t\n<style>\n#image_1167489261 {\n  width: 100%;\n}\n<\/style>\n\t<\/div>\n\t\n\t<div class=\"img has-hover x md-x lg-x y md-y lg-y\" id=\"image_2066143085\">\n\t\t\t\t\t\t\t\t<div class=\"img-inner dark\" >\n\t\t\t<img loading=\"lazy\" decoding=\"async\" width=\"1000\" height=\"1000\" src=\"https:\/\/krossoil.ro\/wp-content\/uploads\/2025\/01\/5.jpg\" class=\"attachment-large size-large\" alt=\"\" srcset=\"https:\/\/krossoil.ro\/wp-content\/uploads\/2025\/01\/5.jpg 1000w, https:\/\/krossoil.ro\/wp-content\/uploads\/2025\/01\/5-600x600.jpg 600w, https:\/\/krossoil.ro\/wp-content\/uploads\/2025\/01\/5-100x100.jpg 100w, https:\/\/krossoil.ro\/wp-content\/uploads\/2025\/01\/5-300x300.jpg 300w, https:\/\/krossoil.ro\/wp-content\/uploads\/2025\/01\/5-150x150.jpg 150w, https:\/\/krossoil.ro\/wp-content\/uploads\/2025\/01\/5-768x768.jpg 768w\" sizes=\"auto, (max-width: 1000px) 100vw, 1000px\" \/>\t\t\t\t\t\t\n\t\t\t\t\t<\/div>\n\t\t\t\t\t\t\t\t\n<style>\n#image_2066143085 {\n  width: 100%;\n}\n<\/style>\n\t<\/div>\n\t\n\t<div class=\"img has-hover x md-x lg-x y md-y lg-y\" id=\"image_1438106286\">\n\t\t\t\t\t\t\t\t<div class=\"img-inner dark\" >\n\t\t\t<img loading=\"lazy\" decoding=\"async\" width=\"1000\" height=\"1000\" src=\"https:\/\/krossoil.ro\/wp-content\/uploads\/2025\/01\/6.jpg\" class=\"attachment-large size-large\" alt=\"\" srcset=\"https:\/\/krossoil.ro\/wp-content\/uploads\/2025\/01\/6.jpg 1000w, https:\/\/krossoil.ro\/wp-content\/uploads\/2025\/01\/6-600x600.jpg 600w, https:\/\/krossoil.ro\/wp-content\/uploads\/2025\/01\/6-100x100.jpg 100w, https:\/\/krossoil.ro\/wp-content\/uploads\/2025\/01\/6-300x300.jpg 300w, https:\/\/krossoil.ro\/wp-content\/uploads\/2025\/01\/6-150x150.jpg 150w, https:\/\/krossoil.ro\/wp-content\/uploads\/2025\/01\/6-768x768.jpg 768w\" sizes=\"auto, (max-width: 1000px) 100vw, 1000px\" \/>\t\t\t\t\t\t\n\t\t\t\t\t<\/div>\n\t\t\t\t\t\t\t\t\n<style>\n#image_1438106286 {\n  width: 100%;\n}\n<\/style>\n\t<\/div>\n\t\n\t<div class=\"img has-hover x md-x lg-x y md-y lg-y\" id=\"image_596831793\">\n\t\t\t\t\t\t\t\t<div class=\"img-inner dark\" >\n\t\t\t<img loading=\"lazy\" decoding=\"async\" width=\"1000\" height=\"1000\" src=\"https:\/\/krossoil.ro\/wp-content\/uploads\/2025\/01\/8.jpg\" class=\"attachment-large size-large\" alt=\"\" srcset=\"https:\/\/krossoil.ro\/wp-content\/uploads\/2025\/01\/8.jpg 1000w, https:\/\/krossoil.ro\/wp-content\/uploads\/2025\/01\/8-600x600.jpg 600w, https:\/\/krossoil.ro\/wp-content\/uploads\/2025\/01\/8-100x100.jpg 100w, https:\/\/krossoil.ro\/wp-content\/uploads\/2025\/01\/8-300x300.jpg 300w, https:\/\/krossoil.ro\/wp-content\/uploads\/2025\/01\/8-150x150.jpg 150w, https:\/\/krossoil.ro\/wp-content\/uploads\/2025\/01\/8-768x768.jpg 768w\" sizes=\"auto, (max-width: 1000px) 100vw, 1000px\" \/>\t\t\t\t\t\t\n\t\t\t\t\t<\/div>\n\t\t\t\t\t\t\t\t\n<style>\n#image_596831793 {\n  width: 100%;\n}\n<\/style>\n\t<\/div>\n\t\n\t<div class=\"img has-hover x md-x lg-x y md-y lg-y\" id=\"image_451555381\">\n\t\t\t\t\t\t\t\t<div class=\"img-inner dark\" >\n\t\t\t<img loading=\"lazy\" decoding=\"async\" width=\"1000\" height=\"1000\" src=\"https:\/\/krossoil.ro\/wp-content\/uploads\/2025\/01\/9.jpg\" class=\"attachment-large size-large\" alt=\"\" srcset=\"https:\/\/krossoil.ro\/wp-content\/uploads\/2025\/01\/9.jpg 1000w, https:\/\/krossoil.ro\/wp-content\/uploads\/2025\/01\/9-600x600.jpg 600w, https:\/\/krossoil.ro\/wp-content\/uploads\/2025\/01\/9-100x100.jpg 100w, https:\/\/krossoil.ro\/wp-content\/uploads\/2025\/01\/9-300x300.jpg 300w, https:\/\/krossoil.ro\/wp-content\/uploads\/2025\/01\/9-150x150.jpg 150w, https:\/\/krossoil.ro\/wp-content\/uploads\/2025\/01\/9-768x768.jpg 768w\" sizes=\"auto, (max-width: 1000px) 100vw, 1000px\" \/>\t\t\t\t\t\t\n\t\t\t\t\t<\/div>\n\t\t\t\t\t\t\t\t\n<style>\n#image_451555381 {\n  width: 100%;\n}\n<\/style>\n\t<\/div>\n\t\n\t<div class=\"img has-hover x md-x lg-x y md-y lg-y\" id=\"image_917006458\">\n\t\t\t\t\t\t\t\t<div class=\"img-inner dark\" >\n\t\t\t<img loading=\"lazy\" decoding=\"async\" width=\"1000\" height=\"1000\" src=\"https:\/\/krossoil.ro\/wp-content\/uploads\/2025\/01\/10.jpg\" class=\"attachment-large size-large\" alt=\"\" srcset=\"https:\/\/krossoil.ro\/wp-content\/uploads\/2025\/01\/10.jpg 1000w, https:\/\/krossoil.ro\/wp-content\/uploads\/2025\/01\/10-600x600.jpg 600w, https:\/\/krossoil.ro\/wp-content\/uploads\/2025\/01\/10-100x100.jpg 100w, https:\/\/krossoil.ro\/wp-content\/uploads\/2025\/01\/10-300x300.jpg 300w, https:\/\/krossoil.ro\/wp-content\/uploads\/2025\/01\/10-150x150.jpg 150w, https:\/\/krossoil.ro\/wp-content\/uploads\/2025\/01\/10-768x768.jpg 768w\" sizes=\"auto, (max-width: 1000px) 100vw, 1000px\" \/>\t\t\t\t\t\t\n\t\t\t\t\t<\/div>\n\t\t\t\t\t\t\t\t\n<style>\n#image_917006458 {\n  width: 100%;\n}\n<\/style>\n\t<\/div>\n\t\n\t<div class=\"img has-hover x md-x lg-x y md-y lg-y\" id=\"image_263875074\">\n\t\t\t\t\t\t\t\t<div class=\"img-inner dark\" >\n\t\t\t<img loading=\"lazy\" decoding=\"async\" width=\"1000\" height=\"1000\" src=\"https:\/\/krossoil.ro\/wp-content\/uploads\/2025\/01\/11.jpg\" class=\"attachment-large size-large\" alt=\"\" srcset=\"https:\/\/krossoil.ro\/wp-content\/uploads\/2025\/01\/11.jpg 1000w, https:\/\/krossoil.ro\/wp-content\/uploads\/2025\/01\/11-600x600.jpg 600w, https:\/\/krossoil.ro\/wp-content\/uploads\/2025\/01\/11-100x100.jpg 100w, https:\/\/krossoil.ro\/wp-content\/uploads\/2025\/01\/11-300x300.jpg 300w, https:\/\/krossoil.ro\/wp-content\/uploads\/2025\/01\/11-150x150.jpg 150w, https:\/\/krossoil.ro\/wp-content\/uploads\/2025\/01\/11-768x768.jpg 768w\" sizes=\"auto, (max-width: 1000px) 100vw, 1000px\" \/>\t\t\t\t\t\t\n\t\t\t\t\t<\/div>\n\t\t\t\t\t\t\t\t\n<style>\n#image_263875074 {\n  width: 100%;\n}\n<\/style>\n\t<\/div>\n\t\n\t<div class=\"img has-hover x md-x lg-x y md-y lg-y\" id=\"image_1659651442\">\n\t\t\t\t\t\t\t\t<div class=\"img-inner dark\" >\n\t\t\t<img loading=\"lazy\" decoding=\"async\" width=\"1000\" height=\"1000\" src=\"https:\/\/krossoil.ro\/wp-content\/uploads\/2025\/01\/12.jpg\" class=\"attachment-large size-large\" alt=\"\" srcset=\"https:\/\/krossoil.ro\/wp-content\/uploads\/2025\/01\/12.jpg 1000w, https:\/\/krossoil.ro\/wp-content\/uploads\/2025\/01\/12-600x600.jpg 600w, https:\/\/krossoil.ro\/wp-content\/uploads\/2025\/01\/12-100x100.jpg 100w, https:\/\/krossoil.ro\/wp-content\/uploads\/2025\/01\/12-300x300.jpg 300w, https:\/\/krossoil.ro\/wp-content\/uploads\/2025\/01\/12-150x150.jpg 150w, https:\/\/krossoil.ro\/wp-content\/uploads\/2025\/01\/12-768x768.jpg 768w\" sizes=\"auto, (max-width: 1000px) 100vw, 1000px\" \/>\t\t\t\t\t\t\n\t\t\t\t\t<\/div>\n\t\t\t\t\t\t\t\t\n<style>\n#image_1659651442 {\n  width: 100%;\n}\n<\/style>\n\t<\/div>\n\t\n     <\/div>\n\n     <div class=\"loading-spin dark large centered\"><\/div>\n\n\t\n<style>\n#slider-1007630423 .flickity-slider > * {\n  max-width: 50%!important;\n}\n<\/style>\n<\/div>\n\n\n\t\t<\/div>\n\t\t\t\t\t<\/div>\n\n\t\n<\/div>\n\t\t<\/div>\n\n\t\t\n<style>\n#section_970344281 {\n  padding-top: 30px;\n  padding-bottom: 30px;\n  background-color: rgb(0,0,0);\n}\n<\/style>\n\t<\/section>","protected":false},"excerpt":{"rendered":"","protected":false},"author":2,"featured_media":0,"parent":0,"menu_order":0,"comment_status":"closed","ping_status":"closed","template":"page-blank.php","meta":{"footnotes":""},"class_list":["post-181","page","type-page","status-publish","hentry"],"_links":{"self":[{"href":"https:\/\/krossoil.ro\/de\/wp-json\/wp\/v2\/pages\/181","targetHints":{"allow":["GET"]}}],"collection":[{"href":"https:\/\/krossoil.ro\/de\/wp-json\/wp\/v2\/pages"}],"about":[{"href":"https:\/\/krossoil.ro\/de\/wp-json\/wp\/v2\/types\/page"}],"author":[{"embeddable":true,"href":"https:\/\/krossoil.ro\/de\/wp-json\/wp\/v2\/users\/2"}],"replies":[{"embeddable":true,"href":"https:\/\/krossoil.ro\/de\/wp-json\/wp\/v2\/comments?post=181"}],"version-history":[{"count":5,"href":"https:\/\/krossoil.ro\/de\/wp-json\/wp\/v2\/pages\/181\/revisions"}],"predecessor-version":[{"id":2027,"href":"https:\/\/krossoil.ro\/de\/wp-json\/wp\/v2\/pages\/181\/revisions\/2027"}],"wp:attachment":[{"href":"https:\/\/krossoil.ro\/de\/wp-json\/wp\/v2\/media?parent=181"}],"curies":[{"name":"wp","href":"https:\/\/api.w.org\/{rel}","templated":true}]}}