{"id":237,"date":"2025-01-10T12:35:28","date_gmt":"2025-01-10T10:35:28","guid":{"rendered":"https:\/\/dev.krossoil.ro\/?page_id=237"},"modified":"2025-10-21T10:47:08","modified_gmt":"2025-10-21T08:47:08","slug":"termeni-si-conditii","status":"publish","type":"page","link":"https:\/\/krossoil.ro\/de\/termeni-si-conditii\/","title":{"rendered":"Termeni si conditii"},"content":{"rendered":"<div class=\"row align-center\"  id=\"row-2123802156\">\n\n\t<div id=\"col-1723920220\" class=\"col small-12 large-12\"  >\n\t\t\t\t<div class=\"col-inner\"  >\n\t\t\t\n\t\t\t\n\t<div id=\"gap-719804449\" class=\"gap-element clearfix\" style=\"display:block; height:auto;\">\n\t\t\n<style>\n#gap-719804449 {\n  padding-top: 10vh;\n}\n<\/style>\n\t<\/div>\n\t\n<h2><span style=\"font-weight: 600;\">Nutzungsbedingungen<\/span><\/h2>\n<p><strong>Der Besuch oder die Nutzung der auf der Website www.krossoil.ro angezeigten Produkte setzt die Zustimmung zu den nachstehend aufgef\u00fchrten Nutzungsbedingungen voraus. F\u00fcr eine ordnungsgem\u00e4\u00dfe Nutzung der Website wird empfohlen, die Allgemeinen Gesch\u00e4ftsbedingungen sorgf\u00e4ltig zu lesen.<\/strong><\/p>\n<h3>Online-H\u00e4ndler<\/h3>\n<p class=\"translation-block\"><strong>www.krossoil.ro<\/strong> ist ein Online-Dienst, der von S.C. CONEX DISTRIBUTION S.A. betrieben wird, mit Sitz und Korrespondenzadresse in Ia\u0219i, Calea Chi\u0219in\u0103ului Stra\u00dfe Nr. 32, Postleitzahl 700180, Kreis Ia\u0219i, Rum\u00e4nien, eingetragen im Handelsregister unter Nr. J22\/2934\/2003, USt.-Nr. 16019310, Stammkapital 27.445.500 Lei, Bankkonto Nr. RO10BACX0000000487006000 bei Unicredit Ia\u0219i, E-Mail: marketing@conexdist.ro.<\/p>\n<p class=\"translation-block\">Wir behalten uns das Recht vor, diese Allgemeinen Gesch\u00e4ftsbedingungen sowie jegliche \u00c4nderungen der Website <strong>www.krossoil.ro<\/strong> ohne vorherige Ank\u00fcndigung zu \u00e4ndern. Durch den Zugriff auf die Seite \u201eAllgemeine Gesch\u00e4ftsbedingungen\u201c k\u00f6nnen Sie jederzeit die aktuellste Version dieser Bestimmungen einsehen.<\/p>\n<p>Das Verh\u00e4ltnis zwischen den Parteien wird durch die folgenden Rechtsakte geregelt:<\/p>\n<ul>\n<li>Regierungsverordnung Nr. 21\/1992 \u00fcber den Verbraucherschutz<\/li>\n<li>Dringlichkeitsverordnung der Regierung Nr. 34\/2014 \u00fcber die Verbraucherrechte bei Vertr\u00e4gen, die mit Fachleuten geschlossen werden<\/li>\n<li>Gesetz Nr. 363\/2007 zur Bek\u00e4mpfung unlauterer Gesch\u00e4ftspraktiken im Verh\u00e4ltnis zwischen H\u00e4ndlern und Verbrauchern sowie zur Angleichung der Vorschriften an die europ\u00e4ische Verbraucherschutzgesetzgebung<\/li>\n<li>Gesetz Nr. 365\/2002 \u00fcber den elektronischen Handel<\/li>\n<\/ul>\n<h3>Geistiges Eigentum und Urheberrecht<\/h3>\n<p class=\"translation-block\">Der gesamte Inhalt der Website <strong>www.krossoil.ro<\/strong>, einschlie\u00dflich Texte, Bilder, Grafiken, Webdesign-Elemente, Skripte und andere Daten, ist Eigentum von S.C. CONEX DISTRIBUTION S.A. oder deren Lieferanten und ist gem\u00e4\u00df dem Urheberrechtsgesetz sowie den Gesetzen zum Schutz geistigen und gewerblichen Eigentums gesch\u00fctzt. Die Verwendung jeglicher Elemente der Website <strong>www.krossoil.ro<\/strong> oder der oben genannten Elemente ohne schriftliche Zustimmung wird nach geltendem Recht geahndet. Um geistige Eigentumsrechte zu melden, k\u00f6nnen Sie die E-Mail-Adresse marketing@conexdist.ro verwenden.<\/p>\n<h3>Bereitstellung personenbezogener Daten<\/h3>\n<p class=\"translation-block\">Die Bereitstellung der Dienste auf <strong>www.krossoil.ro<\/strong> beginnt unmittelbar nach Abschluss aller erforderlichen Registrierungsschritte. Die angegebenen Informationen m\u00fcssen korrekt sein. Mit der Registrierung verpflichten Sie sich, uns Ihren richtigen Namen, Ihre Adresse und andere relevante Informationen bereitzustellen. Um diese Informationen zu korrigieren oder zu aktualisieren, greifen Sie bitte auf Ihr Konto zu. Durch den Zugriff auf Ihr Konto und die Nutzung Ihres pers\u00f6nlichen Passworts sind Sie f\u00fcr alle Handlungen verantwortlich, die sich aus deren Verwendung ergeben. SC CONEX DISTRIBUTION SA kann nicht f\u00fcr Fehler haftbar gemacht werden, die durch Fahrl\u00e4ssigkeit des Benutzers in Bezug auf die Sicherheit und Vertraulichkeit seines Kontos und Passworts entstehen.<\/p>\n<h3>Sicherheit personenbezogener Daten<\/h3>\n<p class=\"translation-block\">Ihre personenbezogenen Daten k\u00f6nnen von SC CONEX DISTRIBUTION SA verwendet werden, um Sie per E-Mail, Post oder anderen Kommunikationsmitteln \u00fcber zuk\u00fcnftige Aktivit\u00e4ten, die Erstellung statistischer Berichte usw. zu informieren. Ihre personenbezogenen Daten k\u00f6nnen an die zust\u00e4ndigen Beh\u00f6rden \u00fcbermittelt werden, um gesetzlich begr\u00fcndete \u00dcberpr\u00fcfungen durchzuf\u00fchren. Die von Kunden bereitgestellten Informationen sind streng vertraulich. SC CONEX DISTRIBUTION SA verpflichtet sich gegen\u00fcber ihren Kunden, diese Daten nicht an Dritte oder Unternehmen weiterzugeben und sie ausschlie\u00dflich f\u00fcr die Gesch\u00e4ftsbeziehung zwischen dem Kunden und SC CONEX DISTRIBUTION SA zu verwenden.<br>Diese Website verwendet Sicherheitsma\u00dfnahmen, um den Verlust, die Ver\u00e4nderung oder den Missbrauch von Informationen unter unserer Kontrolle zu verhindern. SC CONEX DISTRIBUTION SA verpflichtet sich, Ihre Rechte gem\u00e4\u00df dem Gesetz 677\/2001 zu respektieren und auf Ihre Anfrage, die an marketing@conexdist.ro gesendet wird, Folgendes zu tun: die Daten zu berichtigen, zu aktualisieren, zu sperren, zu l\u00f6schen oder kostenlos in anonyme Daten umzuwandeln, deren Verarbeitung nicht den Bestimmungen des Gesetzes 677\/2001 entspricht; sowie die Verarbeitung Ihrer personenbezogenen Daten einzustellen.<br>SC CONEX DISTRIBUTION SA best\u00e4tigt, dass sie die Rechte gem\u00e4\u00df Gesetz Nr. 677\/2001 zum Schutz von Personen bei der Verarbeitung personenbezogener Daten und zum freien Datenverkehr, dem Gesetz Nr. 365\/2002 \u00fcber den elektronischen Handel und der Verordnung Nr. 130\/2000 \u00fcber den Verbraucherschutz bei Abschluss und Ausf\u00fchrung von Fernabsatzvertr\u00e4gen in der jeweils geltenden Fassung einh\u00e4lt. Zu diesen Rechten geh\u00f6ren (ohne Einschr\u00e4nkung):<br>das Recht, SC CONEX DISTRIBUTION SA einmal j\u00e4hrlich kostenlos zu ersuchen, zu best\u00e4tigen, ob Ihre personenbezogenen Daten verarbeitet werden oder nicht;<\/p>\n<ul>\n<li>das Recht, von SC CONEX DISTRIBUTION SA die unentgeltliche Berichtigung, Aktualisierung, Sperrung oder L\u00f6schung der bereitgestellten Daten zu verlangen, deren Verarbeitung nicht den Bestimmungen des Gesetzes Nr. 677\/2001 entspricht;<\/li>\n<li class=\"translation-block\">das Recht, von SC CONEX DISTRIBUTION SA kostenlos die Beendigung der Verarbeitung seiner personenbezogenen Daten zu verlangen;<br>Jeder Versuch, auf die personenbezogenen Daten eines anderen Benutzers zuzugreifen, den Inhalt der Website <strong>www.krossoil.ro<\/strong> zu \u00e4ndern oder die Leistung des Servers, auf dem die Website <strong>www.krossoil.ro<\/strong> l\u00e4uft, zu beeintr\u00e4chtigen, wird als Betrugsversuch betrachtet und f\u00fchrt zu strafrechtlichen Ermittlungen gegen die Person(en), die diesen Versuch unternommen haben.<\/li>\n<\/ul>\n<h3>Darstellung der Dienstleistungen und Produktbeschreibung<\/h3>\n<p class=\"translation-block\">SC CONEX DISTRIBUTION SA beh\u00e4lt sich das Recht vor, jederzeit \u00c4nderungen an den auf der Website <strong>www.krossoil.ro<\/strong> dargestellten technischen Daten ohne vorherige Ank\u00fcndigung vorzunehmen. Die auf der Website <strong>www.krossoil.ro<\/strong> angegebenen Produktbeschreibungen dienen nur zu Informationszwecken und stellen keine vertragliche Verpflichtung dar. Die auf der Website <strong>www.krossoil.ro<\/strong> gezeigten Fotos dienen nur zur Veranschaulichung und k\u00f6nnen von den tats\u00e4chlichen Produkten abweichen.<\/p>\n<p>SC CONEX DISTRIBUTION SA \u00fcbernimmt keine Verantwortung und kann nicht f\u00fcr Sch\u00e4den haftbar gemacht werden, die durch die Verwendung der auf dieser Website empfohlenen Produkte zu anderen Zwecken als den vom Hersteller angegebenen entstehen.<\/p>\n<p class=\"translation-block\">Der gesamte Inhalt der Website <strong>www.krossoil.ro<\/strong> \u2013 Bilder, Texte, Grafiken, Symbole, Webdesign-Elemente, E-Mails, Skripte, Programme und andere Daten \u2013 ist Eigentum von <strong>www.krossoil.ro<\/strong> und seinen Lieferanten und wird durch das Urheberrechtsgesetz (Gesetz Nr. 8\/1996) sowie durch Gesetze zum Schutz des geistigen und gewerblichen Eigentums gesch\u00fctzt. Die Nutzung der oben genannten Elemente ohne die Zustimmung von <strong>www.krossoil.ro<\/strong> wird gem\u00e4\u00df der geltenden Gesetzgebung bestraft.<\/p>\n<p class=\"translation-block\">Die auf <strong>www.krossoil.ro<\/strong> vorgestellten Produkte werden von <strong>www.krossoil.ro<\/strong> hergestellt und verkauft. Die Produktpreise k\u00f6nnen jederzeit ge\u00e4ndert werden. \u00dcberpr\u00fcfen Sie den endg\u00fcltigen Verkaufspreis, bevor Sie ein Produkt kaufen.<\/p>\n<h3>Garantien und Haftungsbeschr\u00e4nkungen<\/h3>\n<p class=\"translation-block\"><strong>www.krossoil.ro<\/strong> \u00fcbernimmt keine ausdr\u00fcckliche oder stillschweigende Garantie in Bezug auf diese Website. Alles, was diese Website betrifft, wird wie gesehen, solange verf\u00fcgbar und ohne weitere Garantie bereitgestellt. SC CONEX DISTRIBUTION SA \u00fcbernimmt keine Verantwortung, wenn die Website aus technischen oder kommerziellen Gr\u00fcnden f\u00fcr unbestimmte Zeit nicht erreichbar ist. Wir entschuldigen uns f\u00fcr eventuelle Nutzungsfehler, die durch \u00c4nderungen, Einstellungen oder Upgrades des Hosting-Unternehmens entstehen, die volle Verantwortung liegt jedoch beim Anbieter. SC CONEX DISTRIBUTION SA beh\u00e4lt sich das Recht vor, den Inhalt der auf der Website pr\u00e4sentierten Informationen jederzeit ganz oder teilweise zu \u00e4ndern, ohne die Benutzer vorher zu benachrichtigen. SC CONEX DISTRIBUTION SA beh\u00e4lt sich au\u00dferdem das Recht vor, diese Website ohne Vorank\u00fcndigung zu sperren oder zu schlie\u00dfen. SC CONEX DISTRIBUTION SA macht auf dieser Website keine Angaben zur Kompatibilit\u00e4t zwischen den Computern der Benutzer und dieser Website. Der Zugriff auf diese Website erfolgt freiwillig, und die Benutzer \u00fcbernehmen unwiderruflich und bedingungslos die Verantwortung f\u00fcr den Zugriff.<\/p>\n<h3>H\u00f6here Gewalt<\/h3>\n<p class=\"translation-block\"><strong>www.krossoil.ro<\/strong>, seine Partner und\/oder die Lieferanten von Produkten oder Dienstleistungen f\u00fcr <strong>www.krossoil.ro<\/strong> k\u00f6nnen nicht f\u00fcr Verz\u00f6gerungen oder Fehler verantwortlich gemacht werden, die direkt oder indirekt durch Ursachen entstehen, die au\u00dferhalb der Kontrolle von <strong>www.krossoil.ro<\/strong> liegen. Diese Haftungsfreistellung umfasst, ist jedoch nicht beschr\u00e4nkt auf: technische Ausf\u00e4lle der Ger\u00e4te von <strong>www.krossoil.ro<\/strong>, Internetausf\u00e4lle, Telefonverbindungsst\u00f6rungen, Computerviren, unbefugten Zugriff auf die Systeme von <strong>www.krossoil.ro<\/strong>, Bedienungsfehler sowie F\u00e4lle h\u00f6herer Gewalt, die in der geltenden Gesetzgebung festgelegt sind.<\/p>\n<h3>Werbung<\/h3>\n<p class=\"translation-block\"><strong>www.krossoil.ro<\/strong> kann auf seinen Seiten Werbung f\u00fcr eigene Produkte sowie f\u00fcr Produkte oder Dienstleistungen Dritter anzeigen. Durch die Nutzung von <strong>www.krossoil.ro<\/strong> und die Zustimmung zu den Nutzungsbedingungen und der Datenschutzrichtlinie erkl\u00e4ren Sie sich ausdr\u00fccklich damit einverstanden, solche kommerziellen Mitteilungen zu erhalten.<\/p>\n\t\t<\/div>\n\t\t\t\t\t<\/div>\n\n\t\n<\/div>","protected":false},"excerpt":{"rendered":"","protected":false},"author":2,"featured_media":0,"parent":0,"menu_order":0,"comment_status":"closed","ping_status":"closed","template":"page-blank.php","meta":{"footnotes":""},"class_list":["post-237","page","type-page","status-publish","hentry"],"_links":{"self":[{"href":"https:\/\/krossoil.ro\/de\/wp-json\/wp\/v2\/pages\/237","targetHints":{"allow":["GET"]}}],"collection":[{"href":"https:\/\/krossoil.ro\/de\/wp-json\/wp\/v2\/pages"}],"about":[{"href":"https:\/\/krossoil.ro\/de\/wp-json\/wp\/v2\/types\/page"}],"author":[{"embeddable":true,"href":"https:\/\/krossoil.ro\/de\/wp-json\/wp\/v2\/users\/2"}],"replies":[{"embeddable":true,"href":"https:\/\/krossoil.ro\/de\/wp-json\/wp\/v2\/comments?post=237"}],"version-history":[{"count":5,"href":"https:\/\/krossoil.ro\/de\/wp-json\/wp\/v2\/pages\/237\/revisions"}],"predecessor-version":[{"id":2390,"href":"https:\/\/krossoil.ro\/de\/wp-json\/wp\/v2\/pages\/237\/revisions\/2390"}],"wp:attachment":[{"href":"https:\/\/krossoil.ro\/de\/wp-json\/wp\/v2\/media?parent=237"}],"curies":[{"name":"wp","href":"https:\/\/api.w.org\/{rel}","templated":true}]}}