{"id":285,"date":"2025-01-10T15:09:26","date_gmt":"2025-01-10T13:09:26","guid":{"rendered":"https:\/\/dev.krossoil.ro\/?page_id=285"},"modified":"2025-10-21T13:43:26","modified_gmt":"2025-10-21T11:43:26","slug":"privacy","status":"publish","type":"page","link":"https:\/\/krossoil.ro\/de\/privacy\/","title":{"rendered":"Datenschutzerkl\u00e4rung"},"content":{"rendered":"<div class=\"row align-center\"  id=\"row-130339182\">\n\n\t<div id=\"col-136758475\" class=\"col small-12 large-12\"  >\n\t\t\t\t<div class=\"col-inner\"  >\n\t\t\t\n\t\t\t\n\t<div id=\"gap-1040866470\" class=\"gap-element clearfix\" style=\"display:block; height:auto;\">\n\t\t\n<style>\n#gap-1040866470 {\n  padding-top: 10vh;\n}\n<\/style>\n\t<\/div>\n\t\n<h2>Datenschutzerkl\u00e4rung<\/h2>\n<p>Informationen zur Verarbeitung personenbezogener Daten<\/p>\n<h3>Ihre Daten<\/h3>\n<p>www.krossoil.ro erhebt und verarbeitet personenbezogene Daten gem\u00e4\u00df der EU-Verordnung 679\/2016, wenn Sie eine Nachricht \u00fcber eines der Formulare auf der Website senden. Diese Daten werden gesichert und intern nur an die zust\u00e4ndigen Abteilungen weitergeleitet, die f\u00fcr die entsprechende Fachrichtung verantwortlich sind. Wir erheben und verarbeiten personenbezogene Daten auch zu Werbezwecken, f\u00fcr Gewinnspiele oder Marketingkampagnen, die ausschlie\u00dflich von www.krossoil.ro durchgef\u00fchrt werden. Wir geben Ihre Daten nicht ohne Ihre ausdr\u00fcckliche Zustimmung an Dritte weiter und machen diese Daten nicht \u00f6ffentlich.<\/p>\n<h3>Welche Daten wir verwenden<\/h3>\n<p>Wenn Sie Kunde der Website sind, verarbeitet www.krossoil.ro Ihre personenbezogenen Daten, wie zum Beispiel:<\/p>\n<ul>\n<li>Vor- und Nachname<\/li>\n<li>Telefonnummer<\/li>\n<li>E-Mail-Adresse<\/li>\n<li>Daten dar\u00fcber, wie Sie die Website nutzen (z. B. Ihr Verhalten, Ihre Vorlieben oder Gewohnheiten auf der Website). Wenn Sie Besucher der Website sind, verarbeitet www.krossoil.ro die von Ihnen bereitgestellten personenbezogenen Daten:<\/li>\n<li>Direkt im Zusammenhang mit der Nutzung der Website, beispielsweise die Daten, die Sie im Abschnitt Kontakt\/Fragen\/Beschwerden angeben, soweit Sie uns auf diese Weise kontaktieren;<\/li>\n<li>Indirekt Daten wie: IP-Adresse, verwendeter Browser, Navigationsdauer, Suchverlauf, verwendetes Betriebssystem, Sprache und aufgerufene Seiten, vollst\u00e4ndige URLs, Klickpfade zu, durch und von unserer Website, angesehene\/gesuchte Informationen oder Produkte, Dauer der Besuche auf bestimmten Seiten, Informationen zur Seiteninteraktion (z. B. Scrollen, Klicks, Mausbewegungen) und Daten zum Nutzerverhalten.<\/li>\n<\/ul>\n<h3>Der Zweck, f\u00fcr den wir Ihre Daten verwenden<\/h3>\n<p class=\"translation-block\">Wenn Sie Besucher der Website sind, verarbeitet www.krossoil.ro Ihre personenbezogenen Daten wie folgt: f\u00fcr Marketingaktivit\u00e4ten, n\u00e4mlich zum Versand kommerzieller Mitteilungen \u00fcber Produkte und Dienstleistungen von www.krossoil.ro \u00fcber Fernkommunikationsmittel (E-Mail, SMS). Rechtsgrundlage: Die Verarbeitung Ihrer Daten zu diesem Zweck basiert auf Ihrer Einwilligung, sofern Sie diese erteilen. Um den Erhalt solcher kommerzieller Mitteilungen abzubestellen, k\u00f6nnen Sie die Option am Ende jeder E-Mail\/SMS mit kommerziellen Inhalten verwenden. Die Bereitstellung Ihrer Daten zu diesem Zweck ist freiwillig. Die Verweigerung der Einwilligung zur Datenverarbeitung hat keine negativen Folgen f\u00fcr Sie. Zur Bearbeitung von Beschwerden, Reklamationen und zur \u00dcberwachung des Datenverkehrs sowie zur Verbesserung Ihrer Website-Erfahrung. Rechtsgrundlage: Die Verarbeitung Ihrer Daten zu diesem Zweck basiert auf dem berechtigten Interesse von www.krossoil.ro, den ordnungsgem\u00e4\u00dfen Betrieb der Website sicherzustellen und die Erfahrung der Besucher kontinuierlich zu verbessern, einschlie\u00dflich der Bearbeitung von Kommentaren, Fragen oder Beschwerden.<br>Die Bereitstellung Ihrer Daten zu diesem Zweck ist freiwillig. Die Verweigerung hat keine negativen Auswirkungen auf Sie.<\/p>\n<h3>Die Dauer, f\u00fcr die wir die Daten verarbeiten<\/h3>\n<p>www.krossoil.ro verarbeitet Ihre personenbezogenen Daten so lange, wie es erforderlich ist, um die oben genannten Verarbeitungszwecke zu erreichen. Wenn Sie Ihre Einwilligung zur Verarbeitung der Daten zu Marketingzwecken widerrufen, wird die Verarbeitung Ihrer personenbezogenen Daten zu diesem Zweck eingestellt, ohne die Verarbeitung zu beeintr\u00e4chtigen, die auf Grundlage Ihrer vor dem Widerruf erteilten Einwilligung erfolgt ist.<\/p>\n<h3>Weitergabe personenbezogener Daten<\/h3>\n<p>Neben dem Verantwortlichen k\u00f6nnen die Daten in bestimmten Situationen f\u00fcr Dritte zug\u00e4nglich sein, wie etwa Dienstleister, Transportunternehmen, Hosting-Anbieter oder IT-Firmen, die gegebenenfalls vom Verantwortlichen als Auftragsverarbeiter benannt werden.<\/p>\n<p>Sie sind vertraglich verpflichtet, die Vertraulichkeit der Daten zu wahren und diese ausschlie\u00dflich f\u00fcr den Zweck zu verwenden, f\u00fcr den sie bereitgestellt wurden.<\/p>\n<p>Wir k\u00f6nnen Ihre personenbezogenen Daten auch an zentrale oder lokale \u00f6ffentliche Beh\u00f6rden weitergeben, in den nachstehend beispielhaft aufgef\u00fchrten F\u00e4llen:<\/p>\n<ul>\n<li>zur Verwaltung der Website;<\/li>\n<li>in F\u00e4llen, in denen eine solche Mitteilung erforderlich ist, um den betroffenen Personen Preise oder andere Vorteile zu gew\u00e4hren, die sie durch ihre Teilnahme an verschiedenen \u00fcber die Website organisierten Werbekampagnen erhalten haben;<\/li>\n<li>zur Wartung, Personalisierung und Verbesserung der Website und der \u00fcber sie angebotenen Dienstleistungen;<\/li>\n<li>zur Durchf\u00fchrung von Datenanalysen, Tests und Forschung, zur \u00dcberwachung von Nutzungs- und Aktivit\u00e4tstrends, zur Entwicklung von Sicherheitsfunktionen und zur Authentifizierung der Benutzer;<\/li>\n<li>f\u00fcr den Versand von Marketing- und Werbemitteilungen unter den gesetzlich festgelegten Bedingungen und Grenzen;<\/li>\n<li>wenn die Offenlegung personenbezogener Daten gesetzlich vorgeschrieben ist usw.;<\/li>\n<\/ul>\n<h3>\u00dcbermittlung personenbezogener Daten<\/h3>\n<p>Die an www.krossoil.ro \u00fcbermittelten personenbezogenen Daten k\u00f6nnen au\u00dferhalb Rum\u00e4niens \u00fcbertragen werden, jedoch nur in L\u00e4nder der Europ\u00e4ischen Union.<\/p>\n<h3>Ihre Rechte<\/h3>\n<p>Unter den in der Gesetzgebung \u00fcber die Verarbeitung personenbezogener Daten festgelegten Bedingungen haben Sie als betroffene Personen die folgenden Rechte:<\/p>\n<ul>\n<li>das Recht auf Information \u2013 das Recht, Einzelheiten \u00fcber die von www.krossoil.ro durchgef\u00fchrten Verarbeitungst\u00e4tigkeiten zu erhalten, wie in diesem Dokument beschrieben;<\/li>\n<li>das Recht auf Zugang zu den Daten \u2013 das Recht, eine Best\u00e4tigung \u00fcber die Verarbeitung personenbezogener Daten sowie Einzelheiten zu den Verarbeitungst\u00e4tigkeiten, einschlie\u00dflich der Art und Weise ihrer Durchf\u00fchrung, zu erhalten;<\/li>\n<li>die Daten werden verarbeitet, der Zweck der Verarbeitung, die Empf\u00e4nger oder die Kategorien von Empf\u00e4ngern der Daten usw.;<\/li>\n<li>das Recht auf Berichtigung \u2013 das Recht, die Berichtigung unrichtiger oder unbegr\u00fcndeter personenbezogener Daten sowie die Vervollst\u00e4ndigung unvollst\u00e4ndiger Daten ohne unangemessene Verz\u00f6gerung zu verlangen;<\/li>\n<li>das Recht auf L\u00f6schung der Daten, ohne unangemessene Verz\u00f6gerung (\u201eRecht auf Vergessenwerden\u201c) \u2013 gilt unter bestimmten Bedingungen. Es ist m\u00f6glich, dass die Daten nach einem L\u00f6schungsantrag anonymisiert werden (wodurch sie ihren personenbezogenen Charakter verlieren) und unter diesen Bedingungen weiterhin zu statistischen Zwecken verarbeitet werden;<\/li>\n<li>das Recht auf Einschr\u00e4nkung der Verarbeitung, unter bestimmten Bedingungen;<\/li>\n<li>das Recht auf Daten\u00fcbertragbarkeit \u2013 das Recht, personenbezogene Daten in einem strukturierten, g\u00e4ngigen und leicht lesbaren Format zu erhalten, sowie das Recht, dass diese Daten an einen anderen Verantwortlichen \u00fcbermittelt werden, sofern die gesetzlich festgelegten Bedingungen erf\u00fcllt sind;<\/li>\n<li>das Recht, sich an die Nationale Aufsichtsbeh\u00f6rde f\u00fcr die Verarbeitung personenbezogener Daten oder an die zust\u00e4ndigen Gerichte zu wenden, soweit Sie dies f\u00fcr erforderlich halten;<\/li>\n<li>dreptul la opozitie:\n<ul>\n<li>in ceea ce priveste activitatile de prelucrare se poate exercita prin transmiterea unei solicitari conform celor indicate mai jos;<\/li>\n<li>in orice moment, din motive legate de situatia particulara in care se afla persoana vizata, ca datele care o vizeaza sa fie prelucrate in temeiul interesului legitim al sau in temeiul interesului public, cu exceptia cazurilor in care poate demonstra ca are motive legitime si imperioase care justifica prelucarea si care prevaleaza asupra intereselor, drepturilor si libertatilor persoanelor vizate sau ca scopul este constatarea, exercitarea sau apararea unui drept in instanta;<\/li>\n<li>in orice moment, in mod gratuit si fara nicio justificare, ca datele care o vizeaza sa fie prelucrate in scop de marketing direct.<br \/>dreptul de a nu fi supus unei decizii individuale automate<br \/>dreptul de a nu fi subiectul unei decizii luate numai pe baza unor activitati de prelucrare automate, inclusiv crearea de profiluri, care produce efecte juridice care privesc persoana vizata sau o afecteaza in mod similar intr-o masura semnificativa;<\/li>\n<\/ul>\n<\/li>\n<\/ul>\n<p>F\u00fcr weitere Fragen zur Verarbeitung personenbezogener Daten und zur Aus\u00fcbung der oben genannten Rechte wenden Sie sich bitte an folgende E-Mail-Adresse: marketing@conexdist.ro<\/p>\n<h3>\u00c4nderungen der Datenschutzrichtlinie<\/h3>\n<p>Wir behalten uns das Recht vor, diese Datenschutzrichtlinie zu \u00e4ndern. Im Falle wesentlicher \u00c4nderungen in der Zukunft werden Sie per E-Mail (sofern m\u00f6glich) oder durch die Anzeige einer entsprechenden Mitteilung auf der Website informiert.<\/p>\n\t\t<\/div>\n\t\t\t\t\t<\/div>\n\n\t\n<\/div>","protected":false},"excerpt":{"rendered":"","protected":false},"author":2,"featured_media":0,"parent":0,"menu_order":0,"comment_status":"closed","ping_status":"closed","template":"page-blank.php","meta":{"footnotes":""},"class_list":["post-285","page","type-page","status-publish","hentry"],"_links":{"self":[{"href":"https:\/\/krossoil.ro\/de\/wp-json\/wp\/v2\/pages\/285","targetHints":{"allow":["GET"]}}],"collection":[{"href":"https:\/\/krossoil.ro\/de\/wp-json\/wp\/v2\/pages"}],"about":[{"href":"https:\/\/krossoil.ro\/de\/wp-json\/wp\/v2\/types\/page"}],"author":[{"embeddable":true,"href":"https:\/\/krossoil.ro\/de\/wp-json\/wp\/v2\/users\/2"}],"replies":[{"embeddable":true,"href":"https:\/\/krossoil.ro\/de\/wp-json\/wp\/v2\/comments?post=285"}],"version-history":[{"count":5,"href":"https:\/\/krossoil.ro\/de\/wp-json\/wp\/v2\/pages\/285\/revisions"}],"predecessor-version":[{"id":2403,"href":"https:\/\/krossoil.ro\/de\/wp-json\/wp\/v2\/pages\/285\/revisions\/2403"}],"wp:attachment":[{"href":"https:\/\/krossoil.ro\/de\/wp-json\/wp\/v2\/media?parent=285"}],"curies":[{"name":"wp","href":"https:\/\/api.w.org\/{rel}","templated":true}]}}