{"id":1219,"date":"2025-01-17T11:26:51","date_gmt":"2025-01-17T09:26:51","guid":{"rendered":"https:\/\/dev.krossoil.ro\/catalog\/fara-categorie\/diesel-detox-premium\/"},"modified":"2026-02-25T16:23:23","modified_gmt":"2026-02-25T14:23:23","slug":"diesel-detox-premium","status":"publish","type":"product","link":"https:\/\/krossoil.ro\/de\/catalog\/aditivi\/diesel-detox-premium\/","title":{"rendered":"DIESEL DETOX PREMIUM"},"content":{"rendered":"","protected":false},"excerpt":{"rendered":"<p>DIESEL DETOX PREMIUM ist ein hochwertiges Diesel-Systemreinigungs- und Regenerationsprodukt, das alle g\u00e4ngigen Probleme durch Ablagerungen in modernen Dieselmotoren beseitigt. Diesel Detox PREMIUM ist ein echtes Multifunktionsprodukt, das Ablagerungen im gesamten Kraftstoffsystem, einschlie\u00dflich Injektoren (innen und au\u00dfen), Ventilen und Brennraum, entfernt. Es erh\u00f6ht die Cetanzahl um bis zu 5 Punkte und schmiert die Dieselpumpe bei schwefelarmem Kraftstoff. Dies f\u00fchrt zu einer schnellen Wiederherstellung der Motorleistung und der Kraftstoffeffizienz.<\/p>","protected":false},"featured_media":445,"comment_status":"open","ping_status":"closed","template":"","meta":[],"product_brand":[],"product_cat":[67],"product_tag":[],"class_list":{"0":"post-1219","1":"product","2":"type-product","3":"status-publish","4":"has-post-thumbnail","6":"product_cat-aditivi","7":"pa_aplicabilitate-autoturisme","8":"pa_aplicabilitate-camioane","9":"pa_aplicabilitate-utilaje-agricole","10":"pa_aplicabilitate-utilaje-hidraulice","12":"first","13":"instock","14":"featured","15":"shipping-taxable","16":"product-type-simple"},"_links":{"self":[{"href":"https:\/\/krossoil.ro\/de\/wp-json\/wp\/v2\/product\/1219","targetHints":{"allow":["GET"]}}],"collection":[{"href":"https:\/\/krossoil.ro\/de\/wp-json\/wp\/v2\/product"}],"about":[{"href":"https:\/\/krossoil.ro\/de\/wp-json\/wp\/v2\/types\/product"}],"replies":[{"embeddable":true,"href":"https:\/\/krossoil.ro\/de\/wp-json\/wp\/v2\/comments?post=1219"}],"wp:featuredmedia":[{"embeddable":true,"href":"https:\/\/krossoil.ro\/de\/wp-json\/wp\/v2\/media\/445"}],"wp:attachment":[{"href":"https:\/\/krossoil.ro\/de\/wp-json\/wp\/v2\/media?parent=1219"}],"wp:term":[{"taxonomy":"product_brand","embeddable":true,"href":"https:\/\/krossoil.ro\/de\/wp-json\/wp\/v2\/product_brand?post=1219"},{"taxonomy":"product_cat","embeddable":true,"href":"https:\/\/krossoil.ro\/de\/wp-json\/wp\/v2\/product_cat?post=1219"},{"taxonomy":"product_tag","embeddable":true,"href":"https:\/\/krossoil.ro\/de\/wp-json\/wp\/v2\/product_tag?post=1219"}],"curies":[{"name":"wp","href":"https:\/\/api.w.org\/{rel}","templated":true}]}}