{"id":1227,"date":"2025-01-17T11:26:52","date_gmt":"2025-01-17T09:26:52","guid":{"rendered":"https:\/\/dev.krossoil.ro\/catalog\/fara-categorie\/dpf-cleaner\/"},"modified":"2026-02-25T16:23:24","modified_gmt":"2026-02-25T14:23:24","slug":"dpf-cleaner","status":"publish","type":"product","link":"https:\/\/krossoil.ro\/de\/catalog\/aditivi\/dpf-cleaner\/","title":{"rendered":"DPF CLEANER"},"content":{"rendered":"","protected":false},"excerpt":{"rendered":"<p>DPF CLEANER ist ein Dieseladditiv auf Basis von Ceroxid-Nanopartikeln, das als Katalysator f\u00fcr die Regeneration von Dieselpartikelfiltern dient. DPF Cleaner &amp; Regenerator Premium senkt die Z\u00fcndtemperatur des im Dieselpartikelfilter angesammelten Ru\u00dfes und optimiert dessen periodische Verbrennung. Die einzigartige Kombination aus einem sauberen Kraftstoffsystem, einer saubereren Verbrennung mit geringeren Emissionen und katalysierten Ru\u00dfpartikeln reinigt und hilft, den DPF, den Katalysator, das Abgasr\u00fcckf\u00fchrungssystem (EGR) sowie den Turbolader und dessen variablen Leitschaufeln frei von Ablagerungen zu halten.<\/p>","protected":false},"featured_media":450,"comment_status":"open","ping_status":"closed","template":"","meta":[],"product_brand":[],"product_cat":[67],"product_tag":[],"class_list":{"0":"post-1227","1":"product","2":"type-product","3":"status-publish","4":"has-post-thumbnail","6":"product_cat-aditivi","7":"pa_aplicabilitate-autoturisme","8":"pa_aplicabilitate-camioane","9":"pa_aplicabilitate-utilaje-agricole","10":"pa_aplicabilitate-utilaje-hidraulice","12":"first","13":"instock","14":"featured","15":"shipping-taxable","16":"product-type-simple"},"_links":{"self":[{"href":"https:\/\/krossoil.ro\/de\/wp-json\/wp\/v2\/product\/1227","targetHints":{"allow":["GET"]}}],"collection":[{"href":"https:\/\/krossoil.ro\/de\/wp-json\/wp\/v2\/product"}],"about":[{"href":"https:\/\/krossoil.ro\/de\/wp-json\/wp\/v2\/types\/product"}],"replies":[{"embeddable":true,"href":"https:\/\/krossoil.ro\/de\/wp-json\/wp\/v2\/comments?post=1227"}],"wp:featuredmedia":[{"embeddable":true,"href":"https:\/\/krossoil.ro\/de\/wp-json\/wp\/v2\/media\/450"}],"wp:attachment":[{"href":"https:\/\/krossoil.ro\/de\/wp-json\/wp\/v2\/media?parent=1227"}],"wp:term":[{"taxonomy":"product_brand","embeddable":true,"href":"https:\/\/krossoil.ro\/de\/wp-json\/wp\/v2\/product_brand?post=1227"},{"taxonomy":"product_cat","embeddable":true,"href":"https:\/\/krossoil.ro\/de\/wp-json\/wp\/v2\/product_cat?post=1227"},{"taxonomy":"product_tag","embeddable":true,"href":"https:\/\/krossoil.ro\/de\/wp-json\/wp\/v2\/product_tag?post=1227"}],"curies":[{"name":"wp","href":"https:\/\/api.w.org\/{rel}","templated":true}]}}