{"id":1229,"date":"2025-01-17T11:26:52","date_gmt":"2025-01-17T09:26:52","guid":{"rendered":"https:\/\/dev.krossoil.ro\/catalog\/fara-categorie\/agro-utto-10w-30\/"},"modified":"2026-03-20T10:59:15","modified_gmt":"2026-03-20T08:59:15","slug":"agro-utto-10w-30","status":"publish","type":"product","link":"https:\/\/krossoil.ro\/de\/catalog\/utilaje-agricole\/agro-utto-10w-30\/","title":{"rendered":"AGRO-UTTO 10W-30"},"content":{"rendered":"","protected":false},"excerpt":{"rendered":"<p>AGRO-UTTO 10W-30 wurde speziell entwickelt, um die Anforderungen moderner Ger\u00e4tehersteller zu erf\u00fcllen, insbesondere die von Nassbremssystemen. Die geringe Viskosit\u00e4tsschwankung erm\u00f6glicht den ganzj\u00e4hrigen Einsatz dieses Schmierstoffs in einem weiten Temperaturbereich. Seine optimale Oxidationsstabilit\u00e4t gew\u00e4hrleistet eine l\u00e4ngere Lebensdauer und senkt somit die Kosten erheblich.<\/p>","protected":false},"featured_media":2473,"comment_status":"open","ping_status":"closed","template":"","meta":[],"product_brand":[],"product_cat":[71],"product_tag":[],"class_list":{"0":"post-1229","1":"product","2":"type-product","3":"status-publish","4":"has-post-thumbnail","6":"product_cat-utilaje-agricole","7":"pa_aplicabilitate-utilaje-agricole","8":"pa_aplicabilitate-utilaje-hidraulice","10":"first","11":"instock","12":"shipping-taxable","13":"product-type-simple"},"_links":{"self":[{"href":"https:\/\/krossoil.ro\/de\/wp-json\/wp\/v2\/product\/1229","targetHints":{"allow":["GET"]}}],"collection":[{"href":"https:\/\/krossoil.ro\/de\/wp-json\/wp\/v2\/product"}],"about":[{"href":"https:\/\/krossoil.ro\/de\/wp-json\/wp\/v2\/types\/product"}],"replies":[{"embeddable":true,"href":"https:\/\/krossoil.ro\/de\/wp-json\/wp\/v2\/comments?post=1229"}],"wp:featuredmedia":[{"embeddable":true,"href":"https:\/\/krossoil.ro\/de\/wp-json\/wp\/v2\/media\/2473"}],"wp:attachment":[{"href":"https:\/\/krossoil.ro\/de\/wp-json\/wp\/v2\/media?parent=1229"}],"wp:term":[{"taxonomy":"product_brand","embeddable":true,"href":"https:\/\/krossoil.ro\/de\/wp-json\/wp\/v2\/product_brand?post=1229"},{"taxonomy":"product_cat","embeddable":true,"href":"https:\/\/krossoil.ro\/de\/wp-json\/wp\/v2\/product_cat?post=1229"},{"taxonomy":"product_tag","embeddable":true,"href":"https:\/\/krossoil.ro\/de\/wp-json\/wp\/v2\/product_tag?post=1229"}],"curies":[{"name":"wp","href":"https:\/\/api.w.org\/{rel}","templated":true}]}}