{"id":1238,"date":"2025-01-17T11:26:52","date_gmt":"2025-01-17T09:26:52","guid":{"rendered":"https:\/\/dev.krossoil.ro\/catalog\/fara-categorie\/innova-0w20-ll\/"},"modified":"2026-02-25T16:23:24","modified_gmt":"2026-02-25T14:23:24","slug":"innova-0w20-ll","status":"publish","type":"product","link":"https:\/\/krossoil.ro\/de\/catalog\/autoturisme\/ulei-pentru-motor-auto\/innova-0w20-ll\/","title":{"rendered":"INNOVA 0W20 LL"},"content":{"rendered":"","protected":false},"excerpt":{"rendered":"<p>INNOVA 0W20 LL ist ein vollsynthetisches Motor\u00f6l, das mit hochviskosen Grund\u00f6len und einer ausgewogenen Mischung fortschrittlicher Additive formuliert wurde. Dank seiner innovativen Formel bietet INNOVA 0W20 LL hervorragenden Verschlei\u00dfschutz, au\u00dfergew\u00f6hnliche Hochtemperaturbest\u00e4ndigkeit und verbesserte Kaltstarteigenschaften. Dar\u00fcber hinaus tr\u00e4gt dieses Motor\u00f6l zur Verl\u00e4ngerung der Lebensdauer von Partikelfiltern bei.<\/p>","protected":false},"featured_media":2282,"comment_status":"open","ping_status":"closed","template":"","meta":[],"product_brand":[],"product_cat":[76],"product_tag":[],"class_list":{"0":"post-1238","1":"product","2":"type-product","3":"status-publish","4":"has-post-thumbnail","6":"product_cat-ulei-pentru-motor-auto","7":"pa_aplicabilitate-autoturisme","9":"first","10":"instock","11":"shipping-taxable","12":"product-type-simple"},"_links":{"self":[{"href":"https:\/\/krossoil.ro\/de\/wp-json\/wp\/v2\/product\/1238","targetHints":{"allow":["GET"]}}],"collection":[{"href":"https:\/\/krossoil.ro\/de\/wp-json\/wp\/v2\/product"}],"about":[{"href":"https:\/\/krossoil.ro\/de\/wp-json\/wp\/v2\/types\/product"}],"replies":[{"embeddable":true,"href":"https:\/\/krossoil.ro\/de\/wp-json\/wp\/v2\/comments?post=1238"}],"wp:featuredmedia":[{"embeddable":true,"href":"https:\/\/krossoil.ro\/de\/wp-json\/wp\/v2\/media\/2282"}],"wp:attachment":[{"href":"https:\/\/krossoil.ro\/de\/wp-json\/wp\/v2\/media?parent=1238"}],"wp:term":[{"taxonomy":"product_brand","embeddable":true,"href":"https:\/\/krossoil.ro\/de\/wp-json\/wp\/v2\/product_brand?post=1238"},{"taxonomy":"product_cat","embeddable":true,"href":"https:\/\/krossoil.ro\/de\/wp-json\/wp\/v2\/product_cat?post=1238"},{"taxonomy":"product_tag","embeddable":true,"href":"https:\/\/krossoil.ro\/de\/wp-json\/wp\/v2\/product_tag?post=1238"}],"curies":[{"name":"wp","href":"https:\/\/api.w.org\/{rel}","templated":true}]}}