{"id":1241,"date":"2025-01-17T11:26:53","date_gmt":"2025-01-17T09:26:53","guid":{"rendered":"https:\/\/dev.krossoil.ro\/catalog\/fara-categorie\/exeo-5w30-gf-6a-fe\/"},"modified":"2026-02-25T16:23:24","modified_gmt":"2026-02-25T14:23:24","slug":"exeo-5w30-gf-6a-fe","status":"publish","type":"product","link":"https:\/\/krossoil.ro\/de\/catalog\/autoturisme\/ulei-pentru-motor-auto\/exeo-5w30-gf-6a-fe\/","title":{"rendered":"EXEO 5W30 GF-6A FE"},"content":{"rendered":"","protected":false},"excerpt":{"rendered":"<p>Dank seiner fortschrittlichen Zusammensetzung erf\u00fcllt EXEO 5W30 GF-6A FE den API SP-RC \u201eResource Conserving\u201c-Standard, der noch strengere Anforderungen an die Energieeinsparung stellt. EXEO 5W30 GF-6A bietet eine au\u00dfergew\u00f6hnliche Oxidationsbest\u00e4ndigkeit, verbesserten Schutz vor Ablagerungen und Verschlei\u00df sowie eine optimierte Leistung bei niedrigen Temperaturen f\u00fcr eine gleichbleibende Kraftstoffersparnis \u00fcber die gesamte Lebensdauer des \u00d6ls.<\/p>","protected":false},"featured_media":2285,"comment_status":"open","ping_status":"closed","template":"","meta":[],"product_brand":[],"product_cat":[76],"product_tag":[],"class_list":{"0":"post-1241","1":"product","2":"type-product","3":"status-publish","4":"has-post-thumbnail","6":"product_cat-ulei-pentru-motor-auto","7":"pa_aplicabilitate-autoturisme","9":"first","10":"instock","11":"shipping-taxable","12":"product-type-simple"},"_links":{"self":[{"href":"https:\/\/krossoil.ro\/de\/wp-json\/wp\/v2\/product\/1241","targetHints":{"allow":["GET"]}}],"collection":[{"href":"https:\/\/krossoil.ro\/de\/wp-json\/wp\/v2\/product"}],"about":[{"href":"https:\/\/krossoil.ro\/de\/wp-json\/wp\/v2\/types\/product"}],"replies":[{"embeddable":true,"href":"https:\/\/krossoil.ro\/de\/wp-json\/wp\/v2\/comments?post=1241"}],"wp:featuredmedia":[{"embeddable":true,"href":"https:\/\/krossoil.ro\/de\/wp-json\/wp\/v2\/media\/2285"}],"wp:attachment":[{"href":"https:\/\/krossoil.ro\/de\/wp-json\/wp\/v2\/media?parent=1241"}],"wp:term":[{"taxonomy":"product_brand","embeddable":true,"href":"https:\/\/krossoil.ro\/de\/wp-json\/wp\/v2\/product_brand?post=1241"},{"taxonomy":"product_cat","embeddable":true,"href":"https:\/\/krossoil.ro\/de\/wp-json\/wp\/v2\/product_cat?post=1241"},{"taxonomy":"product_tag","embeddable":true,"href":"https:\/\/krossoil.ro\/de\/wp-json\/wp\/v2\/product_tag?post=1241"}],"curies":[{"name":"wp","href":"https:\/\/api.w.org\/{rel}","templated":true}]}}