{"id":1260,"date":"2025-01-17T11:26:55","date_gmt":"2025-01-17T09:26:55","guid":{"rendered":"https:\/\/dev.krossoil.ro\/catalog\/uncategorized\/atf-dx-vi\/"},"modified":"2026-02-25T16:23:26","modified_gmt":"2026-02-25T14:23:26","slug":"atf-dx-vi","status":"publish","type":"product","link":"https:\/\/krossoil.ro\/de\/catalog\/autoturisme\/ulei-pentru-transmisie-auto\/atf-dx-vi\/","title":{"rendered":"ATF DX-VI"},"content":{"rendered":"","protected":false},"excerpt":{"rendered":"<p>ATF DX-VI ist ein synthetisches \u00d6l, das speziell entwickelt wurde, um die Anforderungen von Automatikgetrieben zu erf\u00fcllen, die ein ATF mit niedriger Viskosit\u00e4t ben\u00f6tigen. Aufgrund seines niedrigen Flie\u00dfpunkts und der geringen Temperaturabh\u00e4ngigkeit kann es in einem weiten Temperaturbereich eingesetzt werden. Seine niedrige Viskosit\u00e4t tr\u00e4gt im Vergleich zu herk\u00f6mmlichen ATFs zur Kraftstoffeinsparung bei.<\/p>","protected":false},"featured_media":436,"comment_status":"open","ping_status":"closed","template":"","meta":[],"product_brand":[],"product_cat":[78],"product_tag":[],"class_list":{"0":"post-1260","1":"product","2":"type-product","3":"status-publish","4":"has-post-thumbnail","6":"product_cat-ulei-pentru-transmisie-auto","7":"pa_aplicabilitate-autoturisme","8":"pa_aplicabilitate-camioane","10":"first","11":"instock","12":"shipping-taxable","13":"product-type-simple"},"_links":{"self":[{"href":"https:\/\/krossoil.ro\/de\/wp-json\/wp\/v2\/product\/1260","targetHints":{"allow":["GET"]}}],"collection":[{"href":"https:\/\/krossoil.ro\/de\/wp-json\/wp\/v2\/product"}],"about":[{"href":"https:\/\/krossoil.ro\/de\/wp-json\/wp\/v2\/types\/product"}],"replies":[{"embeddable":true,"href":"https:\/\/krossoil.ro\/de\/wp-json\/wp\/v2\/comments?post=1260"}],"wp:featuredmedia":[{"embeddable":true,"href":"https:\/\/krossoil.ro\/de\/wp-json\/wp\/v2\/media\/436"}],"wp:attachment":[{"href":"https:\/\/krossoil.ro\/de\/wp-json\/wp\/v2\/media?parent=1260"}],"wp:term":[{"taxonomy":"product_brand","embeddable":true,"href":"https:\/\/krossoil.ro\/de\/wp-json\/wp\/v2\/product_brand?post=1260"},{"taxonomy":"product_cat","embeddable":true,"href":"https:\/\/krossoil.ro\/de\/wp-json\/wp\/v2\/product_cat?post=1260"},{"taxonomy":"product_tag","embeddable":true,"href":"https:\/\/krossoil.ro\/de\/wp-json\/wp\/v2\/product_tag?post=1260"}],"curies":[{"name":"wp","href":"https:\/\/api.w.org\/{rel}","templated":true}]}}