{"id":1263,"date":"2025-01-17T11:26:55","date_gmt":"2025-01-17T09:26:55","guid":{"rendered":"https:\/\/dev.krossoil.ro\/catalog\/uncategorized\/kross-li-ca-2\/"},"modified":"2026-02-25T16:23:26","modified_gmt":"2026-02-25T14:23:26","slug":"kross-li-ca-2","status":"publish","type":"product","link":"https:\/\/krossoil.ro\/de\/catalog\/unsori\/kross-li-ca-2\/","title":{"rendered":"UNSOARE LI CA-2"},"content":{"rendered":"","protected":false},"excerpt":{"rendered":"<p>Mehrzweckfett mit Lithium- und Kalziumverdickung f\u00fcr extreme Druckbelastungen (EP). Das KROSS LI Ca-2 Fett bietet au\u00dferdem eine hohe Best\u00e4ndigkeit gegen Auswaschung durch Wasser und sch\u00fctzt geschmierte Teile vor Verschlei\u00df und Korrosion. Dieses Fett wird zur Schmierung von Gleit- und W\u00e4lzlagern empfohlen, die unter hoher Belastung und\/oder in feuchter Umgebung arbeiten.<\/p>","protected":false},"featured_media":440,"comment_status":"open","ping_status":"closed","template":"","meta":[],"product_brand":[],"product_cat":[74],"product_tag":[],"class_list":{"0":"post-1263","1":"product","2":"type-product","3":"status-publish","4":"has-post-thumbnail","6":"product_cat-unsori","7":"pa_aplicabilitate-autoturisme","8":"pa_aplicabilitate-camioane","9":"pa_aplicabilitate-motociclete","10":"pa_aplicabilitate-utilaje-agricole","11":"pa_aplicabilitate-utilaje-hidraulice","13":"first","14":"instock","15":"featured","16":"shipping-taxable","17":"product-type-simple"},"_links":{"self":[{"href":"https:\/\/krossoil.ro\/de\/wp-json\/wp\/v2\/product\/1263","targetHints":{"allow":["GET"]}}],"collection":[{"href":"https:\/\/krossoil.ro\/de\/wp-json\/wp\/v2\/product"}],"about":[{"href":"https:\/\/krossoil.ro\/de\/wp-json\/wp\/v2\/types\/product"}],"replies":[{"embeddable":true,"href":"https:\/\/krossoil.ro\/de\/wp-json\/wp\/v2\/comments?post=1263"}],"wp:featuredmedia":[{"embeddable":true,"href":"https:\/\/krossoil.ro\/de\/wp-json\/wp\/v2\/media\/440"}],"wp:attachment":[{"href":"https:\/\/krossoil.ro\/de\/wp-json\/wp\/v2\/media?parent=1263"}],"wp:term":[{"taxonomy":"product_brand","embeddable":true,"href":"https:\/\/krossoil.ro\/de\/wp-json\/wp\/v2\/product_brand?post=1263"},{"taxonomy":"product_cat","embeddable":true,"href":"https:\/\/krossoil.ro\/de\/wp-json\/wp\/v2\/product_cat?post=1263"},{"taxonomy":"product_tag","embeddable":true,"href":"https:\/\/krossoil.ro\/de\/wp-json\/wp\/v2\/product_tag?post=1263"}],"curies":[{"name":"wp","href":"https:\/\/api.w.org\/{rel}","templated":true}]}}