{"id":1283,"date":"2025-01-17T11:26:58","date_gmt":"2025-01-17T09:26:58","guid":{"rendered":"https:\/\/dev.krossoil.ro\/catalog\/uncategorized\/copper-grease\/"},"modified":"2026-02-25T16:23:27","modified_gmt":"2026-02-25T14:23:27","slug":"copper-grease","status":"publish","type":"product","link":"https:\/\/krossoil.ro\/de\/catalog\/spray-uri-tehnice\/copper-grease\/","title":{"rendered":"COPPER GREASE"},"content":{"rendered":"","protected":false},"excerpt":{"rendered":"<p>COPPER GREASE ist eine hochwertige, universell einsetzbare Montagepaste, die f\u00fcr Automobil-, Marine- und Industrieanwendungen unter extremen Bedingungen verwendet werden kann. COPPER GREASE bildet einen dauerhaften Schmierfilm mit thermischer Stabilit\u00e4t zwischen -40\u00b0C und +1.100\u00b0C. Sie vereinfacht das Montieren und Demontieren aller Schraubverbindungen und verhindert Festfressen, Verschmelzen oder Verschwei\u00dfen. Sie bietet langfristigen Schutz f\u00fcr Teile, die hohem Druck, hohen Temperaturen und korrosiven Einfl\u00fcssen ausgesetzt sind. Sie sch\u00fctzt Schraubverbindungen vor S\u00e4uren, Wasser, Salz und Witterungseinfl\u00fcssen.<\/p>","protected":false},"featured_media":473,"comment_status":"open","ping_status":"closed","template":"","meta":[],"product_brand":[],"product_cat":[73],"product_tag":[],"class_list":{"0":"post-1283","1":"product","2":"type-product","3":"status-publish","4":"has-post-thumbnail","6":"product_cat-spray-uri-tehnice","7":"pa_aplicabilitate-autoturisme","8":"pa_aplicabilitate-camioane","9":"pa_aplicabilitate-motociclete","10":"pa_aplicabilitate-utilaje-agricole","11":"pa_aplicabilitate-utilaje-hidraulice","13":"first","14":"instock","15":"featured","16":"shipping-taxable","17":"product-type-simple"},"_links":{"self":[{"href":"https:\/\/krossoil.ro\/de\/wp-json\/wp\/v2\/product\/1283","targetHints":{"allow":["GET"]}}],"collection":[{"href":"https:\/\/krossoil.ro\/de\/wp-json\/wp\/v2\/product"}],"about":[{"href":"https:\/\/krossoil.ro\/de\/wp-json\/wp\/v2\/types\/product"}],"replies":[{"embeddable":true,"href":"https:\/\/krossoil.ro\/de\/wp-json\/wp\/v2\/comments?post=1283"}],"wp:featuredmedia":[{"embeddable":true,"href":"https:\/\/krossoil.ro\/de\/wp-json\/wp\/v2\/media\/473"}],"wp:attachment":[{"href":"https:\/\/krossoil.ro\/de\/wp-json\/wp\/v2\/media?parent=1283"}],"wp:term":[{"taxonomy":"product_brand","embeddable":true,"href":"https:\/\/krossoil.ro\/de\/wp-json\/wp\/v2\/product_brand?post=1283"},{"taxonomy":"product_cat","embeddable":true,"href":"https:\/\/krossoil.ro\/de\/wp-json\/wp\/v2\/product_cat?post=1283"},{"taxonomy":"product_tag","embeddable":true,"href":"https:\/\/krossoil.ro\/de\/wp-json\/wp\/v2\/product_tag?post=1283"}],"curies":[{"name":"wp","href":"https:\/\/api.w.org\/{rel}","templated":true}]}}