{"id":2449,"date":"2026-02-19T15:51:55","date_gmt":"2026-02-19T13:51:55","guid":{"rendered":"https:\/\/krossoil.ro\/?post_type=product&#038;p=2449"},"modified":"2026-02-25T16:23:27","modified_gmt":"2026-02-25T14:23:27","slug":"nordis-g12-type-d","status":"publish","type":"product","link":"https:\/\/krossoil.ro\/de\/catalog\/antigeluri\/nordis-g12-type-d\/","title":{"rendered":"NORDIS G12 TYPE-D"},"content":{"rendered":"","protected":false},"excerpt":{"rendered":"<p>KROSS NORDIS G12 TYP D \u2013 konzentriertes K\u00fchlerfrostschutzmittel der neuesten Generation mit OAT-Technologie (silikatfrei). Bietet umfassenden Schutz vor Frost (bis \u221230 \u00b0C), \u00dcberhitzung und Korrosion mit einer verl\u00e4ngerten Lebensdauer von \u00fcber 100.000 km.<\/p>","protected":false},"featured_media":2450,"comment_status":"closed","ping_status":"closed","template":"","meta":[],"product_brand":[],"product_cat":[673],"product_tag":[],"class_list":{"0":"post-2449","1":"product","2":"type-product","3":"status-publish","4":"has-post-thumbnail","6":"product_cat-antigeluri","7":"pa_aplicabilitate-autoturisme","8":"pa_aplicabilitate-camioane","9":"pa_aplicabilitate-utilaje-agricole","11":"first","12":"instock","13":"shipping-taxable","14":"product-type-simple"},"_links":{"self":[{"href":"https:\/\/krossoil.ro\/de\/wp-json\/wp\/v2\/product\/2449","targetHints":{"allow":["GET"]}}],"collection":[{"href":"https:\/\/krossoil.ro\/de\/wp-json\/wp\/v2\/product"}],"about":[{"href":"https:\/\/krossoil.ro\/de\/wp-json\/wp\/v2\/types\/product"}],"replies":[{"embeddable":true,"href":"https:\/\/krossoil.ro\/de\/wp-json\/wp\/v2\/comments?post=2449"}],"wp:featuredmedia":[{"embeddable":true,"href":"https:\/\/krossoil.ro\/de\/wp-json\/wp\/v2\/media\/2450"}],"wp:attachment":[{"href":"https:\/\/krossoil.ro\/de\/wp-json\/wp\/v2\/media?parent=2449"}],"wp:term":[{"taxonomy":"product_brand","embeddable":true,"href":"https:\/\/krossoil.ro\/de\/wp-json\/wp\/v2\/product_brand?post=2449"},{"taxonomy":"product_cat","embeddable":true,"href":"https:\/\/krossoil.ro\/de\/wp-json\/wp\/v2\/product_cat?post=2449"},{"taxonomy":"product_tag","embeddable":true,"href":"https:\/\/krossoil.ro\/de\/wp-json\/wp\/v2\/product_tag?post=2449"}],"curies":[{"name":"wp","href":"https:\/\/api.w.org\/{rel}","templated":true}]}}