{"id":1264,"date":"2025-01-17T11:26:56","date_gmt":"2025-01-17T09:26:56","guid":{"rendered":"https:\/\/dev.krossoil.ro\/catalog\/uncategorized\/kross-li-ep-2\/"},"modified":"2026-02-25T16:23:26","modified_gmt":"2026-02-25T14:23:26","slug":"kross-li-ep-2","status":"publish","type":"product","link":"https:\/\/krossoil.ro\/en\/catalog\/unsori\/kross-li-ep-2\/","title":{"rendered":"UNSOARE LI EP-2"},"content":{"rendered":"","protected":false},"excerpt":{"rendered":"<p>Unsoarea LI EP-2 este o unsoare lubrifiant\u0103 multifunc\u021bional\u0103 pentru presiuni extreme (EP), bazat\u0103 pe un agent de \u00eengro\u0219are pe baz\u0103 de s\u0103pun de litiu 12-hidroxistearat \u0219i ulei mineral de baz\u0103 de \u00eenalt\u0103 calitate. Aceast\u0103 unsoare con\u021bine antioxidan\u021bi, inhibitori de rugin\u0103 \u0219i coroziune \u0219i aditivi pentru presiune extrem\u0103\/antiuzur\u0103.<\/p>","protected":false},"featured_media":441,"comment_status":"open","ping_status":"closed","template":"","meta":[],"product_brand":[],"product_cat":[74],"product_tag":[],"class_list":{"0":"post-1264","1":"product","2":"type-product","3":"status-publish","4":"has-post-thumbnail","6":"product_cat-unsori","7":"pa_aplicabilitate-autoturisme","8":"pa_aplicabilitate-camioane","9":"pa_aplicabilitate-motociclete","10":"pa_aplicabilitate-utilaje-agricole","11":"pa_aplicabilitate-utilaje-hidraulice","13":"first","14":"instock","15":"featured","16":"shipping-taxable","17":"product-type-simple"},"_links":{"self":[{"href":"https:\/\/krossoil.ro\/en\/wp-json\/wp\/v2\/product\/1264","targetHints":{"allow":["GET"]}}],"collection":[{"href":"https:\/\/krossoil.ro\/en\/wp-json\/wp\/v2\/product"}],"about":[{"href":"https:\/\/krossoil.ro\/en\/wp-json\/wp\/v2\/types\/product"}],"replies":[{"embeddable":true,"href":"https:\/\/krossoil.ro\/en\/wp-json\/wp\/v2\/comments?post=1264"}],"wp:featuredmedia":[{"embeddable":true,"href":"https:\/\/krossoil.ro\/en\/wp-json\/wp\/v2\/media\/441"}],"wp:attachment":[{"href":"https:\/\/krossoil.ro\/en\/wp-json\/wp\/v2\/media?parent=1264"}],"wp:term":[{"taxonomy":"product_brand","embeddable":true,"href":"https:\/\/krossoil.ro\/en\/wp-json\/wp\/v2\/product_brand?post=1264"},{"taxonomy":"product_cat","embeddable":true,"href":"https:\/\/krossoil.ro\/en\/wp-json\/wp\/v2\/product_cat?post=1264"},{"taxonomy":"product_tag","embeddable":true,"href":"https:\/\/krossoil.ro\/en\/wp-json\/wp\/v2\/product_tag?post=1264"}],"curies":[{"name":"wp","href":"https:\/\/api.w.org\/{rel}","templated":true}]}}