{"id":1265,"date":"2025-01-17T11:26:56","date_gmt":"2025-01-17T09:26:56","guid":{"rendered":"https:\/\/dev.krossoil.ro\/catalog\/uncategorized\/kross-lix-ep-2\/"},"modified":"2026-02-25T16:23:26","modified_gmt":"2026-02-25T14:23:26","slug":"kross-lix-ep-2","status":"publish","type":"product","link":"https:\/\/krossoil.ro\/en\/catalog\/unsori\/kross-lix-ep-2\/","title":{"rendered":"UNSOARE LIX EP-2"},"content":{"rendered":"","protected":false},"excerpt":{"rendered":"<p>Unsoarea LIX EP-2 este o unsoare lubrifiant\u0103 de \u00eenalt\u0103 performan\u021b\u0103, pentru temperaturi ridicate \u0219i presiuni extreme [EP], bazat\u0103 pe un agent de \u00eengro\u0219are complex de litiu \u0219i uleiuri minerale de baz\u0103 de \u00eenalt\u0103 calitate. Con\u021bine cei mai noi aditivi de \u00eenalt\u0103 tehnologie, care ofer\u0103 unsorii echilibrul corect al caracteristicilor de performan\u021b\u0103. Stabilitatea foarte bun\u0103 la oxidare, prevenirea ruginii \u0219i a coroziunii, performan\u021ba superioar\u0103 antiuzur\u0103 [AW] \u0219i presiune extrem\u0103 [EP], precum \u0219i rezisten\u021ba excelent\u0103 la ap\u0103 ofer\u0103 o protec\u021bie fiabil\u0103 a echipamentului \u00een condi\u021bii de func\u021bionare dificile.<\/p>\n","protected":false},"featured_media":442,"comment_status":"open","ping_status":"closed","template":"","meta":[],"product_brand":[],"product_cat":[74],"product_tag":[],"class_list":{"0":"post-1265","1":"product","2":"type-product","3":"status-publish","4":"has-post-thumbnail","6":"product_cat-unsori","7":"pa_aplicabilitate-autoturisme","8":"pa_aplicabilitate-camioane","9":"pa_aplicabilitate-motociclete","10":"pa_aplicabilitate-utilaje-agricole","11":"pa_aplicabilitate-utilaje-hidraulice","13":"first","14":"instock","15":"featured","16":"shipping-taxable","17":"product-type-simple"},"_links":{"self":[{"href":"https:\/\/krossoil.ro\/en\/wp-json\/wp\/v2\/product\/1265","targetHints":{"allow":["GET"]}}],"collection":[{"href":"https:\/\/krossoil.ro\/en\/wp-json\/wp\/v2\/product"}],"about":[{"href":"https:\/\/krossoil.ro\/en\/wp-json\/wp\/v2\/types\/product"}],"replies":[{"embeddable":true,"href":"https:\/\/krossoil.ro\/en\/wp-json\/wp\/v2\/comments?post=1265"}],"wp:featuredmedia":[{"embeddable":true,"href":"https:\/\/krossoil.ro\/en\/wp-json\/wp\/v2\/media\/442"}],"wp:attachment":[{"href":"https:\/\/krossoil.ro\/en\/wp-json\/wp\/v2\/media?parent=1265"}],"wp:term":[{"taxonomy":"product_brand","embeddable":true,"href":"https:\/\/krossoil.ro\/en\/wp-json\/wp\/v2\/product_brand?post=1265"},{"taxonomy":"product_cat","embeddable":true,"href":"https:\/\/krossoil.ro\/en\/wp-json\/wp\/v2\/product_cat?post=1265"},{"taxonomy":"product_tag","embeddable":true,"href":"https:\/\/krossoil.ro\/en\/wp-json\/wp\/v2\/product_tag?post=1265"}],"curies":[{"name":"wp","href":"https:\/\/api.w.org\/{rel}","templated":true}]}}