{"id":2212,"date":"2025-06-02T12:06:43","date_gmt":"2025-06-02T10:06:43","guid":{"rendered":"https:\/\/krossoil.ro\/?post_type=product&#038;p=2212"},"modified":"2026-02-25T16:23:27","modified_gmt":"2026-02-25T14:23:27","slug":"innova-0w20-hybrid-fs","status":"publish","type":"product","link":"https:\/\/krossoil.ro\/en\/catalog\/autoturisme\/ulei-pentru-motor-auto\/innova-0w20-hybrid-fs\/","title":{"rendered":"INNOVA 0W20 HYBRID-FS"},"content":{"rendered":"<p>INNOVA 0W20 HYBRID-FS este un lubrifiant complet sintetic, formulat pentru a oferi o economie ridicat\u0103 de combustibil \u0219i protec\u021bie excelent\u0103 a motorului \u00eempotriva uzurii \u0219i depunerilor. Datorit\u0103 v\u00e2scozit\u0103\u021bii sale extrem de sc\u0103zute, este potrivit pentru utilizare pe tot parcursul anului, inclusiv la temperaturi foarte sc\u0103zute \u00een timpul iernii.<\/p>","protected":false},"excerpt":{"rendered":"<p>INNOVA 0W20 HYBRID-FS este un lubrifiant complet sintetic, formulat pentru a oferi o economie ridicat\u0103 de combustibil \u0219i protec\u021bie excelent\u0103 a motorului \u00eempotriva uzurii \u0219i depunerilor. Datorit\u0103 v\u00e2scozit\u0103\u021bii sale extrem de sc\u0103zute, este potrivit pentru utilizare pe tot parcursul anului, inclusiv la temperaturi foarte sc\u0103zute \u00een timpul iernii.<\/p>","protected":false},"featured_media":2276,"comment_status":"closed","ping_status":"closed","template":"","meta":[],"product_brand":[],"product_cat":[68,76],"product_tag":[],"class_list":{"0":"post-2212","1":"product","2":"type-product","3":"status-publish","4":"has-post-thumbnail","6":"product_cat-autoturisme","7":"product_cat-ulei-pentru-motor-auto","8":"pa_aplicabilitate-autoturisme","10":"first","11":"instock","12":"shipping-taxable","13":"product-type-simple"},"_links":{"self":[{"href":"https:\/\/krossoil.ro\/en\/wp-json\/wp\/v2\/product\/2212","targetHints":{"allow":["GET"]}}],"collection":[{"href":"https:\/\/krossoil.ro\/en\/wp-json\/wp\/v2\/product"}],"about":[{"href":"https:\/\/krossoil.ro\/en\/wp-json\/wp\/v2\/types\/product"}],"replies":[{"embeddable":true,"href":"https:\/\/krossoil.ro\/en\/wp-json\/wp\/v2\/comments?post=2212"}],"wp:featuredmedia":[{"embeddable":true,"href":"https:\/\/krossoil.ro\/en\/wp-json\/wp\/v2\/media\/2276"}],"wp:attachment":[{"href":"https:\/\/krossoil.ro\/en\/wp-json\/wp\/v2\/media?parent=2212"}],"wp:term":[{"taxonomy":"product_brand","embeddable":true,"href":"https:\/\/krossoil.ro\/en\/wp-json\/wp\/v2\/product_brand?post=2212"},{"taxonomy":"product_cat","embeddable":true,"href":"https:\/\/krossoil.ro\/en\/wp-json\/wp\/v2\/product_cat?post=2212"},{"taxonomy":"product_tag","embeddable":true,"href":"https:\/\/krossoil.ro\/en\/wp-json\/wp\/v2\/product_tag?post=2212"}],"curies":[{"name":"wp","href":"https:\/\/api.w.org\/{rel}","templated":true}]}}