{"id":181,"date":"2025-01-10T08:01:10","date_gmt":"2025-01-10T06:01:10","guid":{"rendered":"https:\/\/dev.krossoil.ro\/?page_id=181"},"modified":"2025-01-28T15:44:05","modified_gmt":"2025-01-28T13:44:05","slug":"despre","status":"publish","type":"page","link":"https:\/\/krossoil.ro\/fr\/despre\/","title":{"rendered":"\u00c0 propos"},"content":{"rendered":"<section class=\"section hide-for-medium\" id=\"section_773903121\">\n\t\t<div class=\"section-bg fill\" >\n\t\t\t\t\t\t\t<div class=\"video-overlay no-click fill hide-for-medium\"><\/div>\n\t<video class=\"video-bg fill hide-for-medium\" preload playsinline autoplay muted loop>\n\t\t<source src=\"https:\/\/krossoil.ro\/wp-content\/uploads\/2025\/01\/Kross_gif-online-video-cutter.com_.mp4\" type=\"video\/mp4\">\t<\/video>\n\t\t\t\n\t\t\t\n\n\t\t<\/div>\n\n\t\t\n\n\t\t<div class=\"section-content relative\">\n\t\t\t\n\t\t<\/div>\n\n\t\t\n<style>\n#section_773903121 {\n  padding-top: 30px;\n  padding-bottom: 30px;\n  min-height: 70vh;\n  background-color: rgb(0,0,0);\n}\n<\/style>\n\t<\/section>\n\t\n\n\t<section class=\"section\" id=\"section_1498369973\">\n\t\t<div class=\"section-bg fill\" >\n\t\t\t\t\t\t\t\t\t\n\t\t\t\n\n\t\t<\/div>\n\n\t\t\n\n\t\t<div class=\"section-content relative\">\n\t\t\t\n<div class=\"row\"  id=\"row-898233461\">\n\n\t<div id=\"col-76215161\" class=\"col small-12 large-12\"  >\n\t\t\t\t<div class=\"col-inner\"  >\n\t\t\t\n\t\t\t\n<h2 class=\"description_title\" style=\"color: white;\">TRADITION, TECHNOLOGIE ET PASSION<\/h2>\n<p class=\"description_text\" style=\"color: white;\">Nous respectons la tradition belge dans la production d\u2019huiles et utilisons une technologie de pointe pour donner \u00e0 chaque moteur la possibilit\u00e9 d\u2019atteindre son v\u00e9ritable potentiel, en lib\u00e9rant toute sa puissance. Nous partageons la passion et l\u2019exp\u00e9rience des professionnels avec les amateurs de voitures de toutes les g\u00e9n\u00e9rations.<\/p>\n<p style=\"color: white;\">Nous utilisons des technologies avanc\u00e9es et des proc\u00e9d\u00e9s innovants pour fabriquer des produits de haute qualit\u00e9. Nos sp\u00e9cialistes sont en permanence connect\u00e9s aux \u00e9volutions rapides de l\u2019industrie automobile et mettent en \u0153uvre les derni\u00e8res sp\u00e9cifications des constructeurs, en proposant des solutions compl\u00e8tes et parfaitement adapt\u00e9es.<\/p>\n<p style=\"color: white;\">La passion pour la puissance nous motive dans notre engagement envers la qualit\u00e9 et l\u2019innovation, nous orientant vers l\u2019am\u00e9lioration continue des produits et la satisfaction des normes les plus exigeantes \u2014 afin que vous puissiez profiter pleinement des performances de votre voiture !<\/p>\n<p style=\"color: white;\">KROSS. Lib\u00e8re les chevaux.<\/p>\n\t\t<\/div>\n\t\t\t\t\t<\/div>\n\n\t\n\n\t<div id=\"col-67287015\" class=\"col small-12 large-12\"  >\n\t\t\t\t<div class=\"col-inner\"  >\n\t\t\t\n\t\t\t\n<div class=\"slider-wrapper relative\" id=\"slider-1510862916\" >\n    <div class=\"slider slider-nav-circle slider-nav-large slider-nav-light slider-style-normal\"\n        data-flickity-options='{            \"cellAlign\": \"center\",            \"imagesLoaded\": true,            \"lazyLoad\": 1,            \"freeScroll\": false,            \"wrapAround\": true,            \"autoPlay\": 6000,            \"pauseAutoPlayOnHover\" : true,            \"prevNextButtons\": true,            \"contain\" : true,            \"adaptiveHeight\" : true,            \"dragThreshold\" : 10,            \"percentPosition\": true,            \"pageDots\": true,            \"rightToLeft\": false,            \"draggable\": true,            \"selectedAttraction\": 0.1,            \"parallax\" : 0,            \"friction\": 0.6        }'\n        >\n        \n\t<div class=\"img has-hover x md-x lg-x y md-y lg-y\" id=\"image_1352619076\">\n\t\t\t\t\t\t\t\t<div class=\"img-inner dark\" >\n\t\t\t<img loading=\"lazy\" decoding=\"async\" width=\"1000\" height=\"1000\" src=\"https:\/\/krossoil.ro\/wp-content\/uploads\/2025\/01\/1.jpg\" class=\"attachment-large size-large\" alt=\"\" srcset=\"https:\/\/krossoil.ro\/wp-content\/uploads\/2025\/01\/1.jpg 1000w, https:\/\/krossoil.ro\/wp-content\/uploads\/2025\/01\/1-600x600.jpg 600w, https:\/\/krossoil.ro\/wp-content\/uploads\/2025\/01\/1-100x100.jpg 100w, https:\/\/krossoil.ro\/wp-content\/uploads\/2025\/01\/1-300x300.jpg 300w, https:\/\/krossoil.ro\/wp-content\/uploads\/2025\/01\/1-150x150.jpg 150w, https:\/\/krossoil.ro\/wp-content\/uploads\/2025\/01\/1-768x768.jpg 768w\" sizes=\"auto, (max-width: 1000px) 100vw, 1000px\" \/>\t\t\t\t\t\t\n\t\t\t\t\t<\/div>\n\t\t\t\t\t\t\t\t\n<style>\n#image_1352619076 {\n  width: 100%;\n}\n<\/style>\n\t<\/div>\n\t\n\t<div class=\"img has-hover x md-x lg-x y md-y lg-y\" id=\"image_1137019836\">\n\t\t\t\t\t\t\t\t<div class=\"img-inner dark\" >\n\t\t\t<img loading=\"lazy\" decoding=\"async\" width=\"1000\" height=\"1000\" src=\"https:\/\/krossoil.ro\/wp-content\/uploads\/2025\/01\/2.jpg\" class=\"attachment-large size-large\" alt=\"\" srcset=\"https:\/\/krossoil.ro\/wp-content\/uploads\/2025\/01\/2.jpg 1000w, https:\/\/krossoil.ro\/wp-content\/uploads\/2025\/01\/2-600x600.jpg 600w, https:\/\/krossoil.ro\/wp-content\/uploads\/2025\/01\/2-100x100.jpg 100w, https:\/\/krossoil.ro\/wp-content\/uploads\/2025\/01\/2-300x300.jpg 300w, https:\/\/krossoil.ro\/wp-content\/uploads\/2025\/01\/2-150x150.jpg 150w, https:\/\/krossoil.ro\/wp-content\/uploads\/2025\/01\/2-768x768.jpg 768w\" sizes=\"auto, (max-width: 1000px) 100vw, 1000px\" \/>\t\t\t\t\t\t\n\t\t\t\t\t<\/div>\n\t\t\t\t\t\t\t\t\n<style>\n#image_1137019836 {\n  width: 100%;\n}\n<\/style>\n\t<\/div>\n\t\n\t<div class=\"img has-hover x md-x lg-x y md-y lg-y\" id=\"image_820523411\">\n\t\t\t\t\t\t\t\t<div class=\"img-inner dark\" >\n\t\t\t<img loading=\"lazy\" decoding=\"async\" width=\"1000\" height=\"1000\" src=\"https:\/\/krossoil.ro\/wp-content\/uploads\/2025\/01\/3.jpg\" class=\"attachment-large size-large\" alt=\"\" srcset=\"https:\/\/krossoil.ro\/wp-content\/uploads\/2025\/01\/3.jpg 1000w, https:\/\/krossoil.ro\/wp-content\/uploads\/2025\/01\/3-600x600.jpg 600w, https:\/\/krossoil.ro\/wp-content\/uploads\/2025\/01\/3-100x100.jpg 100w, https:\/\/krossoil.ro\/wp-content\/uploads\/2025\/01\/3-300x300.jpg 300w, https:\/\/krossoil.ro\/wp-content\/uploads\/2025\/01\/3-150x150.jpg 150w, https:\/\/krossoil.ro\/wp-content\/uploads\/2025\/01\/3-768x768.jpg 768w\" sizes=\"auto, (max-width: 1000px) 100vw, 1000px\" \/>\t\t\t\t\t\t\n\t\t\t\t\t<\/div>\n\t\t\t\t\t\t\t\t\n<style>\n#image_820523411 {\n  width: 100%;\n}\n<\/style>\n\t<\/div>\n\t\n\t<div class=\"img has-hover x md-x lg-x y md-y lg-y\" id=\"image_569122626\">\n\t\t\t\t\t\t\t\t<div class=\"img-inner dark\" >\n\t\t\t<img loading=\"lazy\" decoding=\"async\" width=\"1000\" height=\"1000\" src=\"https:\/\/krossoil.ro\/wp-content\/uploads\/2025\/01\/4.jpg\" class=\"attachment-large size-large\" alt=\"\" srcset=\"https:\/\/krossoil.ro\/wp-content\/uploads\/2025\/01\/4.jpg 1000w, https:\/\/krossoil.ro\/wp-content\/uploads\/2025\/01\/4-600x600.jpg 600w, https:\/\/krossoil.ro\/wp-content\/uploads\/2025\/01\/4-100x100.jpg 100w, https:\/\/krossoil.ro\/wp-content\/uploads\/2025\/01\/4-300x300.jpg 300w, https:\/\/krossoil.ro\/wp-content\/uploads\/2025\/01\/4-150x150.jpg 150w, https:\/\/krossoil.ro\/wp-content\/uploads\/2025\/01\/4-768x768.jpg 768w\" sizes=\"auto, (max-width: 1000px) 100vw, 1000px\" \/>\t\t\t\t\t\t\n\t\t\t\t\t<\/div>\n\t\t\t\t\t\t\t\t\n<style>\n#image_569122626 {\n  width: 100%;\n}\n<\/style>\n\t<\/div>\n\t\n\t<div class=\"img has-hover x md-x lg-x y md-y lg-y\" id=\"image_1894202818\">\n\t\t\t\t\t\t\t\t<div class=\"img-inner dark\" >\n\t\t\t<img loading=\"lazy\" decoding=\"async\" width=\"1000\" height=\"1000\" src=\"https:\/\/krossoil.ro\/wp-content\/uploads\/2025\/01\/5.jpg\" class=\"attachment-large size-large\" alt=\"\" srcset=\"https:\/\/krossoil.ro\/wp-content\/uploads\/2025\/01\/5.jpg 1000w, https:\/\/krossoil.ro\/wp-content\/uploads\/2025\/01\/5-600x600.jpg 600w, https:\/\/krossoil.ro\/wp-content\/uploads\/2025\/01\/5-100x100.jpg 100w, https:\/\/krossoil.ro\/wp-content\/uploads\/2025\/01\/5-300x300.jpg 300w, https:\/\/krossoil.ro\/wp-content\/uploads\/2025\/01\/5-150x150.jpg 150w, https:\/\/krossoil.ro\/wp-content\/uploads\/2025\/01\/5-768x768.jpg 768w\" sizes=\"auto, (max-width: 1000px) 100vw, 1000px\" \/>\t\t\t\t\t\t\n\t\t\t\t\t<\/div>\n\t\t\t\t\t\t\t\t\n<style>\n#image_1894202818 {\n  width: 100%;\n}\n<\/style>\n\t<\/div>\n\t\n\t<div class=\"img has-hover x md-x lg-x y md-y lg-y\" id=\"image_84093730\">\n\t\t\t\t\t\t\t\t<div class=\"img-inner dark\" >\n\t\t\t<img loading=\"lazy\" decoding=\"async\" width=\"1000\" height=\"1000\" src=\"https:\/\/krossoil.ro\/wp-content\/uploads\/2025\/01\/6.jpg\" class=\"attachment-large size-large\" alt=\"\" srcset=\"https:\/\/krossoil.ro\/wp-content\/uploads\/2025\/01\/6.jpg 1000w, https:\/\/krossoil.ro\/wp-content\/uploads\/2025\/01\/6-600x600.jpg 600w, https:\/\/krossoil.ro\/wp-content\/uploads\/2025\/01\/6-100x100.jpg 100w, https:\/\/krossoil.ro\/wp-content\/uploads\/2025\/01\/6-300x300.jpg 300w, https:\/\/krossoil.ro\/wp-content\/uploads\/2025\/01\/6-150x150.jpg 150w, https:\/\/krossoil.ro\/wp-content\/uploads\/2025\/01\/6-768x768.jpg 768w\" sizes=\"auto, (max-width: 1000px) 100vw, 1000px\" \/>\t\t\t\t\t\t\n\t\t\t\t\t<\/div>\n\t\t\t\t\t\t\t\t\n<style>\n#image_84093730 {\n  width: 100%;\n}\n<\/style>\n\t<\/div>\n\t\n\t<div class=\"img has-hover x md-x lg-x y md-y lg-y\" id=\"image_1050304605\">\n\t\t\t\t\t\t\t\t<div class=\"img-inner dark\" >\n\t\t\t<img loading=\"lazy\" decoding=\"async\" width=\"1000\" height=\"1000\" src=\"https:\/\/krossoil.ro\/wp-content\/uploads\/2025\/01\/8.jpg\" class=\"attachment-large size-large\" alt=\"\" srcset=\"https:\/\/krossoil.ro\/wp-content\/uploads\/2025\/01\/8.jpg 1000w, https:\/\/krossoil.ro\/wp-content\/uploads\/2025\/01\/8-600x600.jpg 600w, https:\/\/krossoil.ro\/wp-content\/uploads\/2025\/01\/8-100x100.jpg 100w, https:\/\/krossoil.ro\/wp-content\/uploads\/2025\/01\/8-300x300.jpg 300w, https:\/\/krossoil.ro\/wp-content\/uploads\/2025\/01\/8-150x150.jpg 150w, https:\/\/krossoil.ro\/wp-content\/uploads\/2025\/01\/8-768x768.jpg 768w\" sizes=\"auto, (max-width: 1000px) 100vw, 1000px\" \/>\t\t\t\t\t\t\n\t\t\t\t\t<\/div>\n\t\t\t\t\t\t\t\t\n<style>\n#image_1050304605 {\n  width: 100%;\n}\n<\/style>\n\t<\/div>\n\t\n\t<div class=\"img has-hover x md-x lg-x y md-y lg-y\" id=\"image_1838484970\">\n\t\t\t\t\t\t\t\t<div class=\"img-inner dark\" >\n\t\t\t<img loading=\"lazy\" decoding=\"async\" width=\"1000\" height=\"1000\" src=\"https:\/\/krossoil.ro\/wp-content\/uploads\/2025\/01\/9.jpg\" class=\"attachment-large size-large\" alt=\"\" srcset=\"https:\/\/krossoil.ro\/wp-content\/uploads\/2025\/01\/9.jpg 1000w, https:\/\/krossoil.ro\/wp-content\/uploads\/2025\/01\/9-600x600.jpg 600w, https:\/\/krossoil.ro\/wp-content\/uploads\/2025\/01\/9-100x100.jpg 100w, https:\/\/krossoil.ro\/wp-content\/uploads\/2025\/01\/9-300x300.jpg 300w, https:\/\/krossoil.ro\/wp-content\/uploads\/2025\/01\/9-150x150.jpg 150w, https:\/\/krossoil.ro\/wp-content\/uploads\/2025\/01\/9-768x768.jpg 768w\" sizes=\"auto, (max-width: 1000px) 100vw, 1000px\" \/>\t\t\t\t\t\t\n\t\t\t\t\t<\/div>\n\t\t\t\t\t\t\t\t\n<style>\n#image_1838484970 {\n  width: 100%;\n}\n<\/style>\n\t<\/div>\n\t\n\t<div class=\"img has-hover x md-x lg-x y md-y lg-y\" id=\"image_1597737664\">\n\t\t\t\t\t\t\t\t<div class=\"img-inner dark\" >\n\t\t\t<img loading=\"lazy\" decoding=\"async\" width=\"1000\" height=\"1000\" src=\"https:\/\/krossoil.ro\/wp-content\/uploads\/2025\/01\/10.jpg\" class=\"attachment-large size-large\" alt=\"\" srcset=\"https:\/\/krossoil.ro\/wp-content\/uploads\/2025\/01\/10.jpg 1000w, https:\/\/krossoil.ro\/wp-content\/uploads\/2025\/01\/10-600x600.jpg 600w, https:\/\/krossoil.ro\/wp-content\/uploads\/2025\/01\/10-100x100.jpg 100w, https:\/\/krossoil.ro\/wp-content\/uploads\/2025\/01\/10-300x300.jpg 300w, https:\/\/krossoil.ro\/wp-content\/uploads\/2025\/01\/10-150x150.jpg 150w, https:\/\/krossoil.ro\/wp-content\/uploads\/2025\/01\/10-768x768.jpg 768w\" sizes=\"auto, (max-width: 1000px) 100vw, 1000px\" \/>\t\t\t\t\t\t\n\t\t\t\t\t<\/div>\n\t\t\t\t\t\t\t\t\n<style>\n#image_1597737664 {\n  width: 100%;\n}\n<\/style>\n\t<\/div>\n\t\n\t<div class=\"img has-hover x md-x lg-x y md-y lg-y\" id=\"image_1099356041\">\n\t\t\t\t\t\t\t\t<div class=\"img-inner dark\" >\n\t\t\t<img loading=\"lazy\" decoding=\"async\" width=\"1000\" height=\"1000\" src=\"https:\/\/krossoil.ro\/wp-content\/uploads\/2025\/01\/11.jpg\" class=\"attachment-large size-large\" alt=\"\" srcset=\"https:\/\/krossoil.ro\/wp-content\/uploads\/2025\/01\/11.jpg 1000w, https:\/\/krossoil.ro\/wp-content\/uploads\/2025\/01\/11-600x600.jpg 600w, https:\/\/krossoil.ro\/wp-content\/uploads\/2025\/01\/11-100x100.jpg 100w, https:\/\/krossoil.ro\/wp-content\/uploads\/2025\/01\/11-300x300.jpg 300w, https:\/\/krossoil.ro\/wp-content\/uploads\/2025\/01\/11-150x150.jpg 150w, https:\/\/krossoil.ro\/wp-content\/uploads\/2025\/01\/11-768x768.jpg 768w\" sizes=\"auto, (max-width: 1000px) 100vw, 1000px\" \/>\t\t\t\t\t\t\n\t\t\t\t\t<\/div>\n\t\t\t\t\t\t\t\t\n<style>\n#image_1099356041 {\n  width: 100%;\n}\n<\/style>\n\t<\/div>\n\t\n\t<div class=\"img has-hover x md-x lg-x y md-y lg-y\" id=\"image_2018572768\">\n\t\t\t\t\t\t\t\t<div class=\"img-inner dark\" >\n\t\t\t<img loading=\"lazy\" decoding=\"async\" width=\"1000\" height=\"1000\" src=\"https:\/\/krossoil.ro\/wp-content\/uploads\/2025\/01\/12.jpg\" class=\"attachment-large size-large\" alt=\"\" srcset=\"https:\/\/krossoil.ro\/wp-content\/uploads\/2025\/01\/12.jpg 1000w, https:\/\/krossoil.ro\/wp-content\/uploads\/2025\/01\/12-600x600.jpg 600w, https:\/\/krossoil.ro\/wp-content\/uploads\/2025\/01\/12-100x100.jpg 100w, https:\/\/krossoil.ro\/wp-content\/uploads\/2025\/01\/12-300x300.jpg 300w, https:\/\/krossoil.ro\/wp-content\/uploads\/2025\/01\/12-150x150.jpg 150w, https:\/\/krossoil.ro\/wp-content\/uploads\/2025\/01\/12-768x768.jpg 768w\" sizes=\"auto, (max-width: 1000px) 100vw, 1000px\" \/>\t\t\t\t\t\t\n\t\t\t\t\t<\/div>\n\t\t\t\t\t\t\t\t\n<style>\n#image_2018572768 {\n  width: 100%;\n}\n<\/style>\n\t<\/div>\n\t\n     <\/div>\n\n     <div class=\"loading-spin dark large centered\"><\/div>\n\n\t\n<style>\n#slider-1510862916 .flickity-slider > * {\n  max-width: 50%!important;\n}\n<\/style>\n<\/div>\n\n\n\t\t<\/div>\n\t\t\t\t\t<\/div>\n\n\t\n<\/div>\n\t\t<\/div>\n\n\t\t\n<style>\n#section_1498369973 {\n  padding-top: 30px;\n  padding-bottom: 30px;\n  background-color: rgb(0,0,0);\n}\n<\/style>\n\t<\/section>","protected":false},"excerpt":{"rendered":"","protected":false},"author":2,"featured_media":0,"parent":0,"menu_order":0,"comment_status":"closed","ping_status":"closed","template":"page-blank.php","meta":{"footnotes":""},"class_list":["post-181","page","type-page","status-publish","hentry"],"_links":{"self":[{"href":"https:\/\/krossoil.ro\/fr\/wp-json\/wp\/v2\/pages\/181","targetHints":{"allow":["GET"]}}],"collection":[{"href":"https:\/\/krossoil.ro\/fr\/wp-json\/wp\/v2\/pages"}],"about":[{"href":"https:\/\/krossoil.ro\/fr\/wp-json\/wp\/v2\/types\/page"}],"author":[{"embeddable":true,"href":"https:\/\/krossoil.ro\/fr\/wp-json\/wp\/v2\/users\/2"}],"replies":[{"embeddable":true,"href":"https:\/\/krossoil.ro\/fr\/wp-json\/wp\/v2\/comments?post=181"}],"version-history":[{"count":5,"href":"https:\/\/krossoil.ro\/fr\/wp-json\/wp\/v2\/pages\/181\/revisions"}],"predecessor-version":[{"id":2027,"href":"https:\/\/krossoil.ro\/fr\/wp-json\/wp\/v2\/pages\/181\/revisions\/2027"}],"wp:attachment":[{"href":"https:\/\/krossoil.ro\/fr\/wp-json\/wp\/v2\/media?parent=181"}],"curies":[{"name":"wp","href":"https:\/\/api.w.org\/{rel}","templated":true}]}}