{"id":237,"date":"2025-01-10T12:35:28","date_gmt":"2025-01-10T10:35:28","guid":{"rendered":"https:\/\/dev.krossoil.ro\/?page_id=237"},"modified":"2025-10-21T10:47:08","modified_gmt":"2025-10-21T08:47:08","slug":"termeni-si-conditii","status":"publish","type":"page","link":"https:\/\/krossoil.ro\/fr\/termeni-si-conditii\/","title":{"rendered":"Termeni si conditii"},"content":{"rendered":"<div class=\"row align-center\"  id=\"row-528680880\">\n\n\t<div id=\"col-899997273\" class=\"col small-12 large-12\"  >\n\t\t\t\t<div class=\"col-inner\"  >\n\t\t\t\n\t\t\t\n\t<div id=\"gap-1434549059\" class=\"gap-element clearfix\" style=\"display:block; height:auto;\">\n\t\t\n<style>\n#gap-1434549059 {\n  padding-top: 10vh;\n}\n<\/style>\n\t<\/div>\n\t\n<h2><span style=\"font-weight: 600;\">Termes et Conditions d\u2019Utilisation<\/span><\/h2>\n<p><strong>La visite ou l\u2019utilisation des produits pr\u00e9sent\u00e9s sur le site www.krossoil.ro implique l\u2019acceptation des Termes et Conditions d\u2019utilisation d\u00e9taill\u00e9s ci-dessous. Pour une bonne utilisation du site, il est recommand\u00e9 de lire attentivement les Termes et Conditions.<\/strong><\/p>\n<h3>Commer\u00e7ant en ligne<\/h3>\n<p class=\"translation-block\"><strong>www.krossoil.ro<\/strong> est un service en ligne g\u00e9r\u00e9 par S.C. CONEX DISTRIBUTION S.A., dont le si\u00e8ge social et l\u2019adresse de correspondance se trouvent \u00e0 Ia\u0219i, rue Calea Chi\u0219in\u0103ului, n\u00b0 32, code postal 700180, d\u00e9partement de Ia\u0219i, Roumanie, enregistr\u00e9e au Registre du Commerce sous le n\u00b0 J22\/2934\/2003, CUI 16019310, capital social de 27.445.500 Lei, compte bancaire n\u00b0 RO10BACX0000000487006000 ouvert aupr\u00e8s d\u2019Unicredit Ia\u0219i, e-mail : marketing@conexdist.ro.<\/p>\n<p class=\"translation-block\">Nous nous r\u00e9servons le droit d\u2019apporter des modifications aux pr\u00e9sents Termes et Conditions ainsi que toute modification du site <strong>www.krossoil.ro<\/strong>, sans pr\u00e9avis. En acc\u00e9dant \u00e0 la page Termes et Conditions, vous pouvez toujours consulter la version la plus r\u00e9cente de ces dispositions.<\/p>\n<p>La relation entre les parties est r\u00e9gie par les actes juridiques suivants :<\/p>\n<ul>\n<li>Ordonnance du Gouvernement n\u00b0 21\/1992 relative \u00e0 la protection des consommateurs<\/li>\n<li>Ordonnance d\u2019Urgence du Gouvernement n\u00b0 34\/2014 relative aux droits des consommateurs dans les contrats conclus avec les professionnels<\/li>\n<li>Loi n\u00b0 363\/2007 relative \u00e0 la lutte contre les pratiques commerciales d\u00e9loyales dans les relations entre commer\u00e7ants et consommateurs et \u00e0 l\u2019harmonisation de la r\u00e9glementation avec la l\u00e9gislation europ\u00e9enne sur la protection des consommateurs<\/li>\n<li>Loi n\u00b0 365\/2002 sur le Commerce \u00c9lectronique<\/li>\n<\/ul>\n<h3>Propri\u00e9t\u00e9 intellectuelle et droits d\u2019auteur<\/h3>\n<p class=\"translation-block\">L\u2019int\u00e9gralit\u00e9 du contenu du site <strong>www.krossoil.ro<\/strong>, y compris les textes, images, graphiques, \u00e9l\u00e9ments de conception web, scripts et toute autre donn\u00e9e, est la propri\u00e9t\u00e9 de S.C. CONEX DISTRIBUTION S.A. ou de ses fournisseurs et est prot\u00e9g\u00e9e par la Loi sur le droit d\u2019auteur et les lois relatives \u00e0 la propri\u00e9t\u00e9 intellectuelle et industrielle. L\u2019utilisation de tout \u00e9l\u00e9ment du site <strong>www.krossoil.ro<\/strong> ou de tout \u00e9l\u00e9ment mentionn\u00e9 ci-dessus sans autorisation \u00e9crite est punissable conform\u00e9ment aux lois en vigueur. Pour signaler des droits de propri\u00e9t\u00e9 intellectuelle, vous pouvez utiliser l\u2019adresse e-mail marketing@conexdist.ro.<\/p>\n<h3>Fourniture d\u2019informations personnelles<\/h3>\n<p class=\"translation-block\">La fourniture des services sur <strong>www.krossoil.ro<\/strong> commencera imm\u00e9diatement apr\u00e8s l\u2019accomplissement de toutes les formalit\u00e9s d\u2019enregistrement requises. Les informations fournies doivent \u00eatre exactes. En choisissant de vous inscrire, vous vous engagez \u00e0 nous fournir votre nom, votre adresse et d\u2019autres informations utiles de mani\u00e8re correcte. Pour corriger ou mettre \u00e0 jour ces informations, acc\u00e9dez \u00e0 votre compte. En acc\u00e9dant \u00e0 votre compte et en utilisant votre mot de passe personnel, vous \u00eates responsable de toutes les actions r\u00e9sultant de son utilisation. SC CONEX DISTRIBUTION SA ne peut \u00eatre tenue responsable des erreurs r\u00e9sultant de la n\u00e9gligence de l\u2019utilisateur concernant la s\u00e9curit\u00e9 et la confidentialit\u00e9 de son compte et de son mot de passe.<\/p>\n<h3>S\u00e9curit\u00e9 des donn\u00e9es personnelles<\/h3>\n<p class=\"translation-block\">Vos donn\u00e9es personnelles peuvent \u00eatre utilis\u00e9es par SC CONEX DISTRIBUTION SA pour vous informer par e-mail, courrier ou autres moyens de communication sur les actions futures, la r\u00e9alisation de rapports statistiques, etc. Vos donn\u00e9es personnelles peuvent \u00eatre transmises aux autorit\u00e9s comp\u00e9tentes afin d\u2019effectuer toute v\u00e9rification justifi\u00e9e conform\u00e9ment \u00e0 la loi. Les informations fournies par les clients sont strictement confidentielles. SC CONEX DISTRIBUTION SA s\u2019engage aupr\u00e8s de ses clients \u00e0 ne pas fournir ces donn\u00e9es \u00e0 des tiers ou \u00e0 des entreprises et \u00e0 les utiliser exclusivement dans le cadre de la relation commerciale entre le client et SC CONEX DISTRIBUTION SA.<br>Ce site utilise des mesures de s\u00e9curit\u00e9 contre la perte, l\u2019alt\u00e9ration ou l\u2019utilisation abusive des informations sous notre contr\u00f4le. SC CONEX DISTRIBUTION SA s\u2019engage \u00e0 respecter vos droits conf\u00e9r\u00e9s par la Loi 677\/2001 et, sur votre demande envoy\u00e9e \u00e0 l\u2019adresse marketing@conexdist.ro, s\u2019engage \u00e0 : rectifier, mettre \u00e0 jour, bloquer, supprimer ou transformer en donn\u00e9es anonymes, gratuitement, les donn\u00e9es dont le traitement n\u2019est pas conforme aux dispositions de la Loi 677\/2001 relative \u00e0 la protection des personnes physiques \u00e0 l\u2019\u00e9gard du traitement des donn\u00e9es \u00e0 caract\u00e8re personnel et \u00e0 la libre circulation de ces donn\u00e9es ; cesser le traitement de vos donn\u00e9es personnelles.<br>SC CONEX DISTRIBUTION SA certifie qu\u2019elle respectera les droits conf\u00e9r\u00e9s par la Loi 677\/2001 sur la protection des personnes physiques en mati\u00e8re de traitement des donn\u00e9es personnelles et de libre circulation de ces donn\u00e9es, par la Loi 365\/2002 sur le commerce \u00e9lectronique et par l\u2019Ordonnance 130\/2000 relative \u00e0 la protection des consommateurs lors de la conclusion et de l\u2019ex\u00e9cution des contrats \u00e0 distance, telle que modifi\u00e9e. Parmi ces droits figurent (liste non limitative) :<br>le droit de demander \u00e0 SC CONEX DISTRIBUTION SA la confirmation, une fois par an et gratuitement, du traitement ou non de vos donn\u00e9es personnelles ;<\/p>\n<ul>\n<li>le droit de demander \u00e0 SC CONEX DISTRIBUTION SA de rectifier, mettre \u00e0 jour, bloquer ou supprimer gratuitement les donn\u00e9es fournies dont le traitement n\u2019est pas conforme aux dispositions de la Loi n\u00b0 677\/2001;<\/li>\n<li class=\"translation-block\">le droit de demander \u00e0 SC CONEX DISTRIBUTION SA de cesser gratuitement le traitement de ses donn\u00e9es personnelles;<br>Toute tentative d\u2019acc\u00e9der aux donn\u00e9es personnelles d\u2019un autre utilisateur, de modifier le contenu du site <strong>www.krossoil.ro<\/strong> ou d\u2019affecter les performances du serveur sur lequel fonctionne le site <strong>www.krossoil.ro<\/strong> sera consid\u00e9r\u00e9e comme une tentative de fraude et entra\u00eenera des poursuites p\u00e9nales contre la ou les personnes ayant tent\u00e9 cet acte.<\/li>\n<\/ul>\n<h3>Pr\u00e9sentation des services et description des produits<\/h3>\n<p class=\"translation-block\">SC CONEX DISTRIBUTION SA se r\u00e9serve le droit d\u2019apporter \u00e0 tout moment toute modification aux donn\u00e9es techniques figurant sur le site <strong>www.krossoil.ro<\/strong> sans pr\u00e9avis. Les descriptions des produits pr\u00e9sentes sur le site <strong>www.krossoil.ro<\/strong> sont donn\u00e9es \u00e0 titre informatif et ne constituent pas une obligation contractuelle. Les photographies figurant sur le site <strong>www.krossoil.ro<\/strong> sont \u00e0 titre indicatif et peuvent diff\u00e9rer des produits r\u00e9els.<\/p>\n<p>SC CONEX DISTRIBUTION SA n\u2019assume aucune responsabilit\u00e9 et ne peut \u00eatre tenue responsable des dommages r\u00e9sultant de l\u2019utilisation des produits achet\u00e9s sur la base des recommandations pr\u00e9sent\u00e9es sur ce site, \u00e0 des fins autres que celles sp\u00e9cifi\u00e9es par le fabricant.<\/p>\n<p class=\"translation-block\">L\u2019int\u00e9gralit\u00e9 du contenu du site <strong>www.krossoil.ro<\/strong> \u2013 images, textes, graphiques, symboles, \u00e9l\u00e9ments de conception web, e-mails, scripts, programmes et autres donn\u00e9es \u2013 est la propri\u00e9t\u00e9 de <strong>www.krossoil.ro<\/strong> et de ses fournisseurs et est prot\u00e9g\u00e9e par la Loi sur la protection des droits d\u2019auteur (Loi n\u00b0 8\/1996) ainsi que par les lois relatives \u00e0 la propri\u00e9t\u00e9 intellectuelle et industrielle. L\u2019utilisation de tout \u00e9l\u00e9ment mentionn\u00e9 ci-dessus sans le consentement de <strong>www.krossoil.ro<\/strong> est punissable conform\u00e9ment \u00e0 la l\u00e9gislation en vigueur.<\/p>\n<p class=\"translation-block\">Les produits pr\u00e9sent\u00e9s sur <strong>www.krossoil.ro<\/strong> sont fabriqu\u00e9s et commercialis\u00e9s par <strong>www.krossoil.ro<\/strong>. Les prix des produits peuvent \u00eatre modifi\u00e9s \u00e0 tout moment. V\u00e9rifiez le prix de vente final avant d\u2019acheter un produit.<\/p>\n<h3>Garanties et limitations<\/h3>\n<p class=\"translation-block\"><strong>www.krossoil.ro<\/strong> n\u2019offre aucune garantie, expresse ou implicite, concernant ce site. Tout ce qui concerne ce site est fourni tel quel, tant qu\u2019il est disponible, sans aucune autre garantie. SC CONEX DISTRIBUTION SA n\u2019assume aucune responsabilit\u00e9 si le site ne peut \u00eatre accessible par les utilisateurs pendant une p\u00e9riode ind\u00e9termin\u00e9e, pour des raisons techniques ou commerciales. Nous nous excusons pour les \u00e9ventuelles erreurs d\u2019utilisation r\u00e9sultant de modifications, param\u00e8tres ou mises \u00e0 jour effectu\u00e9s par la soci\u00e9t\u00e9 d\u2019h\u00e9bergement, mais l\u2019enti\u00e8re responsabilit\u00e9 incombe \u00e0 l\u2019h\u00e9bergeur. SC CONEX DISTRIBUTION SA se r\u00e9serve le droit de modifier, partiellement ou totalement, le contenu des informations pr\u00e9sent\u00e9es sur le site, \u00e0 tout moment et sans pr\u00e9avis. SC CONEX DISTRIBUTION SA se r\u00e9serve \u00e9galement le droit de suspendre ou de fermer ce site sans notification pr\u00e9alable aux utilisateurs. SC CONEX DISTRIBUTION SA ne fait aucune r\u00e9f\u00e9rence sur ce site \u00e0 la compatibilit\u00e9 entre les ordinateurs des utilisateurs et ce site. L\u2019acc\u00e8s \u00e0 ce site se fait volontairement, et les utilisateurs assument irr\u00e9vocablement et sans condition la responsabilit\u00e9 de cet acc\u00e8s.<\/p>\n<h3>Force majeure<\/h3>\n<p class=\"translation-block\"><strong>www.krossoil.ro<\/strong>, ses affili\u00e9s et\/ou les fournisseurs de produits ou de services de <strong>www.krossoil.ro<\/strong> ne peuvent \u00eatre tenus responsables d\u2019aucun retard ou erreur r\u00e9sultant directement ou indirectement de causes ind\u00e9pendantes de la volont\u00e9 de <strong>www.krossoil.ro<\/strong>. Cette exon\u00e9ration comprend, sans s\u2019y limiter : les d\u00e9faillances techniques de <strong>www.krossoil.ro<\/strong>, les pannes de connexion Internet, les interruptions t\u00e9l\u00e9phoniques, les virus informatiques, l\u2019acc\u00e8s non autoris\u00e9 aux syst\u00e8mes de <strong>www.krossoil.ro<\/strong>, les erreurs de fonctionnement, ainsi que les cas de force majeure pr\u00e9vus par la l\u00e9gislation en vigueur.<\/p>\n<h3>Publicit\u00e9<\/h3>\n<p class=\"translation-block\"><strong>www.krossoil.ro<\/strong> peut afficher sur ses pages des publicit\u00e9s pour ses propres produits ainsi que pour des produits ou services appartenant \u00e0 des tiers. En utilisant <strong>www.krossoil.ro<\/strong> et en acceptant ses Conditions G\u00e9n\u00e9rales d\u2019Utilisation et sa Politique de Confidentialit\u00e9, vous consentez express\u00e9ment \u00e0 recevoir ces communications \u00e0 caract\u00e8re commercial.<\/p>\n\t\t<\/div>\n\t\t\t\t\t<\/div>\n\n\t\n<\/div>","protected":false},"excerpt":{"rendered":"","protected":false},"author":2,"featured_media":0,"parent":0,"menu_order":0,"comment_status":"closed","ping_status":"closed","template":"page-blank.php","meta":{"footnotes":""},"class_list":["post-237","page","type-page","status-publish","hentry"],"_links":{"self":[{"href":"https:\/\/krossoil.ro\/fr\/wp-json\/wp\/v2\/pages\/237","targetHints":{"allow":["GET"]}}],"collection":[{"href":"https:\/\/krossoil.ro\/fr\/wp-json\/wp\/v2\/pages"}],"about":[{"href":"https:\/\/krossoil.ro\/fr\/wp-json\/wp\/v2\/types\/page"}],"author":[{"embeddable":true,"href":"https:\/\/krossoil.ro\/fr\/wp-json\/wp\/v2\/users\/2"}],"replies":[{"embeddable":true,"href":"https:\/\/krossoil.ro\/fr\/wp-json\/wp\/v2\/comments?post=237"}],"version-history":[{"count":5,"href":"https:\/\/krossoil.ro\/fr\/wp-json\/wp\/v2\/pages\/237\/revisions"}],"predecessor-version":[{"id":2390,"href":"https:\/\/krossoil.ro\/fr\/wp-json\/wp\/v2\/pages\/237\/revisions\/2390"}],"wp:attachment":[{"href":"https:\/\/krossoil.ro\/fr\/wp-json\/wp\/v2\/media?parent=237"}],"curies":[{"name":"wp","href":"https:\/\/api.w.org\/{rel}","templated":true}]}}