{"id":285,"date":"2025-01-10T15:09:26","date_gmt":"2025-01-10T13:09:26","guid":{"rendered":"https:\/\/dev.krossoil.ro\/?page_id=285"},"modified":"2025-10-21T13:43:26","modified_gmt":"2025-10-21T11:43:26","slug":"privacy","status":"publish","type":"page","link":"https:\/\/krossoil.ro\/fr\/privacy\/","title":{"rendered":"Politique de confidentialit\u00e9"},"content":{"rendered":"<div class=\"row align-center\"  id=\"row-2083565109\">\n\n\t<div id=\"col-1418005633\" class=\"col small-12 large-12\"  >\n\t\t\t\t<div class=\"col-inner\"  >\n\t\t\t\n\t\t\t\n\t<div id=\"gap-1791032923\" class=\"gap-element clearfix\" style=\"display:block; height:auto;\">\n\t\t\n<style>\n#gap-1791032923 {\n  padding-top: 10vh;\n}\n<\/style>\n\t<\/div>\n\t\n<h2>Politique de confidentialit\u00e9<\/h2>\n<p>Informations concernant le traitement des donn\u00e9es personnelles<\/p>\n<h3>Vos donn\u00e9es<\/h3>\n<p>www.krossoil.ro collecte et traite des donn\u00e9es personnelles conform\u00e9ment aux dispositions du R\u00e8glement (UE) 679\/2016 lorsque vous envoyez un message \u00e0 l\u2019aide de l\u2019un des formulaires pr\u00e9sents sur le site. Ces donn\u00e9es sont s\u00e9curis\u00e9es et transmises en interne uniquement aux d\u00e9partements responsables du domaine de comp\u00e9tence li\u00e9 \u00e0 votre demande. Nous collectons et traitons \u00e9galement des donn\u00e9es personnelles \u00e0 des fins publicitaires, pour des concours ou des campagnes marketing men\u00e9s exclusivement par www.krossoil.ro. Nous ne transf\u00e9rons pas vos donn\u00e9es \u00e0 des tiers sans votre consentement explicite et ne rendons pas ces donn\u00e9es publiques.<\/p>\n<h3>Quelles donn\u00e9es utilisons-nous<\/h3>\n<p>Si vous \u00eates client du site, www.krossoil.ro traitera vos donn\u00e9es personnelles, telles que :<\/p>\n<ul>\n<li>Pr\u00e9nom et nom<\/li>\n<li>Num\u00e9ro de t\u00e9l\u00e9phone<\/li>\n<li>Adresse e-mail<\/li>\n<li>Donn\u00e9es relatives \u00e0 la mani\u00e8re dont vous utilisez le site (par exemple, votre comportement, vos pr\u00e9f\u00e9rences ou vos habitudes sur le site). Si vous \u00eates un visiteur du site, www.krossoil.ro traitera les donn\u00e9es personnelles que vous fournissez :<\/li>\n<li>Directement dans le cadre de l\u2019utilisation du site, comme les donn\u00e9es que vous fournissez dans la section contact\/questions\/r\u00e9clamations, dans la mesure o\u00f9 vous nous contactez de cette mani\u00e8re ;<\/li>\n<li>De mani\u00e8re indirecte, des donn\u00e9es telles que : adresse IP, navigateur utilis\u00e9, dur\u00e9e de navigation, historique de recherche, syst\u00e8me d\u2019exploitation utilis\u00e9, langue et pages consult\u00e9es, URL compl\u00e8tes, parcours de clics vers, \u00e0 travers et depuis notre site, informations ou produits consult\u00e9s\/recherch\u00e9s, dur\u00e9e des visites sur certaines pages, informations sur les interactions avec les pages (ex. d\u00e9filement, clics, mouvements de souris), ainsi que des donn\u00e9es sur le comportement des utilisateurs.<\/li>\n<\/ul>\n<h3>La finalit\u00e9 pour laquelle nous utilisons vos donn\u00e9es<\/h3>\n<p class=\"translation-block\">Si vous \u00eates un visiteur du site, www.krossoil.ro traite vos donn\u00e9es personnelles comme suit : \u00e0 des fins de marketing, notamment pour l\u2019envoi, par des moyens de communication \u00e0 distance (e-mail, SMS), de messages commerciaux concernant les produits et services propos\u00e9s par www.krossoil.ro via le site. Base l\u00e9gale : Le traitement de vos donn\u00e9es \u00e0 cette fin repose sur votre consentement, si vous choisissez de le fournir. Pour vous d\u00e9sabonner de ces communications commerciales, vous pouvez utiliser l\u2019option figurant \u00e0 la fin de chaque e-mail\/SMS contenant des messages commerciaux. La fourniture de vos donn\u00e9es \u00e0 cette fin est volontaire. Le refus de fournir votre consentement n\u2019aura pas de cons\u00e9quences n\u00e9gatives pour vous. Pour le traitement des plaintes, r\u00e9clamations et pour surveiller le trafic et am\u00e9liorer votre exp\u00e9rience sur le site. Base l\u00e9gale : Le traitement de vos donn\u00e9es \u00e0 cette fin repose sur l\u2019int\u00e9r\u00eat l\u00e9gitime de www.krossoil.ro d\u2019assurer le bon fonctionnement du site et d\u2019am\u00e9liorer en permanence l\u2019exp\u00e9rience des visiteurs, notamment par la r\u00e9solution de divers commentaires, questions ou r\u00e9clamations.<br>La fourniture de vos donn\u00e9es \u00e0 cette fin est volontaire. Le refus de fournir ces donn\u00e9es n\u2019aura pas de cons\u00e9quences n\u00e9gatives pour vous.<\/p>\n<h3>La dur\u00e9e pendant laquelle nous traitons les donn\u00e9es<\/h3>\n<p>www.krossoil.ro traitera vos donn\u00e9es personnelles aussi longtemps que n\u00e9cessaire pour atteindre les finalit\u00e9s de traitement mentionn\u00e9es ci-dessus. Si vous retirez votre consentement au traitement des donn\u00e9es \u00e0 des fins de marketing, le traitement de vos donn\u00e9es personnelles \u00e0 cette fin cessera, sans toutefois affecter les traitements effectu\u00e9s sur la base du consentement que vous aviez donn\u00e9 avant ce retrait.<\/p>\n<h3>Divulgation des donn\u00e9es personnelles<\/h3>\n<p>Outre le responsable du traitement, dans certaines situations, les donn\u00e9es peuvent \u00eatre accessibles \u00e0 des tiers tels que des prestataires de services, des transporteurs, des h\u00e9bergeurs ou des soci\u00e9t\u00e9s informatiques, d\u00e9sign\u00e9s, si n\u00e9cessaire, comme sous-traitants par le responsable du traitement.<\/p>\n<p>Ils sont contractuellement tenus de maintenir la confidentialit\u00e9 des donn\u00e9es et de les utiliser exclusivement aux fins pour lesquelles elles ont \u00e9t\u00e9 fournies.<\/p>\n<p>Nous pourrions \u00e9galement divulguer vos donn\u00e9es personnelles aux autorit\u00e9s publiques centrales ou locales, dans les cas illustratifs suivants :<\/p>\n<ul>\n<li>pour l'administration du site web ;zur Verwaltung der Website;<\/li>\n<li>dans les situations o\u00f9 cette communication est n\u00e9cessaire pour l'attribution de prix ou d'autres avantages aux personnes concern\u00e9es, obtenus \u00e0 la suite de leur participation \u00e0 diverses campagnes promotionnelles organis\u00e9es par le biais du site web ;<\/li>\n<li>pour la maintenance, la personnalisation et l'am\u00e9lioration du site web et des services fournis par son interm\u00e9diaire ;<\/li>\n<li>pour l'analyse des donn\u00e9es, les tests et la recherche, le suivi des tendances d'utilisation et d'activit\u00e9, le d\u00e9veloppement de fonctionnalit\u00e9s de s\u00e9curit\u00e9 et l'authentification des utilisateurs ;<\/li>\n<li>pour l'envoi de communications commerciales de marketing, dans les conditions et limites pr\u00e9vues par la loi ;<\/li>\n<li>lorsque la divulgation des donn\u00e9es personnelles est pr\u00e9vue par la loi, etc. ;<\/li>\n<\/ul>\n<h3>Transfert des donn\u00e9es personnelles<\/h3>\n<p>Les donn\u00e9es personnelles fournies \u00e0 www.krossoil.ro peuvent \u00eatre transf\u00e9r\u00e9es en dehors de la Roumanie, mais uniquement vers des pays de l'Union europ\u00e9enne.<\/p>\n<h3>Vos droits<\/h3>\n<p>Dans les conditions pr\u00e9vues par la l\u00e9gislation sur le traitement des donn\u00e9es personnelles, en tant que personnes concern\u00e9es, vous b\u00e9n\u00e9ficiez des droits suivants :<\/p>\n<ul>\n<li>le droit \u00e0 l'information \u2013 le droit de recevoir des d\u00e9tails concernant les activit\u00e9s de traitement effectu\u00e9es par www.krossoil.ro, conform\u00e9ment \u00e0 ce document ;<\/li>\n<li>le droit d'acc\u00e8s aux donn\u00e9es \u2013 le droit d'obtenir la confirmation concernant le traitement des donn\u00e9es personnelles, ainsi que des d\u00e9tails sur les activit\u00e9s de traitement, y compris la mani\u00e8re dont elles sont effectu\u00e9es ;<\/li>\n<li>les donn\u00e9es sont trait\u00e9es, la finalit\u00e9 du traitement, les destinataires ou les cat\u00e9gories de destinataires des donn\u00e9es, etc. ;<\/li>\n<li>le droit de rectification \u2013 le droit d'obtenir, sans retard injustifi\u00e9, la correction des donn\u00e9es personnelles inexactes ou injustifi\u00e9es, ainsi que le compl\u00e9ment des donn\u00e9es incompl\u00e8tes ;<\/li>\n<li>le droit \u00e0 l'effacement des donn\u00e9es, sans retard injustifi\u00e9 (\u00ab droit \u00e0 l'oubli \u00bb) \u2013 s'applique dans certaines conditions. Il est possible qu'\u00e0 la suite d'une demande de suppression, les donn\u00e9es soient anonymis\u00e9es (perdant ainsi leur caract\u00e8re personnel) et continuent \u00e0 \u00eatre trait\u00e9es dans ces conditions \u00e0 des fins statistiques ;<\/li>\n<li>le droit \u00e0 la limitation du traitement, dans certaines conditions ;<\/li>\n<li>le droit \u00e0 la portabilit\u00e9 des donn\u00e9es \u2013 le droit de recevoir les donn\u00e9es personnelles dans un format structur\u00e9, couramment utilis\u00e9 et facilement lisible, ainsi que le droit que ces donn\u00e9es soient transmises \u00e0 un autre responsable du traitement, dans la mesure o\u00f9 les conditions pr\u00e9vues par la loi sont remplies ;<\/li>\n<li>le droit de s'adresser \u00e0 l'Autorit\u00e9 nationale de surveillance du traitement des donn\u00e9es \u00e0 caract\u00e8re personnel ou aux tribunaux comp\u00e9tents, si vous le jugez n\u00e9cessaire ;<\/li>\n<li>dreptul la opozitie:\n<ul>\n<li>in ceea ce priveste activitatile de prelucrare se poate exercita prin transmiterea unei solicitari conform celor indicate mai jos;<\/li>\n<li>in orice moment, din motive legate de situatia particulara in care se afla persoana vizata, ca datele care o vizeaza sa fie prelucrate in temeiul interesului legitim al sau in temeiul interesului public, cu exceptia cazurilor in care poate demonstra ca are motive legitime si imperioase care justifica prelucarea si care prevaleaza asupra intereselor, drepturilor si libertatilor persoanelor vizate sau ca scopul este constatarea, exercitarea sau apararea unui drept in instanta;<\/li>\n<li>in orice moment, in mod gratuit si fara nicio justificare, ca datele care o vizeaza sa fie prelucrate in scop de marketing direct.<br \/>dreptul de a nu fi supus unei decizii individuale automate<br \/>dreptul de a nu fi subiectul unei decizii luate numai pe baza unor activitati de prelucrare automate, inclusiv crearea de profiluri, care produce efecte juridice care privesc persoana vizata sau o afecteaza in mod similar intr-o masura semnificativa;<\/li>\n<\/ul>\n<\/li>\n<\/ul>\n<p>Pour toute question suppl\u00e9mentaire concernant la mani\u00e8re dont les donn\u00e9es personnelles sont trait\u00e9es et pour exercer les droits mentionn\u00e9s ci-dessus, veuillez nous contacter \u00e0 l'adresse e-mail suivante : marketing@conexdist.ro<\/p>\n<h3>Modifications de la politique de confidentialit\u00e9<\/h3>\n<p>Nous nous r\u00e9servons le droit de modifier la pr\u00e9sente politique de confidentialit\u00e9. En cas de modifications majeures \u00e0 l'avenir, vous serez inform\u00e9 par e-mail (si possible) ou par l'affichage d'un message sp\u00e9cifique sur le site web.<\/p>\n\t\t<\/div>\n\t\t\t\t\t<\/div>\n\n\t\n<\/div>","protected":false},"excerpt":{"rendered":"","protected":false},"author":2,"featured_media":0,"parent":0,"menu_order":0,"comment_status":"closed","ping_status":"closed","template":"page-blank.php","meta":{"footnotes":""},"class_list":["post-285","page","type-page","status-publish","hentry"],"_links":{"self":[{"href":"https:\/\/krossoil.ro\/fr\/wp-json\/wp\/v2\/pages\/285","targetHints":{"allow":["GET"]}}],"collection":[{"href":"https:\/\/krossoil.ro\/fr\/wp-json\/wp\/v2\/pages"}],"about":[{"href":"https:\/\/krossoil.ro\/fr\/wp-json\/wp\/v2\/types\/page"}],"author":[{"embeddable":true,"href":"https:\/\/krossoil.ro\/fr\/wp-json\/wp\/v2\/users\/2"}],"replies":[{"embeddable":true,"href":"https:\/\/krossoil.ro\/fr\/wp-json\/wp\/v2\/comments?post=285"}],"version-history":[{"count":5,"href":"https:\/\/krossoil.ro\/fr\/wp-json\/wp\/v2\/pages\/285\/revisions"}],"predecessor-version":[{"id":2403,"href":"https:\/\/krossoil.ro\/fr\/wp-json\/wp\/v2\/pages\/285\/revisions\/2403"}],"wp:attachment":[{"href":"https:\/\/krossoil.ro\/fr\/wp-json\/wp\/v2\/media?parent=285"}],"curies":[{"name":"wp","href":"https:\/\/api.w.org\/{rel}","templated":true}]}}