{"id":1227,"date":"2025-01-17T11:26:52","date_gmt":"2025-01-17T09:26:52","guid":{"rendered":"https:\/\/dev.krossoil.ro\/catalog\/fara-categorie\/dpf-cleaner\/"},"modified":"2026-02-25T16:23:24","modified_gmt":"2026-02-25T14:23:24","slug":"dpf-cleaner","status":"publish","type":"product","link":"https:\/\/krossoil.ro\/fr\/catalog\/aditivi\/dpf-cleaner\/","title":{"rendered":"DPF CLEANER"},"content":{"rendered":"","protected":false},"excerpt":{"rendered":"<p>DPF CLEANER est un additif pour diesel \u00e0 base de nanoparticules d\u2019oxyde de c\u00e9rium utilis\u00e9 comme catalyseur pour la r\u00e9g\u00e9n\u00e9ration des filtres \u00e0 particules diesel. DPF Cleaner &amp; Regenerator Premium r\u00e9duit la temp\u00e9rature d\u2019allumage de la suie accumul\u00e9e dans le filtre \u00e0 particules diesel et optimise sa combustion p\u00e9riodique. La combinaison unique d\u2019un syst\u00e8me d\u2019alimentation propre, d\u2019une combustion plus propre avec des \u00e9missions r\u00e9duites et de particules de suie catalys\u00e9es nettoie et aide \u00e0 maintenir le DPF, le catalyseur, le syst\u00e8me de recirculation des gaz d\u2019\u00e9chappement (EGR), ainsi que le turbocompresseur et ses ailettes \u00e0 g\u00e9om\u00e9trie variable, exempts de d\u00e9p\u00f4ts.<\/p>","protected":false},"featured_media":450,"comment_status":"open","ping_status":"closed","template":"","meta":[],"product_brand":[],"product_cat":[67],"product_tag":[],"class_list":{"0":"post-1227","1":"product","2":"type-product","3":"status-publish","4":"has-post-thumbnail","6":"product_cat-aditivi","7":"pa_aplicabilitate-autoturisme","8":"pa_aplicabilitate-camioane","9":"pa_aplicabilitate-utilaje-agricole","10":"pa_aplicabilitate-utilaje-hidraulice","12":"first","13":"instock","14":"featured","15":"shipping-taxable","16":"product-type-simple"},"_links":{"self":[{"href":"https:\/\/krossoil.ro\/fr\/wp-json\/wp\/v2\/product\/1227","targetHints":{"allow":["GET"]}}],"collection":[{"href":"https:\/\/krossoil.ro\/fr\/wp-json\/wp\/v2\/product"}],"about":[{"href":"https:\/\/krossoil.ro\/fr\/wp-json\/wp\/v2\/types\/product"}],"replies":[{"embeddable":true,"href":"https:\/\/krossoil.ro\/fr\/wp-json\/wp\/v2\/comments?post=1227"}],"wp:featuredmedia":[{"embeddable":true,"href":"https:\/\/krossoil.ro\/fr\/wp-json\/wp\/v2\/media\/450"}],"wp:attachment":[{"href":"https:\/\/krossoil.ro\/fr\/wp-json\/wp\/v2\/media?parent=1227"}],"wp:term":[{"taxonomy":"product_brand","embeddable":true,"href":"https:\/\/krossoil.ro\/fr\/wp-json\/wp\/v2\/product_brand?post=1227"},{"taxonomy":"product_cat","embeddable":true,"href":"https:\/\/krossoil.ro\/fr\/wp-json\/wp\/v2\/product_cat?post=1227"},{"taxonomy":"product_tag","embeddable":true,"href":"https:\/\/krossoil.ro\/fr\/wp-json\/wp\/v2\/product_tag?post=1227"}],"curies":[{"name":"wp","href":"https:\/\/api.w.org\/{rel}","templated":true}]}}