{"id":1229,"date":"2025-01-17T11:26:52","date_gmt":"2025-01-17T09:26:52","guid":{"rendered":"https:\/\/dev.krossoil.ro\/catalog\/fara-categorie\/agro-utto-10w-30\/"},"modified":"2026-03-20T10:59:15","modified_gmt":"2026-03-20T08:59:15","slug":"agro-utto-10w-30","status":"publish","type":"product","link":"https:\/\/krossoil.ro\/fr\/catalog\/utilaje-agricole\/agro-utto-10w-30\/","title":{"rendered":"AGRO-UTTO 10W-30"},"content":{"rendered":"","protected":false},"excerpt":{"rendered":"<p>AGRO-UTTO 10W-30 a \u00e9t\u00e9 sp\u00e9cialement d\u00e9velopp\u00e9 pour r\u00e9pondre aux exigences des fabricants d\u2019\u00e9quipements modernes, en particulier celles des freins immerg\u00e9s. Sa faible variation de viscosit\u00e9 permet d\u2019utiliser ce lubrifiant toute l\u2019ann\u00e9e dans une large gamme de temp\u00e9ratures. Sa stabilit\u00e9 optimale \u00e0 l\u2019oxydation assure une dur\u00e9e de service plus longue, r\u00e9duisant ainsi consid\u00e9rablement les co\u00fbts.<\/p>","protected":false},"featured_media":2473,"comment_status":"open","ping_status":"closed","template":"","meta":[],"product_brand":[],"product_cat":[71],"product_tag":[],"class_list":{"0":"post-1229","1":"product","2":"type-product","3":"status-publish","4":"has-post-thumbnail","6":"product_cat-utilaje-agricole","7":"pa_aplicabilitate-utilaje-agricole","8":"pa_aplicabilitate-utilaje-hidraulice","10":"first","11":"instock","12":"shipping-taxable","13":"product-type-simple"},"_links":{"self":[{"href":"https:\/\/krossoil.ro\/fr\/wp-json\/wp\/v2\/product\/1229","targetHints":{"allow":["GET"]}}],"collection":[{"href":"https:\/\/krossoil.ro\/fr\/wp-json\/wp\/v2\/product"}],"about":[{"href":"https:\/\/krossoil.ro\/fr\/wp-json\/wp\/v2\/types\/product"}],"replies":[{"embeddable":true,"href":"https:\/\/krossoil.ro\/fr\/wp-json\/wp\/v2\/comments?post=1229"}],"wp:featuredmedia":[{"embeddable":true,"href":"https:\/\/krossoil.ro\/fr\/wp-json\/wp\/v2\/media\/2473"}],"wp:attachment":[{"href":"https:\/\/krossoil.ro\/fr\/wp-json\/wp\/v2\/media?parent=1229"}],"wp:term":[{"taxonomy":"product_brand","embeddable":true,"href":"https:\/\/krossoil.ro\/fr\/wp-json\/wp\/v2\/product_brand?post=1229"},{"taxonomy":"product_cat","embeddable":true,"href":"https:\/\/krossoil.ro\/fr\/wp-json\/wp\/v2\/product_cat?post=1229"},{"taxonomy":"product_tag","embeddable":true,"href":"https:\/\/krossoil.ro\/fr\/wp-json\/wp\/v2\/product_tag?post=1229"}],"curies":[{"name":"wp","href":"https:\/\/api.w.org\/{rel}","templated":true}]}}