{"id":1230,"date":"2025-01-17T11:26:52","date_gmt":"2025-01-17T09:26:52","guid":{"rendered":"https:\/\/dev.krossoil.ro\/catalog\/fara-categorie\/agro-stou-10w-30\/"},"modified":"2026-03-20T10:45:30","modified_gmt":"2026-03-20T08:45:30","slug":"agro-stou-10w-30","status":"publish","type":"product","link":"https:\/\/krossoil.ro\/fr\/catalog\/utilaje-agricole\/agro-stou-10w-30\/","title":{"rendered":"AGRO-STOU 10W-30"},"content":{"rendered":"","protected":false},"excerpt":{"rendered":"<p>AGRO-STOU 10W-30 est une huile multigrade universelle adapt\u00e9e aux moteurs, transmissions, freins immerg\u00e9s et syst\u00e8mes hydrauliques des super tracteurs (STOU). Elle offre polyvalence et commodit\u00e9, permettant d\u2019utiliser une seule huile pour lubrifier les diff\u00e9rentes parties du tracteur.<\/p>","protected":false},"featured_media":2468,"comment_status":"open","ping_status":"closed","template":"","meta":[],"product_brand":[],"product_cat":[71],"product_tag":[],"class_list":{"0":"post-1230","1":"product","2":"type-product","3":"status-publish","4":"has-post-thumbnail","6":"product_cat-utilaje-agricole","7":"pa_aplicabilitate-utilaje-agricole","8":"pa_aplicabilitate-utilaje-hidraulice","10":"first","11":"instock","12":"shipping-taxable","13":"product-type-simple"},"_links":{"self":[{"href":"https:\/\/krossoil.ro\/fr\/wp-json\/wp\/v2\/product\/1230","targetHints":{"allow":["GET"]}}],"collection":[{"href":"https:\/\/krossoil.ro\/fr\/wp-json\/wp\/v2\/product"}],"about":[{"href":"https:\/\/krossoil.ro\/fr\/wp-json\/wp\/v2\/types\/product"}],"replies":[{"embeddable":true,"href":"https:\/\/krossoil.ro\/fr\/wp-json\/wp\/v2\/comments?post=1230"}],"wp:featuredmedia":[{"embeddable":true,"href":"https:\/\/krossoil.ro\/fr\/wp-json\/wp\/v2\/media\/2468"}],"wp:attachment":[{"href":"https:\/\/krossoil.ro\/fr\/wp-json\/wp\/v2\/media?parent=1230"}],"wp:term":[{"taxonomy":"product_brand","embeddable":true,"href":"https:\/\/krossoil.ro\/fr\/wp-json\/wp\/v2\/product_brand?post=1230"},{"taxonomy":"product_cat","embeddable":true,"href":"https:\/\/krossoil.ro\/fr\/wp-json\/wp\/v2\/product_cat?post=1230"},{"taxonomy":"product_tag","embeddable":true,"href":"https:\/\/krossoil.ro\/fr\/wp-json\/wp\/v2\/product_tag?post=1230"}],"curies":[{"name":"wp","href":"https:\/\/api.w.org\/{rel}","templated":true}]}}