{"id":1239,"date":"2025-01-17T11:26:52","date_gmt":"2025-01-17T09:26:52","guid":{"rendered":"https:\/\/dev.krossoil.ro\/catalog\/fara-categorie\/innova-0w30-a5-b5\/"},"modified":"2026-02-25T16:23:24","modified_gmt":"2026-02-25T14:23:24","slug":"innova-0w30-a5-b5","status":"publish","type":"product","link":"https:\/\/krossoil.ro\/fr\/catalog\/autoturisme\/ulei-pentru-motor-auto\/innova-0w30-a5-b5\/","title":{"rendered":"INNOVA 0W30 A5\/B5"},"content":{"rendered":"","protected":false},"excerpt":{"rendered":"<p>INNOVA 0W30 A5\/B5 a \u00e9t\u00e9 soigneusement con\u00e7u pour r\u00e9pondre aux exigences des moteurs modernes n\u00e9cessitant une viscosit\u00e9 plus faible et des intervalles de vidange prolong\u00e9s. Con\u00e7ue pour maximiser les performances du moteur \u00e0 court et \u00e0 long terme, cette formule avanc\u00e9e r\u00e9duit efficacement les d\u00e9p\u00f4ts dans le moteur, assurant un rendement optimal et un fonctionnement fluide.<\/p>","protected":false},"featured_media":2283,"comment_status":"open","ping_status":"closed","template":"","meta":[],"product_brand":[],"product_cat":[76],"product_tag":[],"class_list":{"0":"post-1239","1":"product","2":"type-product","3":"status-publish","4":"has-post-thumbnail","6":"product_cat-ulei-pentru-motor-auto","7":"pa_aplicabilitate-autoturisme","9":"first","10":"instock","11":"shipping-taxable","12":"product-type-simple"},"_links":{"self":[{"href":"https:\/\/krossoil.ro\/fr\/wp-json\/wp\/v2\/product\/1239","targetHints":{"allow":["GET"]}}],"collection":[{"href":"https:\/\/krossoil.ro\/fr\/wp-json\/wp\/v2\/product"}],"about":[{"href":"https:\/\/krossoil.ro\/fr\/wp-json\/wp\/v2\/types\/product"}],"replies":[{"embeddable":true,"href":"https:\/\/krossoil.ro\/fr\/wp-json\/wp\/v2\/comments?post=1239"}],"wp:featuredmedia":[{"embeddable":true,"href":"https:\/\/krossoil.ro\/fr\/wp-json\/wp\/v2\/media\/2283"}],"wp:attachment":[{"href":"https:\/\/krossoil.ro\/fr\/wp-json\/wp\/v2\/media?parent=1239"}],"wp:term":[{"taxonomy":"product_brand","embeddable":true,"href":"https:\/\/krossoil.ro\/fr\/wp-json\/wp\/v2\/product_brand?post=1239"},{"taxonomy":"product_cat","embeddable":true,"href":"https:\/\/krossoil.ro\/fr\/wp-json\/wp\/v2\/product_cat?post=1239"},{"taxonomy":"product_tag","embeddable":true,"href":"https:\/\/krossoil.ro\/fr\/wp-json\/wp\/v2\/product_tag?post=1239"}],"curies":[{"name":"wp","href":"https:\/\/api.w.org\/{rel}","templated":true}]}}