{"id":1244,"date":"2025-01-17T11:26:53","date_gmt":"2025-01-17T09:26:53","guid":{"rendered":"https:\/\/dev.krossoil.ro\/catalog\/fara-categorie\/innova-0w20-c5-rn\/"},"modified":"2026-02-25T16:23:24","modified_gmt":"2026-02-25T14:23:24","slug":"innova-0w20-c5-rn","status":"publish","type":"product","link":"https:\/\/krossoil.ro\/fr\/catalog\/autoturisme\/ulei-pentru-motor-auto\/innova-0w20-c5-rn\/","title":{"rendered":"INNOVA 0W20 C5-RN"},"content":{"rendered":"","protected":false},"excerpt":{"rendered":"<p>L\u2019INNOVA 0W20 C5-RN est une huile moteur synth\u00e9tique fabriqu\u00e9e \u00e0 partir d\u2019une s\u00e9lection sp\u00e9ciale d\u2019huiles de base caract\u00e9ris\u00e9es par un indice de viscosit\u00e9 \u00e9lev\u00e9 et des additifs avanc\u00e9s. Gr\u00e2ce \u00e0 sa composition sp\u00e9cifique, elle assure des performances optimales du moteur et une dur\u00e9e de vie prolong\u00e9e des composants.<\/p>","protected":false},"featured_media":2288,"comment_status":"open","ping_status":"closed","template":"","meta":[],"product_brand":[],"product_cat":[76],"product_tag":[],"class_list":{"0":"post-1244","1":"product","2":"type-product","3":"status-publish","4":"has-post-thumbnail","6":"product_cat-ulei-pentru-motor-auto","7":"pa_aplicabilitate-autoturisme","9":"first","10":"instock","11":"shipping-taxable","12":"product-type-simple"},"_links":{"self":[{"href":"https:\/\/krossoil.ro\/fr\/wp-json\/wp\/v2\/product\/1244","targetHints":{"allow":["GET"]}}],"collection":[{"href":"https:\/\/krossoil.ro\/fr\/wp-json\/wp\/v2\/product"}],"about":[{"href":"https:\/\/krossoil.ro\/fr\/wp-json\/wp\/v2\/types\/product"}],"replies":[{"embeddable":true,"href":"https:\/\/krossoil.ro\/fr\/wp-json\/wp\/v2\/comments?post=1244"}],"wp:featuredmedia":[{"embeddable":true,"href":"https:\/\/krossoil.ro\/fr\/wp-json\/wp\/v2\/media\/2288"}],"wp:attachment":[{"href":"https:\/\/krossoil.ro\/fr\/wp-json\/wp\/v2\/media?parent=1244"}],"wp:term":[{"taxonomy":"product_brand","embeddable":true,"href":"https:\/\/krossoil.ro\/fr\/wp-json\/wp\/v2\/product_brand?post=1244"},{"taxonomy":"product_cat","embeddable":true,"href":"https:\/\/krossoil.ro\/fr\/wp-json\/wp\/v2\/product_cat?post=1244"},{"taxonomy":"product_tag","embeddable":true,"href":"https:\/\/krossoil.ro\/fr\/wp-json\/wp\/v2\/product_tag?post=1244"}],"curies":[{"name":"wp","href":"https:\/\/api.w.org\/{rel}","templated":true}]}}