{"id":1248,"date":"2025-01-17T11:26:53","date_gmt":"2025-01-17T09:26:53","guid":{"rendered":"https:\/\/dev.krossoil.ro\/catalog\/fara-categorie\/prior-20w50\/"},"modified":"2026-02-25T16:23:25","modified_gmt":"2026-02-25T14:23:25","slug":"prior-20w50","status":"publish","type":"product","link":"https:\/\/krossoil.ro\/fr\/catalog\/autoturisme\/ulei-pentru-motor-auto\/prior-20w50\/","title":{"rendered":"PRIOR 20W50"},"content":{"rendered":"","protected":false},"excerpt":{"rendered":"<p>PRIOR 20W50 est une huile moteur multigrade adapt\u00e9e aux moteurs \u00e0 essence et diesel, dans toutes les conditions de fonctionnement et tout au long de l\u2019ann\u00e9e. Gr\u00e2ce \u00e0 sa forte teneur en composants actifs, cette huile peut \u00eatre utilis\u00e9e toute l\u2019ann\u00e9e m\u00eame dans les conditions les plus difficiles. En raison de sa grande r\u00e9sistance \u00e0 l\u2019usure, des intervalles de vidange plus longs sont possibles.<\/p>","protected":false},"featured_media":2292,"comment_status":"open","ping_status":"closed","template":"","meta":[],"product_brand":[],"product_cat":[76],"product_tag":[],"class_list":{"0":"post-1248","1":"product","2":"type-product","3":"status-publish","4":"has-post-thumbnail","6":"product_cat-ulei-pentru-motor-auto","7":"pa_aplicabilitate-autoturisme","9":"first","10":"instock","11":"shipping-taxable","12":"product-type-simple"},"_links":{"self":[{"href":"https:\/\/krossoil.ro\/fr\/wp-json\/wp\/v2\/product\/1248","targetHints":{"allow":["GET"]}}],"collection":[{"href":"https:\/\/krossoil.ro\/fr\/wp-json\/wp\/v2\/product"}],"about":[{"href":"https:\/\/krossoil.ro\/fr\/wp-json\/wp\/v2\/types\/product"}],"replies":[{"embeddable":true,"href":"https:\/\/krossoil.ro\/fr\/wp-json\/wp\/v2\/comments?post=1248"}],"wp:featuredmedia":[{"embeddable":true,"href":"https:\/\/krossoil.ro\/fr\/wp-json\/wp\/v2\/media\/2292"}],"wp:attachment":[{"href":"https:\/\/krossoil.ro\/fr\/wp-json\/wp\/v2\/media?parent=1248"}],"wp:term":[{"taxonomy":"product_brand","embeddable":true,"href":"https:\/\/krossoil.ro\/fr\/wp-json\/wp\/v2\/product_brand?post=1248"},{"taxonomy":"product_cat","embeddable":true,"href":"https:\/\/krossoil.ro\/fr\/wp-json\/wp\/v2\/product_cat?post=1248"},{"taxonomy":"product_tag","embeddable":true,"href":"https:\/\/krossoil.ro\/fr\/wp-json\/wp\/v2\/product_tag?post=1248"}],"curies":[{"name":"wp","href":"https:\/\/api.w.org\/{rel}","templated":true}]}}