{"id":1251,"date":"2025-01-17T11:26:55","date_gmt":"2025-01-17T09:26:55","guid":{"rendered":"https:\/\/dev.krossoil.ro\/catalog\/uncategorized\/trans-gl-5-80w90\/"},"modified":"2026-02-25T16:23:25","modified_gmt":"2026-02-25T14:23:25","slug":"trans-gl-5-80w90","status":"publish","type":"product","link":"https:\/\/krossoil.ro\/fr\/catalog\/autoturisme\/ulei-pentru-transmisie-auto\/trans-gl-5-80w90\/","title":{"rendered":"TRANS GL-5 80W90"},"content":{"rendered":"","protected":false},"excerpt":{"rendered":"<p>Le TRANS GL-5 80W90 est une huile de transmission con\u00e7ue pour des conditions de \u201cpression extr\u00eame\u201d (EP). Elle est sp\u00e9cialement d\u00e9velopp\u00e9e pour les v\u00e9hicules fonctionnant dans des conditions s\u00e9v\u00e8res, incluant de fortes acc\u00e9l\u00e9rations, une puissance \u00e9lev\u00e9e et un couple important \u00e0 basse vitesse.<\/p>","protected":false},"featured_media":422,"comment_status":"open","ping_status":"closed","template":"","meta":[],"product_brand":[],"product_cat":[78],"product_tag":[],"class_list":{"0":"post-1251","1":"product","2":"type-product","3":"status-publish","4":"has-post-thumbnail","6":"product_cat-ulei-pentru-transmisie-auto","7":"pa_aplicabilitate-autoturisme","8":"pa_aplicabilitate-camioane","9":"pa_aplicabilitate-utilaje-agricole","10":"pa_aplicabilitate-utilaje-hidraulice","12":"first","13":"instock","14":"shipping-taxable","15":"product-type-simple"},"_links":{"self":[{"href":"https:\/\/krossoil.ro\/fr\/wp-json\/wp\/v2\/product\/1251","targetHints":{"allow":["GET"]}}],"collection":[{"href":"https:\/\/krossoil.ro\/fr\/wp-json\/wp\/v2\/product"}],"about":[{"href":"https:\/\/krossoil.ro\/fr\/wp-json\/wp\/v2\/types\/product"}],"replies":[{"embeddable":true,"href":"https:\/\/krossoil.ro\/fr\/wp-json\/wp\/v2\/comments?post=1251"}],"wp:featuredmedia":[{"embeddable":true,"href":"https:\/\/krossoil.ro\/fr\/wp-json\/wp\/v2\/media\/422"}],"wp:attachment":[{"href":"https:\/\/krossoil.ro\/fr\/wp-json\/wp\/v2\/media?parent=1251"}],"wp:term":[{"taxonomy":"product_brand","embeddable":true,"href":"https:\/\/krossoil.ro\/fr\/wp-json\/wp\/v2\/product_brand?post=1251"},{"taxonomy":"product_cat","embeddable":true,"href":"https:\/\/krossoil.ro\/fr\/wp-json\/wp\/v2\/product_cat?post=1251"},{"taxonomy":"product_tag","embeddable":true,"href":"https:\/\/krossoil.ro\/fr\/wp-json\/wp\/v2\/product_tag?post=1251"}],"curies":[{"name":"wp","href":"https:\/\/api.w.org\/{rel}","templated":true}]}}