{"id":1260,"date":"2025-01-17T11:26:55","date_gmt":"2025-01-17T09:26:55","guid":{"rendered":"https:\/\/dev.krossoil.ro\/catalog\/uncategorized\/atf-dx-vi\/"},"modified":"2026-02-25T16:23:26","modified_gmt":"2026-02-25T14:23:26","slug":"atf-dx-vi","status":"publish","type":"product","link":"https:\/\/krossoil.ro\/fr\/catalog\/autoturisme\/ulei-pentru-transmisie-auto\/atf-dx-vi\/","title":{"rendered":"ATF DX-VI"},"content":{"rendered":"","protected":false},"excerpt":{"rendered":"<p>L\u2019ATF DX-VI est une huile synth\u00e9tique sp\u00e9cialement con\u00e7ue pour r\u00e9pondre aux besoins des transmissions automatiques n\u00e9cessitant un ATF \u00e0 faible viscosit\u00e9. Gr\u00e2ce \u00e0 son faible point d\u2019\u00e9coulement et \u00e0 sa variation minimale face aux changements de temp\u00e9rature, elle peut \u00eatre utilis\u00e9e dans une large plage de conditions thermiques. Sa faible viscosit\u00e9 contribue \u00e0 une \u00e9conomie de carburant par rapport aux ATF \u00e0 viscosit\u00e9 conventionnelle.<\/p>","protected":false},"featured_media":436,"comment_status":"open","ping_status":"closed","template":"","meta":[],"product_brand":[],"product_cat":[78],"product_tag":[],"class_list":{"0":"post-1260","1":"product","2":"type-product","3":"status-publish","4":"has-post-thumbnail","6":"product_cat-ulei-pentru-transmisie-auto","7":"pa_aplicabilitate-autoturisme","8":"pa_aplicabilitate-camioane","10":"first","11":"instock","12":"shipping-taxable","13":"product-type-simple"},"_links":{"self":[{"href":"https:\/\/krossoil.ro\/fr\/wp-json\/wp\/v2\/product\/1260","targetHints":{"allow":["GET"]}}],"collection":[{"href":"https:\/\/krossoil.ro\/fr\/wp-json\/wp\/v2\/product"}],"about":[{"href":"https:\/\/krossoil.ro\/fr\/wp-json\/wp\/v2\/types\/product"}],"replies":[{"embeddable":true,"href":"https:\/\/krossoil.ro\/fr\/wp-json\/wp\/v2\/comments?post=1260"}],"wp:featuredmedia":[{"embeddable":true,"href":"https:\/\/krossoil.ro\/fr\/wp-json\/wp\/v2\/media\/436"}],"wp:attachment":[{"href":"https:\/\/krossoil.ro\/fr\/wp-json\/wp\/v2\/media?parent=1260"}],"wp:term":[{"taxonomy":"product_brand","embeddable":true,"href":"https:\/\/krossoil.ro\/fr\/wp-json\/wp\/v2\/product_brand?post=1260"},{"taxonomy":"product_cat","embeddable":true,"href":"https:\/\/krossoil.ro\/fr\/wp-json\/wp\/v2\/product_cat?post=1260"},{"taxonomy":"product_tag","embeddable":true,"href":"https:\/\/krossoil.ro\/fr\/wp-json\/wp\/v2\/product_tag?post=1260"}],"curies":[{"name":"wp","href":"https:\/\/api.w.org\/{rel}","templated":true}]}}