{"id":1270,"date":"2025-01-17T11:26:56","date_gmt":"2025-01-17T09:26:56","guid":{"rendered":"https:\/\/dev.krossoil.ro\/catalog\/uncategorized\/hydro-hlp68\/"},"modified":"2026-03-20T11:01:38","modified_gmt":"2026-03-20T09:01:38","slug":"hydro-hlp68","status":"publish","type":"product","link":"https:\/\/krossoil.ro\/fr\/catalog\/ulei-hidraulic\/hydro-hlp68\/","title":{"rendered":"HYDRO HLP68"},"content":{"rendered":"","protected":false},"excerpt":{"rendered":"<p>Huile hydraulique min\u00e9rale multigrade de haute qualit\u00e9 avec propri\u00e9t\u00e9s de pression extr\u00eame. Elle est adapt\u00e9e aux conditions de fonctionnement s\u00e9v\u00e8res et prot\u00e8ge l\u2019\u00e9quipement contre l\u2019usure et la corrosion. Elle offre d\u2019excellentes performances, de bonnes propri\u00e9t\u00e9s anti-mousse, prolonge la dur\u00e9e de vie du filtre et les intervalles de vidange, pr\u00e9vient les d\u00e9faillances du syst\u00e8me et contribue \u00e0 r\u00e9duire les co\u00fbts d\u2019exploitation en limitant les temps d\u2019arr\u00eat.<\/p>","protected":false},"featured_media":2476,"comment_status":"open","ping_status":"closed","template":"","meta":[],"product_brand":[],"product_cat":[72],"product_tag":[],"class_list":{"0":"post-1270","1":"product","2":"type-product","3":"status-publish","4":"has-post-thumbnail","6":"product_cat-ulei-hidraulic","7":"pa_aplicabilitate-utilaje-agricole","8":"pa_aplicabilitate-utilaje-hidraulice","10":"first","11":"instock","12":"shipping-taxable","13":"product-type-simple"},"_links":{"self":[{"href":"https:\/\/krossoil.ro\/fr\/wp-json\/wp\/v2\/product\/1270","targetHints":{"allow":["GET"]}}],"collection":[{"href":"https:\/\/krossoil.ro\/fr\/wp-json\/wp\/v2\/product"}],"about":[{"href":"https:\/\/krossoil.ro\/fr\/wp-json\/wp\/v2\/types\/product"}],"replies":[{"embeddable":true,"href":"https:\/\/krossoil.ro\/fr\/wp-json\/wp\/v2\/comments?post=1270"}],"wp:featuredmedia":[{"embeddable":true,"href":"https:\/\/krossoil.ro\/fr\/wp-json\/wp\/v2\/media\/2476"}],"wp:attachment":[{"href":"https:\/\/krossoil.ro\/fr\/wp-json\/wp\/v2\/media?parent=1270"}],"wp:term":[{"taxonomy":"product_brand","embeddable":true,"href":"https:\/\/krossoil.ro\/fr\/wp-json\/wp\/v2\/product_brand?post=1270"},{"taxonomy":"product_cat","embeddable":true,"href":"https:\/\/krossoil.ro\/fr\/wp-json\/wp\/v2\/product_cat?post=1270"},{"taxonomy":"product_tag","embeddable":true,"href":"https:\/\/krossoil.ro\/fr\/wp-json\/wp\/v2\/product_tag?post=1270"}],"curies":[{"name":"wp","href":"https:\/\/api.w.org\/{rel}","templated":true}]}}