{"id":1272,"date":"2025-01-17T11:26:56","date_gmt":"2025-01-17T09:26:56","guid":{"rendered":"https:\/\/dev.krossoil.ro\/catalog\/uncategorized\/2t-red-power\/"},"modified":"2026-02-25T16:23:26","modified_gmt":"2026-02-25T14:23:26","slug":"2t-red-power","status":"publish","type":"product","link":"https:\/\/krossoil.ro\/fr\/catalog\/motociclete\/2t-red-power\/","title":{"rendered":"2T &#8211; RED POWER"},"content":{"rendered":"","protected":false},"excerpt":{"rendered":"<p>2T \u2013 RED POWER est une huile sp\u00e9cialement con\u00e7ue pour les moteurs \u00e0 essence 2 temps refroidis par air. Elle assure une excellente protection des pistons et des segments contre la surchauffe, ainsi qu\u2019une protection efficace contre la corrosion dans toutes les conditions de temp\u00e9rature.<\/p>","protected":false},"featured_media":414,"comment_status":"open","ping_status":"closed","template":"","meta":[],"product_brand":[],"product_cat":[70],"product_tag":[],"class_list":{"0":"post-1272","1":"product","2":"type-product","3":"status-publish","4":"has-post-thumbnail","6":"product_cat-motociclete","7":"pa_aplicabilitate-motociclete","9":"first","10":"instock","11":"shipping-taxable","12":"product-type-simple"},"_links":{"self":[{"href":"https:\/\/krossoil.ro\/fr\/wp-json\/wp\/v2\/product\/1272","targetHints":{"allow":["GET"]}}],"collection":[{"href":"https:\/\/krossoil.ro\/fr\/wp-json\/wp\/v2\/product"}],"about":[{"href":"https:\/\/krossoil.ro\/fr\/wp-json\/wp\/v2\/types\/product"}],"replies":[{"embeddable":true,"href":"https:\/\/krossoil.ro\/fr\/wp-json\/wp\/v2\/comments?post=1272"}],"wp:featuredmedia":[{"embeddable":true,"href":"https:\/\/krossoil.ro\/fr\/wp-json\/wp\/v2\/media\/414"}],"wp:attachment":[{"href":"https:\/\/krossoil.ro\/fr\/wp-json\/wp\/v2\/media?parent=1272"}],"wp:term":[{"taxonomy":"product_brand","embeddable":true,"href":"https:\/\/krossoil.ro\/fr\/wp-json\/wp\/v2\/product_brand?post=1272"},{"taxonomy":"product_cat","embeddable":true,"href":"https:\/\/krossoil.ro\/fr\/wp-json\/wp\/v2\/product_cat?post=1272"},{"taxonomy":"product_tag","embeddable":true,"href":"https:\/\/krossoil.ro\/fr\/wp-json\/wp\/v2\/product_tag?post=1272"}],"curies":[{"name":"wp","href":"https:\/\/api.w.org\/{rel}","templated":true}]}}