{"id":1273,"date":"2025-01-17T11:26:56","date_gmt":"2025-01-17T09:26:56","guid":{"rendered":"https:\/\/dev.krossoil.ro\/catalog\/uncategorized\/2t-green-power\/"},"modified":"2026-02-25T16:23:26","modified_gmt":"2026-02-25T14:23:26","slug":"2t-green-power","status":"publish","type":"product","link":"https:\/\/krossoil.ro\/fr\/catalog\/motociclete\/2t-green-power\/","title":{"rendered":"2T &#8211; GREEN POWER"},"content":{"rendered":"","protected":false},"excerpt":{"rendered":"<p>2T \u2013 GREEN POWER est une huile semi-synth\u00e9tique pr\u00e9dilu\u00e9e, sp\u00e9cialement con\u00e7ue pour lubrifier les moteurs \u00e0 essence 2 temps \u00e0 hautes performances. Cette huile associe un haut niveau de lubrification \u00e0 une excellente stabilit\u00e9 thermique. Gr\u00e2ce \u00e0 sa capacit\u00e9 \u00e0 se m\u00e9langer facilement \u00e0 l\u2019essence, elle offre une protection efficace contre la formation de d\u00e9p\u00f4ts.<\/p>","protected":false},"featured_media":415,"comment_status":"open","ping_status":"closed","template":"","meta":[],"product_brand":[],"product_cat":[70],"product_tag":[],"class_list":{"0":"post-1273","1":"product","2":"type-product","3":"status-publish","4":"has-post-thumbnail","6":"product_cat-motociclete","7":"pa_aplicabilitate-motociclete","9":"first","10":"instock","11":"shipping-taxable","12":"product-type-simple"},"_links":{"self":[{"href":"https:\/\/krossoil.ro\/fr\/wp-json\/wp\/v2\/product\/1273","targetHints":{"allow":["GET"]}}],"collection":[{"href":"https:\/\/krossoil.ro\/fr\/wp-json\/wp\/v2\/product"}],"about":[{"href":"https:\/\/krossoil.ro\/fr\/wp-json\/wp\/v2\/types\/product"}],"replies":[{"embeddable":true,"href":"https:\/\/krossoil.ro\/fr\/wp-json\/wp\/v2\/comments?post=1273"}],"wp:featuredmedia":[{"embeddable":true,"href":"https:\/\/krossoil.ro\/fr\/wp-json\/wp\/v2\/media\/415"}],"wp:attachment":[{"href":"https:\/\/krossoil.ro\/fr\/wp-json\/wp\/v2\/media?parent=1273"}],"wp:term":[{"taxonomy":"product_brand","embeddable":true,"href":"https:\/\/krossoil.ro\/fr\/wp-json\/wp\/v2\/product_brand?post=1273"},{"taxonomy":"product_cat","embeddable":true,"href":"https:\/\/krossoil.ro\/fr\/wp-json\/wp\/v2\/product_cat?post=1273"},{"taxonomy":"product_tag","embeddable":true,"href":"https:\/\/krossoil.ro\/fr\/wp-json\/wp\/v2\/product_tag?post=1273"}],"curies":[{"name":"wp","href":"https:\/\/api.w.org\/{rel}","templated":true}]}}