{"id":1275,"date":"2025-01-17T11:26:56","date_gmt":"2025-01-17T09:26:56","guid":{"rendered":"https:\/\/dev.krossoil.ro\/catalog\/uncategorized\/white-lithium-grease\/"},"modified":"2026-02-25T16:23:26","modified_gmt":"2026-02-25T14:23:26","slug":"white-lithium-grease","status":"publish","type":"product","link":"https:\/\/krossoil.ro\/fr\/catalog\/spray-uri-tehnice\/white-lithium-grease\/","title":{"rendered":"WHITE LITHIUM GREASE"},"content":{"rendered":"","protected":false},"excerpt":{"rendered":"<p>WHITE LITHIUM GREASE est un produit de haute qualit\u00e9 \u00e0 base de graisse complexe au lithium, d\u2019huile min\u00e9rale et de solvants. White Grease est un lubrifiant sup\u00e9rieur r\u00e9sistant \u00e0 l\u2019eau et \u00e0 la chaleur, offrant une protection \u00e0 long terme pour les roulements, les essieux, les cha\u00eenes, les charni\u00e8res et toutes les pi\u00e8ces mobiles.<\/p>","protected":false},"featured_media":475,"comment_status":"open","ping_status":"closed","template":"","meta":[],"product_brand":[],"product_cat":[73],"product_tag":[],"class_list":{"0":"post-1275","1":"product","2":"type-product","3":"status-publish","4":"has-post-thumbnail","6":"product_cat-spray-uri-tehnice","7":"pa_aplicabilitate-autoturisme","8":"pa_aplicabilitate-camioane","9":"pa_aplicabilitate-motociclete","10":"pa_aplicabilitate-utilaje-agricole","11":"pa_aplicabilitate-utilaje-hidraulice","13":"first","14":"instock","15":"featured","16":"shipping-taxable","17":"product-type-simple"},"_links":{"self":[{"href":"https:\/\/krossoil.ro\/fr\/wp-json\/wp\/v2\/product\/1275","targetHints":{"allow":["GET"]}}],"collection":[{"href":"https:\/\/krossoil.ro\/fr\/wp-json\/wp\/v2\/product"}],"about":[{"href":"https:\/\/krossoil.ro\/fr\/wp-json\/wp\/v2\/types\/product"}],"replies":[{"embeddable":true,"href":"https:\/\/krossoil.ro\/fr\/wp-json\/wp\/v2\/comments?post=1275"}],"wp:featuredmedia":[{"embeddable":true,"href":"https:\/\/krossoil.ro\/fr\/wp-json\/wp\/v2\/media\/475"}],"wp:attachment":[{"href":"https:\/\/krossoil.ro\/fr\/wp-json\/wp\/v2\/media?parent=1275"}],"wp:term":[{"taxonomy":"product_brand","embeddable":true,"href":"https:\/\/krossoil.ro\/fr\/wp-json\/wp\/v2\/product_brand?post=1275"},{"taxonomy":"product_cat","embeddable":true,"href":"https:\/\/krossoil.ro\/fr\/wp-json\/wp\/v2\/product_cat?post=1275"},{"taxonomy":"product_tag","embeddable":true,"href":"https:\/\/krossoil.ro\/fr\/wp-json\/wp\/v2\/product_tag?post=1275"}],"curies":[{"name":"wp","href":"https:\/\/api.w.org\/{rel}","templated":true}]}}