{"id":1282,"date":"2025-01-17T11:26:58","date_gmt":"2025-01-17T09:26:58","guid":{"rendered":"https:\/\/dev.krossoil.ro\/catalog\/uncategorized\/ks-40-lubricant\/"},"modified":"2026-02-25T16:23:27","modified_gmt":"2026-02-25T14:23:27","slug":"ks-40-lubricant","status":"publish","type":"product","link":"https:\/\/krossoil.ro\/fr\/catalog\/spray-uri-tehnice\/ks-40-lubricant\/","title":{"rendered":"KS-40 LUBRICANT"},"content":{"rendered":"","protected":false},"excerpt":{"rendered":"<p>KS-40 LUBRICANT est un produit multifonction pour le nettoyage, la protection et la lubrification. Il poss\u00e8de \u00e9galement d\u2019excellentes propri\u00e9t\u00e9s de r\u00e9sistance \u00e0 l\u2019eau et de p\u00e9n\u00e9tration. Ce produit multifonction adh\u00e8re \u00e0 toute surface et n\u2019affecte pas les vernis.<\/p>","protected":false},"featured_media":472,"comment_status":"open","ping_status":"closed","template":"","meta":[],"product_brand":[],"product_cat":[73],"product_tag":[],"class_list":{"0":"post-1282","1":"product","2":"type-product","3":"status-publish","4":"has-post-thumbnail","6":"product_cat-spray-uri-tehnice","7":"pa_aplicabilitate-autoturisme","8":"pa_aplicabilitate-camioane","9":"pa_aplicabilitate-motociclete","10":"pa_aplicabilitate-utilaje-agricole","11":"pa_aplicabilitate-utilaje-hidraulice","13":"first","14":"instock","15":"featured","16":"shipping-taxable","17":"product-type-simple"},"_links":{"self":[{"href":"https:\/\/krossoil.ro\/fr\/wp-json\/wp\/v2\/product\/1282","targetHints":{"allow":["GET"]}}],"collection":[{"href":"https:\/\/krossoil.ro\/fr\/wp-json\/wp\/v2\/product"}],"about":[{"href":"https:\/\/krossoil.ro\/fr\/wp-json\/wp\/v2\/types\/product"}],"replies":[{"embeddable":true,"href":"https:\/\/krossoil.ro\/fr\/wp-json\/wp\/v2\/comments?post=1282"}],"wp:featuredmedia":[{"embeddable":true,"href":"https:\/\/krossoil.ro\/fr\/wp-json\/wp\/v2\/media\/472"}],"wp:attachment":[{"href":"https:\/\/krossoil.ro\/fr\/wp-json\/wp\/v2\/media?parent=1282"}],"wp:term":[{"taxonomy":"product_brand","embeddable":true,"href":"https:\/\/krossoil.ro\/fr\/wp-json\/wp\/v2\/product_brand?post=1282"},{"taxonomy":"product_cat","embeddable":true,"href":"https:\/\/krossoil.ro\/fr\/wp-json\/wp\/v2\/product_cat?post=1282"},{"taxonomy":"product_tag","embeddable":true,"href":"https:\/\/krossoil.ro\/fr\/wp-json\/wp\/v2\/product_tag?post=1282"}],"curies":[{"name":"wp","href":"https:\/\/api.w.org\/{rel}","templated":true}]}}