{"id":1283,"date":"2025-01-17T11:26:58","date_gmt":"2025-01-17T09:26:58","guid":{"rendered":"https:\/\/dev.krossoil.ro\/catalog\/uncategorized\/copper-grease\/"},"modified":"2026-02-25T16:23:27","modified_gmt":"2026-02-25T14:23:27","slug":"copper-grease","status":"publish","type":"product","link":"https:\/\/krossoil.ro\/fr\/catalog\/spray-uri-tehnice\/copper-grease\/","title":{"rendered":"COPPER GREASE"},"content":{"rendered":"","protected":false},"excerpt":{"rendered":"<p>COPPER GREASE est une p\u00e2te d\u2019assemblage de haute qualit\u00e9 \u00e0 usage universel, pouvant \u00eatre utilis\u00e9e pour des applications automobiles, marines et industrielles fonctionnant dans des conditions extr\u00eames. COPPER GREASE forme un film lubrifiant durable avec une stabilit\u00e9 thermique comprise entre -40\u00b0C et +1 100\u00b0C. Elle facilite l\u2019assemblage et le d\u00e9montage de toutes les connexions filet\u00e9es et emp\u00eache le grippage, la fusion ou la soudure entre les pi\u00e8ces. Elle assure une protection \u00e0 long terme des pi\u00e8ces soumises \u00e0 une forte pression, \u00e0 des temp\u00e9ratures \u00e9lev\u00e9es et \u00e0 des environnements corrosifs. Elle prot\u00e8ge les assemblages viss\u00e9s contre les acides, l\u2019eau, le sel et les intemp\u00e9ries.<\/p>","protected":false},"featured_media":473,"comment_status":"open","ping_status":"closed","template":"","meta":[],"product_brand":[],"product_cat":[73],"product_tag":[],"class_list":{"0":"post-1283","1":"product","2":"type-product","3":"status-publish","4":"has-post-thumbnail","6":"product_cat-spray-uri-tehnice","7":"pa_aplicabilitate-autoturisme","8":"pa_aplicabilitate-camioane","9":"pa_aplicabilitate-motociclete","10":"pa_aplicabilitate-utilaje-agricole","11":"pa_aplicabilitate-utilaje-hidraulice","13":"first","14":"instock","15":"featured","16":"shipping-taxable","17":"product-type-simple"},"_links":{"self":[{"href":"https:\/\/krossoil.ro\/fr\/wp-json\/wp\/v2\/product\/1283","targetHints":{"allow":["GET"]}}],"collection":[{"href":"https:\/\/krossoil.ro\/fr\/wp-json\/wp\/v2\/product"}],"about":[{"href":"https:\/\/krossoil.ro\/fr\/wp-json\/wp\/v2\/types\/product"}],"replies":[{"embeddable":true,"href":"https:\/\/krossoil.ro\/fr\/wp-json\/wp\/v2\/comments?post=1283"}],"wp:featuredmedia":[{"embeddable":true,"href":"https:\/\/krossoil.ro\/fr\/wp-json\/wp\/v2\/media\/473"}],"wp:attachment":[{"href":"https:\/\/krossoil.ro\/fr\/wp-json\/wp\/v2\/media?parent=1283"}],"wp:term":[{"taxonomy":"product_brand","embeddable":true,"href":"https:\/\/krossoil.ro\/fr\/wp-json\/wp\/v2\/product_brand?post=1283"},{"taxonomy":"product_cat","embeddable":true,"href":"https:\/\/krossoil.ro\/fr\/wp-json\/wp\/v2\/product_cat?post=1283"},{"taxonomy":"product_tag","embeddable":true,"href":"https:\/\/krossoil.ro\/fr\/wp-json\/wp\/v2\/product_tag?post=1283"}],"curies":[{"name":"wp","href":"https:\/\/api.w.org\/{rel}","templated":true}]}}