{"id":1285,"date":"2025-01-17T11:26:58","date_gmt":"2025-01-17T09:26:58","guid":{"rendered":"https:\/\/dev.krossoil.ro\/catalog\/uncategorized\/carrus-td-10w40\/"},"modified":"2026-02-25T16:23:27","modified_gmt":"2026-02-25T14:23:27","slug":"carrus-td-10w40","status":"publish","type":"product","link":"https:\/\/krossoil.ro\/fr\/catalog\/camioane\/carrus-td-10w40\/","title":{"rendered":"CARRUS TD 10W40"},"content":{"rendered":"","protected":false},"excerpt":{"rendered":"<p>CARRUS TD 10W40 est une huile multigrade semi-synth\u00e9tique de haute qualit\u00e9 (UHPD) qui r\u00e9duit consid\u00e9rablement les \u00e9missions de particules, garantissant une protection environnementale optimale. Sa technologie d\u2019additifs avanc\u00e9e assure des intervalles de vidange maximum et une longue dur\u00e9e de vie du moteur.<\/p>","protected":false},"featured_media":483,"comment_status":"open","ping_status":"closed","template":"","meta":[],"product_brand":[],"product_cat":[69],"product_tag":[],"class_list":{"0":"post-1285","1":"product","2":"type-product","3":"status-publish","4":"has-post-thumbnail","6":"product_cat-camioane","7":"pa_aplicabilitate-camioane","9":"first","10":"instock","11":"shipping-taxable","12":"product-type-simple"},"_links":{"self":[{"href":"https:\/\/krossoil.ro\/fr\/wp-json\/wp\/v2\/product\/1285","targetHints":{"allow":["GET"]}}],"collection":[{"href":"https:\/\/krossoil.ro\/fr\/wp-json\/wp\/v2\/product"}],"about":[{"href":"https:\/\/krossoil.ro\/fr\/wp-json\/wp\/v2\/types\/product"}],"replies":[{"embeddable":true,"href":"https:\/\/krossoil.ro\/fr\/wp-json\/wp\/v2\/comments?post=1285"}],"wp:featuredmedia":[{"embeddable":true,"href":"https:\/\/krossoil.ro\/fr\/wp-json\/wp\/v2\/media\/483"}],"wp:attachment":[{"href":"https:\/\/krossoil.ro\/fr\/wp-json\/wp\/v2\/media?parent=1285"}],"wp:term":[{"taxonomy":"product_brand","embeddable":true,"href":"https:\/\/krossoil.ro\/fr\/wp-json\/wp\/v2\/product_brand?post=1285"},{"taxonomy":"product_cat","embeddable":true,"href":"https:\/\/krossoil.ro\/fr\/wp-json\/wp\/v2\/product_cat?post=1285"},{"taxonomy":"product_tag","embeddable":true,"href":"https:\/\/krossoil.ro\/fr\/wp-json\/wp\/v2\/product_tag?post=1285"}],"curies":[{"name":"wp","href":"https:\/\/api.w.org\/{rel}","templated":true}]}}