{"id":2442,"date":"2026-02-19T15:25:45","date_gmt":"2026-02-19T13:25:45","guid":{"rendered":"https:\/\/krossoil.ro\/?post_type=product&#038;p=2442"},"modified":"2026-02-25T16:23:27","modified_gmt":"2026-02-25T14:23:27","slug":"nordis-g12","status":"publish","type":"product","link":"https:\/\/krossoil.ro\/fr\/catalog\/antigeluri\/nordis-g12\/","title":{"rendered":"NORDIS G12+"},"content":{"rendered":"","protected":false},"excerpt":{"rendered":"<p>KROSS NORDIS G12+ \u2013 antigel automobile concentr\u00e9 de derni\u00e8re g\u00e9n\u00e9ration avec technologie OAT (sans silicates). Offre une protection compl\u00e8te contre le gel (jusqu\u2019\u00e0 \u221235 \u00b0C), la surchauffe et la corrosion, avec une dur\u00e9e de vie prolong\u00e9e de plus de 200 000 km.<\/p>","protected":false},"featured_media":2446,"comment_status":"closed","ping_status":"closed","template":"","meta":[],"product_brand":[],"product_cat":[673],"product_tag":[],"class_list":{"0":"post-2442","1":"product","2":"type-product","3":"status-publish","4":"has-post-thumbnail","6":"product_cat-antigeluri","7":"pa_aplicabilitate-autoturisme","8":"pa_aplicabilitate-camioane","9":"pa_aplicabilitate-utilaje-agricole","11":"first","12":"instock","13":"shipping-taxable","14":"product-type-simple"},"_links":{"self":[{"href":"https:\/\/krossoil.ro\/fr\/wp-json\/wp\/v2\/product\/2442","targetHints":{"allow":["GET"]}}],"collection":[{"href":"https:\/\/krossoil.ro\/fr\/wp-json\/wp\/v2\/product"}],"about":[{"href":"https:\/\/krossoil.ro\/fr\/wp-json\/wp\/v2\/types\/product"}],"replies":[{"embeddable":true,"href":"https:\/\/krossoil.ro\/fr\/wp-json\/wp\/v2\/comments?post=2442"}],"wp:featuredmedia":[{"embeddable":true,"href":"https:\/\/krossoil.ro\/fr\/wp-json\/wp\/v2\/media\/2446"}],"wp:attachment":[{"href":"https:\/\/krossoil.ro\/fr\/wp-json\/wp\/v2\/media?parent=2442"}],"wp:term":[{"taxonomy":"product_brand","embeddable":true,"href":"https:\/\/krossoil.ro\/fr\/wp-json\/wp\/v2\/product_brand?post=2442"},{"taxonomy":"product_cat","embeddable":true,"href":"https:\/\/krossoil.ro\/fr\/wp-json\/wp\/v2\/product_cat?post=2442"},{"taxonomy":"product_tag","embeddable":true,"href":"https:\/\/krossoil.ro\/fr\/wp-json\/wp\/v2\/product_tag?post=2442"}],"curies":[{"name":"wp","href":"https:\/\/api.w.org\/{rel}","templated":true}]}}