{"id":181,"date":"2025-01-10T08:01:10","date_gmt":"2025-01-10T06:01:10","guid":{"rendered":"https:\/\/dev.krossoil.ro\/?page_id=181"},"modified":"2025-01-28T15:44:05","modified_gmt":"2025-01-28T13:44:05","slug":"despre","status":"publish","type":"page","link":"https:\/\/krossoil.ro\/hu\/despre\/","title":{"rendered":"R\u00f3lunk"},"content":{"rendered":"<section class=\"section hide-for-medium\" id=\"section_118079359\">\n\t\t<div class=\"section-bg fill\" >\n\t\t\t\t\t\t\t<div class=\"video-overlay no-click fill hide-for-medium\"><\/div>\n\t<video class=\"video-bg fill hide-for-medium\" preload playsinline autoplay muted loop>\n\t\t<source src=\"https:\/\/krossoil.ro\/wp-content\/uploads\/2025\/01\/Kross_gif-online-video-cutter.com_.mp4\" type=\"video\/mp4\">\t<\/video>\n\t\t\t\n\t\t\t\n\n\t\t<\/div>\n\n\t\t\n\n\t\t<div class=\"section-content relative\">\n\t\t\t\n\t\t<\/div>\n\n\t\t\n<style>\n#section_118079359 {\n  padding-top: 30px;\n  padding-bottom: 30px;\n  min-height: 70vh;\n  background-color: rgb(0,0,0);\n}\n<\/style>\n\t<\/section>\n\t\n\n\t<section class=\"section\" id=\"section_984799229\">\n\t\t<div class=\"section-bg fill\" >\n\t\t\t\t\t\t\t\t\t\n\t\t\t\n\n\t\t<\/div>\n\n\t\t\n\n\t\t<div class=\"section-content relative\">\n\t\t\t\n<div class=\"row\"  id=\"row-155401180\">\n\n\t<div id=\"col-1624140363\" class=\"col small-12 large-12\"  >\n\t\t\t\t<div class=\"col-inner\"  >\n\t\t\t\n\t\t\t\n<h2 class=\"description_title\" style=\"color: white;\">HAGYOM\u00c1NY, TECHNOL\u00d3GIA \u00c9S SZERETET<\/h2>\n<p class=\"description_text\" style=\"color: white;\">Tisztelj\u00fck a belga hagyom\u00e1nyt az olajgy\u00e1rt\u00e1sban, \u00e9s a legmodernebb technol\u00f3gi\u00e1t alkalmazzuk, hogy minden motor el\u00e9rhesse val\u00f3di potenci\u00e1lj\u00e1t, felszabad\u00edtva a benne rejl\u0151 l\u00f3er\u0151t. Megosztjuk a szakemberek szenved\u00e9ly\u00e9t \u00e9s tapasztalat\u00e1t minden gener\u00e1ci\u00f3 aut\u00f3rajong\u00f3ival.<\/p>\n<p style=\"color: white;\">Fejlett technol\u00f3gi\u00e1kat \u00e9s innovat\u00edv folyamatokat alkalmazunk a kiv\u00e1l\u00f3 min\u0151s\u00e9g\u0171 term\u00e9kek gy\u00e1rt\u00e1s\u00e1hoz. Szakembereink folyamatosan k\u00f6vetik az aut\u00f3ipar gyors v\u00e1ltoz\u00e1sait, \u00e9s bevezetik a leg\u00fajabb gy\u00e1rt\u00f3i el\u0151\u00edr\u00e1sokat, teljes \u00e9s t\u00f6k\u00e9letesen illeszked\u0151 megold\u00e1sokat k\u00edn\u00e1lva.<\/p>\n<p style=\"color: white;\">A l\u00f3er\u0151k ir\u00e1nti szenved\u00e9ly\u00fcnk hajt minket a min\u0151s\u00e9g \u00e9s az innov\u00e1ci\u00f3 ir\u00e1nti elk\u00f6telezetts\u00e9g\u00fcnkben, a folyamatos fejleszt\u00e9s \u00e9s a legmagasabb szabv\u00e1nyok el\u00e9r\u00e9se fel\u00e9, hogy te teljes m\u00e9rt\u00e9kben \u00e9lvezhesd aut\u00f3d teljes\u00edtm\u00e9ny\u00e9t!<\/p>\n<p style=\"color: white;\">KROSS. Szabad\u00edtsd fel a l\u00f3er\u0151ket.<\/p>\n\t\t<\/div>\n\t\t\t\t\t<\/div>\n\n\t\n\n\t<div id=\"col-417327041\" class=\"col small-12 large-12\"  >\n\t\t\t\t<div class=\"col-inner\"  >\n\t\t\t\n\t\t\t\n<div class=\"slider-wrapper relative\" id=\"slider-675322390\" >\n    <div class=\"slider slider-nav-circle slider-nav-large slider-nav-light slider-style-normal\"\n        data-flickity-options='{            \"cellAlign\": \"center\",            \"imagesLoaded\": true,            \"lazyLoad\": 1,            \"freeScroll\": false,            \"wrapAround\": true,            \"autoPlay\": 6000,            \"pauseAutoPlayOnHover\" : true,            \"prevNextButtons\": true,            \"contain\" : true,            \"adaptiveHeight\" : true,            \"dragThreshold\" : 10,            \"percentPosition\": true,            \"pageDots\": true,            \"rightToLeft\": false,            \"draggable\": true,            \"selectedAttraction\": 0.1,            \"parallax\" : 0,            \"friction\": 0.6        }'\n        >\n        \n\t<div class=\"img has-hover x md-x lg-x y md-y lg-y\" id=\"image_1127388796\">\n\t\t\t\t\t\t\t\t<div class=\"img-inner dark\" >\n\t\t\t<img loading=\"lazy\" decoding=\"async\" width=\"1000\" height=\"1000\" src=\"https:\/\/krossoil.ro\/wp-content\/uploads\/2025\/01\/1.jpg\" class=\"attachment-large size-large\" alt=\"\" srcset=\"https:\/\/krossoil.ro\/wp-content\/uploads\/2025\/01\/1.jpg 1000w, https:\/\/krossoil.ro\/wp-content\/uploads\/2025\/01\/1-600x600.jpg 600w, https:\/\/krossoil.ro\/wp-content\/uploads\/2025\/01\/1-100x100.jpg 100w, https:\/\/krossoil.ro\/wp-content\/uploads\/2025\/01\/1-300x300.jpg 300w, https:\/\/krossoil.ro\/wp-content\/uploads\/2025\/01\/1-150x150.jpg 150w, https:\/\/krossoil.ro\/wp-content\/uploads\/2025\/01\/1-768x768.jpg 768w\" sizes=\"auto, (max-width: 1000px) 100vw, 1000px\" \/>\t\t\t\t\t\t\n\t\t\t\t\t<\/div>\n\t\t\t\t\t\t\t\t\n<style>\n#image_1127388796 {\n  width: 100%;\n}\n<\/style>\n\t<\/div>\n\t\n\t<div class=\"img has-hover x md-x lg-x y md-y lg-y\" id=\"image_227482100\">\n\t\t\t\t\t\t\t\t<div class=\"img-inner dark\" >\n\t\t\t<img loading=\"lazy\" decoding=\"async\" width=\"1000\" height=\"1000\" src=\"https:\/\/krossoil.ro\/wp-content\/uploads\/2025\/01\/2.jpg\" class=\"attachment-large size-large\" alt=\"\" srcset=\"https:\/\/krossoil.ro\/wp-content\/uploads\/2025\/01\/2.jpg 1000w, https:\/\/krossoil.ro\/wp-content\/uploads\/2025\/01\/2-600x600.jpg 600w, https:\/\/krossoil.ro\/wp-content\/uploads\/2025\/01\/2-100x100.jpg 100w, https:\/\/krossoil.ro\/wp-content\/uploads\/2025\/01\/2-300x300.jpg 300w, https:\/\/krossoil.ro\/wp-content\/uploads\/2025\/01\/2-150x150.jpg 150w, https:\/\/krossoil.ro\/wp-content\/uploads\/2025\/01\/2-768x768.jpg 768w\" sizes=\"auto, (max-width: 1000px) 100vw, 1000px\" \/>\t\t\t\t\t\t\n\t\t\t\t\t<\/div>\n\t\t\t\t\t\t\t\t\n<style>\n#image_227482100 {\n  width: 100%;\n}\n<\/style>\n\t<\/div>\n\t\n\t<div class=\"img has-hover x md-x lg-x y md-y lg-y\" id=\"image_983505423\">\n\t\t\t\t\t\t\t\t<div class=\"img-inner dark\" >\n\t\t\t<img loading=\"lazy\" decoding=\"async\" width=\"1000\" height=\"1000\" src=\"https:\/\/krossoil.ro\/wp-content\/uploads\/2025\/01\/3.jpg\" class=\"attachment-large size-large\" alt=\"\" srcset=\"https:\/\/krossoil.ro\/wp-content\/uploads\/2025\/01\/3.jpg 1000w, https:\/\/krossoil.ro\/wp-content\/uploads\/2025\/01\/3-600x600.jpg 600w, https:\/\/krossoil.ro\/wp-content\/uploads\/2025\/01\/3-100x100.jpg 100w, https:\/\/krossoil.ro\/wp-content\/uploads\/2025\/01\/3-300x300.jpg 300w, https:\/\/krossoil.ro\/wp-content\/uploads\/2025\/01\/3-150x150.jpg 150w, https:\/\/krossoil.ro\/wp-content\/uploads\/2025\/01\/3-768x768.jpg 768w\" sizes=\"auto, (max-width: 1000px) 100vw, 1000px\" \/>\t\t\t\t\t\t\n\t\t\t\t\t<\/div>\n\t\t\t\t\t\t\t\t\n<style>\n#image_983505423 {\n  width: 100%;\n}\n<\/style>\n\t<\/div>\n\t\n\t<div class=\"img has-hover x md-x lg-x y md-y lg-y\" id=\"image_634124940\">\n\t\t\t\t\t\t\t\t<div class=\"img-inner dark\" >\n\t\t\t<img loading=\"lazy\" decoding=\"async\" width=\"1000\" height=\"1000\" src=\"https:\/\/krossoil.ro\/wp-content\/uploads\/2025\/01\/4.jpg\" class=\"attachment-large size-large\" alt=\"\" srcset=\"https:\/\/krossoil.ro\/wp-content\/uploads\/2025\/01\/4.jpg 1000w, https:\/\/krossoil.ro\/wp-content\/uploads\/2025\/01\/4-600x600.jpg 600w, https:\/\/krossoil.ro\/wp-content\/uploads\/2025\/01\/4-100x100.jpg 100w, https:\/\/krossoil.ro\/wp-content\/uploads\/2025\/01\/4-300x300.jpg 300w, https:\/\/krossoil.ro\/wp-content\/uploads\/2025\/01\/4-150x150.jpg 150w, https:\/\/krossoil.ro\/wp-content\/uploads\/2025\/01\/4-768x768.jpg 768w\" sizes=\"auto, (max-width: 1000px) 100vw, 1000px\" \/>\t\t\t\t\t\t\n\t\t\t\t\t<\/div>\n\t\t\t\t\t\t\t\t\n<style>\n#image_634124940 {\n  width: 100%;\n}\n<\/style>\n\t<\/div>\n\t\n\t<div class=\"img has-hover x md-x lg-x y md-y lg-y\" id=\"image_1611949464\">\n\t\t\t\t\t\t\t\t<div class=\"img-inner dark\" >\n\t\t\t<img loading=\"lazy\" decoding=\"async\" width=\"1000\" height=\"1000\" src=\"https:\/\/krossoil.ro\/wp-content\/uploads\/2025\/01\/5.jpg\" class=\"attachment-large size-large\" alt=\"\" srcset=\"https:\/\/krossoil.ro\/wp-content\/uploads\/2025\/01\/5.jpg 1000w, https:\/\/krossoil.ro\/wp-content\/uploads\/2025\/01\/5-600x600.jpg 600w, https:\/\/krossoil.ro\/wp-content\/uploads\/2025\/01\/5-100x100.jpg 100w, https:\/\/krossoil.ro\/wp-content\/uploads\/2025\/01\/5-300x300.jpg 300w, https:\/\/krossoil.ro\/wp-content\/uploads\/2025\/01\/5-150x150.jpg 150w, https:\/\/krossoil.ro\/wp-content\/uploads\/2025\/01\/5-768x768.jpg 768w\" sizes=\"auto, (max-width: 1000px) 100vw, 1000px\" \/>\t\t\t\t\t\t\n\t\t\t\t\t<\/div>\n\t\t\t\t\t\t\t\t\n<style>\n#image_1611949464 {\n  width: 100%;\n}\n<\/style>\n\t<\/div>\n\t\n\t<div class=\"img has-hover x md-x lg-x y md-y lg-y\" id=\"image_432293654\">\n\t\t\t\t\t\t\t\t<div class=\"img-inner dark\" >\n\t\t\t<img loading=\"lazy\" decoding=\"async\" width=\"1000\" height=\"1000\" src=\"https:\/\/krossoil.ro\/wp-content\/uploads\/2025\/01\/6.jpg\" class=\"attachment-large size-large\" alt=\"\" srcset=\"https:\/\/krossoil.ro\/wp-content\/uploads\/2025\/01\/6.jpg 1000w, https:\/\/krossoil.ro\/wp-content\/uploads\/2025\/01\/6-600x600.jpg 600w, https:\/\/krossoil.ro\/wp-content\/uploads\/2025\/01\/6-100x100.jpg 100w, https:\/\/krossoil.ro\/wp-content\/uploads\/2025\/01\/6-300x300.jpg 300w, https:\/\/krossoil.ro\/wp-content\/uploads\/2025\/01\/6-150x150.jpg 150w, https:\/\/krossoil.ro\/wp-content\/uploads\/2025\/01\/6-768x768.jpg 768w\" sizes=\"auto, (max-width: 1000px) 100vw, 1000px\" \/>\t\t\t\t\t\t\n\t\t\t\t\t<\/div>\n\t\t\t\t\t\t\t\t\n<style>\n#image_432293654 {\n  width: 100%;\n}\n<\/style>\n\t<\/div>\n\t\n\t<div class=\"img has-hover x md-x lg-x y md-y lg-y\" id=\"image_2068312914\">\n\t\t\t\t\t\t\t\t<div class=\"img-inner dark\" >\n\t\t\t<img loading=\"lazy\" decoding=\"async\" width=\"1000\" height=\"1000\" src=\"https:\/\/krossoil.ro\/wp-content\/uploads\/2025\/01\/8.jpg\" class=\"attachment-large size-large\" alt=\"\" srcset=\"https:\/\/krossoil.ro\/wp-content\/uploads\/2025\/01\/8.jpg 1000w, https:\/\/krossoil.ro\/wp-content\/uploads\/2025\/01\/8-600x600.jpg 600w, https:\/\/krossoil.ro\/wp-content\/uploads\/2025\/01\/8-100x100.jpg 100w, https:\/\/krossoil.ro\/wp-content\/uploads\/2025\/01\/8-300x300.jpg 300w, https:\/\/krossoil.ro\/wp-content\/uploads\/2025\/01\/8-150x150.jpg 150w, https:\/\/krossoil.ro\/wp-content\/uploads\/2025\/01\/8-768x768.jpg 768w\" sizes=\"auto, (max-width: 1000px) 100vw, 1000px\" \/>\t\t\t\t\t\t\n\t\t\t\t\t<\/div>\n\t\t\t\t\t\t\t\t\n<style>\n#image_2068312914 {\n  width: 100%;\n}\n<\/style>\n\t<\/div>\n\t\n\t<div class=\"img has-hover x md-x lg-x y md-y lg-y\" id=\"image_1790016048\">\n\t\t\t\t\t\t\t\t<div class=\"img-inner dark\" >\n\t\t\t<img loading=\"lazy\" decoding=\"async\" width=\"1000\" height=\"1000\" src=\"https:\/\/krossoil.ro\/wp-content\/uploads\/2025\/01\/9.jpg\" class=\"attachment-large size-large\" alt=\"\" srcset=\"https:\/\/krossoil.ro\/wp-content\/uploads\/2025\/01\/9.jpg 1000w, https:\/\/krossoil.ro\/wp-content\/uploads\/2025\/01\/9-600x600.jpg 600w, https:\/\/krossoil.ro\/wp-content\/uploads\/2025\/01\/9-100x100.jpg 100w, https:\/\/krossoil.ro\/wp-content\/uploads\/2025\/01\/9-300x300.jpg 300w, https:\/\/krossoil.ro\/wp-content\/uploads\/2025\/01\/9-150x150.jpg 150w, https:\/\/krossoil.ro\/wp-content\/uploads\/2025\/01\/9-768x768.jpg 768w\" sizes=\"auto, (max-width: 1000px) 100vw, 1000px\" \/>\t\t\t\t\t\t\n\t\t\t\t\t<\/div>\n\t\t\t\t\t\t\t\t\n<style>\n#image_1790016048 {\n  width: 100%;\n}\n<\/style>\n\t<\/div>\n\t\n\t<div class=\"img has-hover x md-x lg-x y md-y lg-y\" id=\"image_1777164932\">\n\t\t\t\t\t\t\t\t<div class=\"img-inner dark\" >\n\t\t\t<img loading=\"lazy\" decoding=\"async\" width=\"1000\" height=\"1000\" src=\"https:\/\/krossoil.ro\/wp-content\/uploads\/2025\/01\/10.jpg\" class=\"attachment-large size-large\" alt=\"\" srcset=\"https:\/\/krossoil.ro\/wp-content\/uploads\/2025\/01\/10.jpg 1000w, https:\/\/krossoil.ro\/wp-content\/uploads\/2025\/01\/10-600x600.jpg 600w, https:\/\/krossoil.ro\/wp-content\/uploads\/2025\/01\/10-100x100.jpg 100w, https:\/\/krossoil.ro\/wp-content\/uploads\/2025\/01\/10-300x300.jpg 300w, https:\/\/krossoil.ro\/wp-content\/uploads\/2025\/01\/10-150x150.jpg 150w, https:\/\/krossoil.ro\/wp-content\/uploads\/2025\/01\/10-768x768.jpg 768w\" sizes=\"auto, (max-width: 1000px) 100vw, 1000px\" \/>\t\t\t\t\t\t\n\t\t\t\t\t<\/div>\n\t\t\t\t\t\t\t\t\n<style>\n#image_1777164932 {\n  width: 100%;\n}\n<\/style>\n\t<\/div>\n\t\n\t<div class=\"img has-hover x md-x lg-x y md-y lg-y\" id=\"image_531819527\">\n\t\t\t\t\t\t\t\t<div class=\"img-inner dark\" >\n\t\t\t<img loading=\"lazy\" decoding=\"async\" width=\"1000\" height=\"1000\" src=\"https:\/\/krossoil.ro\/wp-content\/uploads\/2025\/01\/11.jpg\" class=\"attachment-large size-large\" alt=\"\" srcset=\"https:\/\/krossoil.ro\/wp-content\/uploads\/2025\/01\/11.jpg 1000w, https:\/\/krossoil.ro\/wp-content\/uploads\/2025\/01\/11-600x600.jpg 600w, https:\/\/krossoil.ro\/wp-content\/uploads\/2025\/01\/11-100x100.jpg 100w, https:\/\/krossoil.ro\/wp-content\/uploads\/2025\/01\/11-300x300.jpg 300w, https:\/\/krossoil.ro\/wp-content\/uploads\/2025\/01\/11-150x150.jpg 150w, https:\/\/krossoil.ro\/wp-content\/uploads\/2025\/01\/11-768x768.jpg 768w\" sizes=\"auto, (max-width: 1000px) 100vw, 1000px\" \/>\t\t\t\t\t\t\n\t\t\t\t\t<\/div>\n\t\t\t\t\t\t\t\t\n<style>\n#image_531819527 {\n  width: 100%;\n}\n<\/style>\n\t<\/div>\n\t\n\t<div class=\"img has-hover x md-x lg-x y md-y lg-y\" id=\"image_325744265\">\n\t\t\t\t\t\t\t\t<div class=\"img-inner dark\" >\n\t\t\t<img loading=\"lazy\" decoding=\"async\" width=\"1000\" height=\"1000\" src=\"https:\/\/krossoil.ro\/wp-content\/uploads\/2025\/01\/12.jpg\" class=\"attachment-large size-large\" alt=\"\" srcset=\"https:\/\/krossoil.ro\/wp-content\/uploads\/2025\/01\/12.jpg 1000w, https:\/\/krossoil.ro\/wp-content\/uploads\/2025\/01\/12-600x600.jpg 600w, https:\/\/krossoil.ro\/wp-content\/uploads\/2025\/01\/12-100x100.jpg 100w, https:\/\/krossoil.ro\/wp-content\/uploads\/2025\/01\/12-300x300.jpg 300w, https:\/\/krossoil.ro\/wp-content\/uploads\/2025\/01\/12-150x150.jpg 150w, https:\/\/krossoil.ro\/wp-content\/uploads\/2025\/01\/12-768x768.jpg 768w\" sizes=\"auto, (max-width: 1000px) 100vw, 1000px\" \/>\t\t\t\t\t\t\n\t\t\t\t\t<\/div>\n\t\t\t\t\t\t\t\t\n<style>\n#image_325744265 {\n  width: 100%;\n}\n<\/style>\n\t<\/div>\n\t\n     <\/div>\n\n     <div class=\"loading-spin dark large centered\"><\/div>\n\n\t\n<style>\n#slider-675322390 .flickity-slider > * {\n  max-width: 50%!important;\n}\n<\/style>\n<\/div>\n\n\n\t\t<\/div>\n\t\t\t\t\t<\/div>\n\n\t\n<\/div>\n\t\t<\/div>\n\n\t\t\n<style>\n#section_984799229 {\n  padding-top: 30px;\n  padding-bottom: 30px;\n  background-color: rgb(0,0,0);\n}\n<\/style>\n\t<\/section>","protected":false},"excerpt":{"rendered":"","protected":false},"author":2,"featured_media":0,"parent":0,"menu_order":0,"comment_status":"closed","ping_status":"closed","template":"page-blank.php","meta":{"footnotes":""},"class_list":["post-181","page","type-page","status-publish","hentry"],"_links":{"self":[{"href":"https:\/\/krossoil.ro\/hu\/wp-json\/wp\/v2\/pages\/181","targetHints":{"allow":["GET"]}}],"collection":[{"href":"https:\/\/krossoil.ro\/hu\/wp-json\/wp\/v2\/pages"}],"about":[{"href":"https:\/\/krossoil.ro\/hu\/wp-json\/wp\/v2\/types\/page"}],"author":[{"embeddable":true,"href":"https:\/\/krossoil.ro\/hu\/wp-json\/wp\/v2\/users\/2"}],"replies":[{"embeddable":true,"href":"https:\/\/krossoil.ro\/hu\/wp-json\/wp\/v2\/comments?post=181"}],"version-history":[{"count":5,"href":"https:\/\/krossoil.ro\/hu\/wp-json\/wp\/v2\/pages\/181\/revisions"}],"predecessor-version":[{"id":2027,"href":"https:\/\/krossoil.ro\/hu\/wp-json\/wp\/v2\/pages\/181\/revisions\/2027"}],"wp:attachment":[{"href":"https:\/\/krossoil.ro\/hu\/wp-json\/wp\/v2\/media?parent=181"}],"curies":[{"name":"wp","href":"https:\/\/api.w.org\/{rel}","templated":true}]}}