{"id":237,"date":"2025-01-10T12:35:28","date_gmt":"2025-01-10T10:35:28","guid":{"rendered":"https:\/\/dev.krossoil.ro\/?page_id=237"},"modified":"2025-10-21T10:47:08","modified_gmt":"2025-10-21T08:47:08","slug":"termeni-si-conditii","status":"publish","type":"page","link":"https:\/\/krossoil.ro\/hu\/termeni-si-conditii\/","title":{"rendered":"Termeni si conditii"},"content":{"rendered":"<div class=\"row align-center\"  id=\"row-109190104\">\n\n\t<div id=\"col-1360244084\" class=\"col small-12 large-12\"  >\n\t\t\t\t<div class=\"col-inner\"  >\n\t\t\t\n\t\t\t\n\t<div id=\"gap-1273511141\" class=\"gap-element clearfix\" style=\"display:block; height:auto;\">\n\t\t\n<style>\n#gap-1273511141 {\n  padding-top: 10vh;\n}\n<\/style>\n\t<\/div>\n\t\n<h2><span style=\"font-weight: 600;\">Felhaszn\u00e1l\u00e1si felt\u00e9telek<\/span><\/h2>\n<p><strong>A www.krossoil.ro weboldalon megjelen\u00edtett term\u00e9kek megtekint\u00e9se vagy haszn\u00e1lata a lent r\u00e9szletezett felhaszn\u00e1l\u00e1si felt\u00e9telek elfogad\u00e1s\u00e1t jelenti. A weboldal megfelel\u0151 haszn\u00e1lat\u00e1hoz javasolt a Felhaszn\u00e1l\u00e1si felt\u00e9telek figyelmes elolvas\u00e1sa.<\/strong><\/p>\n<h3>Online keresked\u0151<\/h3>\n<p class=\"translation-block\"><strong>www.krossoil.ro<\/strong> egy online szolg\u00e1ltat\u00e1s, amelyet a S.C. CONEX DISTRIBUTION S.A. \u00fczemeltet, sz\u00e9khelye \u00e9s levelez\u00e9si c\u00edme: Ia\u0219i, Calea Chi\u0219in\u0103ului utca 32. sz\u00e1m, ir\u00e1ny\u00edt\u00f3sz\u00e1m 700180, Ia\u0219i megye, Rom\u00e1nia. Bejegyezve a Kereskedelmi Nyilv\u00e1ntart\u00e1sba J22\/2934\/2003 sz\u00e1m alatt, ad\u00f3sz\u00e1m 16019310, alapt\u0151ke 27.445.500 lej, banksz\u00e1mlasz\u00e1m: RO10BACX0000000487006000, Unicredit Ia\u0219i, e-mail: marketing@conexdist.ro.<\/p>\n<p class=\"translation-block\">Fenntartjuk a jogot, hogy el\u0151zetes \u00e9rtes\u00edt\u00e9s n\u00e9lk\u00fcl m\u00f3dos\u00edtsuk ezeket a Felhaszn\u00e1l\u00e1si felt\u00e9teleket, valamint a <strong>www.krossoil.ro<\/strong> weboldalon tal\u00e1lhat\u00f3 tartalmakat. A \u201eFelhaszn\u00e1l\u00e1si felt\u00e9telek\u201d oldal megnyit\u00e1s\u00e1val mindig el\u00e9rheti a legfrissebb verzi\u00f3t.<\/p>\n<p>A felek k\u00f6z\u00f6tti kapcsolatot a k\u00f6vetkez\u0151 jogszab\u00e1lyok szab\u00e1lyozz\u00e1k:<\/p>\n<ul>\n<li>21\/1992. sz. korm\u00e1nyrendelet a fogyaszt\u00f3v\u00e9delemr\u0151l<\/li>\n<li>34\/2014. sz. s\u00fcrg\u0151ss\u00e9gi korm\u00e1nyrendelet a fogyaszt\u00f3k jogair\u00f3l a szakemberekkel k\u00f6t\u00f6tt szerz\u0151d\u00e9sek keret\u00e9ben<\/li>\n<li>363\/2007. sz. t\u00f6rv\u00e9ny a tisztess\u00e9gtelen kereskedelmi gyakorlatok elleni k\u00fczdelemr\u0151l a keresked\u0151k \u00e9s a fogyaszt\u00f3k k\u00f6z\u00f6tti kapcsolatokban, valamint a szab\u00e1lyoz\u00e1sok \u00f6sszehangol\u00e1s\u00e1r\u00f3l az eur\u00f3pai fogyaszt\u00f3v\u00e9delmi jogszab\u00e1lyokkal<\/li>\n<li>365\/2002. sz. t\u00f6rv\u00e9ny az elektronikus kereskedelemr\u0151l<\/li>\n<\/ul>\n<h3>Szellemi tulajdon \u00e9s szerz\u0151i jog<\/h3>\n<p class=\"translation-block\">A <strong>www.krossoil.ro<\/strong> weboldal teljes tartalma, bele\u00e9rtve a sz\u00f6vegeket, k\u00e9peket, grafik\u00e1kat, webes grafikai elemeket, szkripteket \u00e9s b\u00e1rmely m\u00e1s adatot, a S.C. CONEX DISTRIBUTION S.A. vagy besz\u00e1ll\u00edt\u00f3inak tulajdon\u00e1t k\u00e9pezi, \u00e9s a szerz\u0151i jogi t\u00f6rv\u00e9nyek, valamint a szellemi \u00e9s ipari tulajdonjogokra vonatkoz\u00f3 jogszab\u00e1lyok v\u00e9dik. A <strong>www.krossoil.ro<\/strong><\/p>\n<h3>Szem\u00e9lyes adatok megad\u00e1sa<\/h3>\n<p class=\"translation-block\">A <strong>www.krossoil.ro<\/strong> weboldalon ny\u00fajtott szolg\u00e1ltat\u00e1sok a sz\u00fcks\u00e9ges regisztr\u00e1ci\u00f3s folyamatok elv\u00e9gz\u00e9se ut\u00e1n azonnal megkezd\u0151dnek. A megadott adatoknak pontosnak kell lenni\u00fck. A regisztr\u00e1ci\u00f3val v\u00e1llalja, hogy helyes nevet, c\u00edmet \u00e9s egy\u00e9b sz\u00fcks\u00e9ges inform\u00e1ci\u00f3kat ad meg. Ezen adatok jav\u00edt\u00e1s\u00e1hoz vagy friss\u00edt\u00e9s\u00e9hez k\u00e9rj\u00fck, l\u00e9pjen be fi\u00f3kj\u00e1ba. Fi\u00f3kj\u00e1hoz val\u00f3 hozz\u00e1f\u00e9r\u00e9ssel \u00e9s szem\u00e9lyes jelszava haszn\u00e1lat\u00e1val \u00d6n felel\u0151s minden, ebb\u0151l ered\u0151 tev\u00e9kenys\u00e9g\u00e9rt. Az SC CONEX DISTRIBUTION SA nem vonhat\u00f3 felel\u0151ss\u00e9gre a felhaszn\u00e1l\u00f3 hanyags\u00e1g\u00e1b\u00f3l ered\u0151 hib\u00e1k\u00e9rt, amelyek a fi\u00f3k vagy a jelsz\u00f3 biztons\u00e1g\u00e1t \u00e9s titkoss\u00e1g\u00e1t \u00e9rintik.<\/p>\n<h3>Szem\u00e9lyes adatok biztons\u00e1ga<\/h3>\n<p class=\"translation-block\">Szem\u00e9lyes adatait az SC CONEX DISTRIBUTION SA felhaszn\u00e1lhatja e-mailben, post\u00e1n vagy m\u00e1s kommunik\u00e1ci\u00f3s csatorn\u00e1kon kereszt\u00fcl t\u00f6rt\u00e9n\u0151 t\u00e1j\u00e9koztat\u00e1sra, statisztikai jelent\u00e9sek k\u00e9sz\u00edt\u00e9s\u00e9re stb. Szem\u00e9lyes adatait a hat\u00f3s\u00e1goknak is tov\u00e1bb\u00edthatj\u00e1k jogszer\u0171 vizsg\u00e1latok c\u00e9lj\u00e1b\u00f3l. Az \u00fcgyfelek \u00e1ltal megadott inform\u00e1ci\u00f3k szigor\u00faan bizalmasak. Az SC CONEX DISTRIBUTION SA v\u00e1llalja, hogy nem adja \u00e1t ezeket az adatokat harmadik feleknek vagy v\u00e1llalatoknak, \u00e9s kiz\u00e1r\u00f3lag az \u00fcgyf\u00e9l \u00e9s az SC CONEX DISTRIBUTION SA k\u00f6z\u00f6tti \u00fczleti kapcsolat c\u00e9ljaira haszn\u00e1lja fel.<br>Ez a weboldal biztons\u00e1gi int\u00e9zked\u00e9seket alkalmaz az inform\u00e1ci\u00f3k elveszt\u00e9s\u00e9nek, megv\u00e1ltoztat\u00e1s\u00e1nak vagy helytelen haszn\u00e1lat\u00e1nak megakad\u00e1lyoz\u00e1s\u00e1ra. Az SC CONEX DISTRIBUTION SA v\u00e1llalja, hogy betartja a 677\/2001. t\u00f6rv\u00e9ny \u00e1ltal biztos\u00edtott jogait, \u00e9s k\u00e9r\u00e9s\u00e9re (marketing@conexdist.ro c\u00edmre k\u00fcldve) ingyenesen kijav\u00edtja, friss\u00edti, blokkolja, t\u00f6rli vagy anonimiz\u00e1lja azokat az adatokat, amelyek feldolgoz\u00e1sa nem felel meg a szem\u00e9lyes adatok v\u00e9delm\u00e9r\u0151l sz\u00f3l\u00f3 t\u00f6rv\u00e9ny el\u0151\u00edr\u00e1sainak; tov\u00e1bb\u00e1 megsz\u00fcnteti szem\u00e9lyes adatainak feldolgoz\u00e1s\u00e1t.<br>Az SC CONEX DISTRIBUTION SA tan\u00fas\u00edtja, hogy betartja a szem\u00e9lyes adatok feldolgoz\u00e1s\u00e1ra \u00e9s szabad \u00e1raml\u00e1s\u00e1ra vonatkoz\u00f3 677\/2001. t\u00f6rv\u00e9ny, a 365\/2002. t\u00f6rv\u00e9ny az elektronikus kereskedelemr\u0151l \u00e9s a 130\/2000. rendelet a fogyaszt\u00f3v\u00e9delemr\u0151l el\u0151\u00edr\u00e1sait. Ezen jogok k\u00f6z\u00e9 tartozik t\u00f6bbek k\u00f6z\u00f6tt:<br>annak a jognak a gyakorl\u00e1sa, hogy \u00e9vente egyszer ingyenesen k\u00e9rheti az SC CONEX DISTRIBUTION SA-t\u00f3l a meger\u0151s\u00edt\u00e9st arr\u00f3l, hogy szem\u00e9lyes adatait feldolgozz\u00e1k-e vagy sem;<\/p>\n<ul>\n<li>az a jog, hogy az SC CONEX DISTRIBUTION SA-t\u00f3l k\u00e9rje a megadott adatok ingyenes helyesb\u00edt\u00e9s\u00e9t, friss\u00edt\u00e9s\u00e9t, z\u00e1rol\u00e1s\u00e1t vagy t\u00f6rl\u00e9s\u00e9t, amennyiben azok feldolgoz\u00e1sa nem felel meg a 677\/2001. t\u00f6rv\u00e9ny rendelkez\u00e9seinek;<\/li>\n<li class=\"translation-block\">az a jog, hogy k\u00e9rje az SC CONEX DISTRIBUTION SA-t\u00f3l szem\u00e9lyes adatainak ingyenes feldolgoz\u00e1s\u00e1nak megsz\u00fcntet\u00e9s\u00e9t;<br>B\u00e1rmilyen k\u00eds\u00e9rlet arra, hogy m\u00e1s felhaszn\u00e1l\u00f3 szem\u00e9lyes adatait el\u00e9rje, a <strong>www.krossoil.ro<\/strong> weboldal tartalm\u00e1t m\u00f3dos\u00edtsa, vagy a <strong>www.krossoil.ro<\/strong> weboldalt futtat\u00f3 szerver teljes\u00edtm\u00e9ny\u00e9t befoly\u00e1solja, csal\u00e1si k\u00eds\u00e9rletnek min\u0151s\u00fcl, \u00e9s b\u00fcntet\u0151elj\u00e1r\u00e1st von maga ut\u00e1n az elk\u00f6vet\u0151(k) ellen.<\/li>\n<\/ul>\n<h3>Szolg\u00e1ltat\u00e1sok bemutat\u00e1sa \u00e9s term\u00e9kle\u00edr\u00e1s<\/h3>\n<p class=\"translation-block\">Az SC CONEX DISTRIBUTION SA fenntartja a jogot, hogy b\u00e1rmikor, el\u0151zetes \u00e9rtes\u00edt\u00e9s n\u00e9lk\u00fcl m\u00f3dos\u00edtson a <strong>www.krossoil.ro<\/strong> weboldalon tal\u00e1lhat\u00f3 m\u0171szaki adatokon. A <strong>www.krossoil.ro<\/strong> weboldalon tal\u00e1lhat\u00f3 term\u00e9kle\u00edr\u00e1sok kiz\u00e1r\u00f3lag t\u00e1j\u00e9koztat\u00f3 jelleg\u0171ek, \u00e9s nem min\u0151s\u00fclnek szerz\u0151d\u00e9ses k\u00f6telezetts\u00e9gnek. A weboldalon tal\u00e1lhat\u00f3 f\u00e9nyk\u00e9pek illusztr\u00e1ci\u00f3k, \u00e9s elt\u00e9r\u00e9sek lehetnek a val\u00f3s term\u00e9kekhez k\u00e9pest.<\/p>\n<p>Az SC CONEX DISTRIBUTION SA nem v\u00e1llal felel\u0151ss\u00e9get, \u00e9s nem vonhat\u00f3 felel\u0151ss\u00e9gre semmilyen k\u00e1r\u00e9rt, amely a weboldalon tal\u00e1lhat\u00f3 aj\u00e1nl\u00e1sok alapj\u00e1n v\u00e1s\u00e1rolt term\u00e9kek rendeltet\u00e9st\u0151l elt\u00e9r\u0151 haszn\u00e1lat\u00e1b\u00f3l ered.<\/p>\n<p class=\"translation-block\">A <strong>www.krossoil.ro<\/strong> weboldal teljes tartalma \u2013 k\u00e9pek, sz\u00f6vegek, grafik\u00e1k, szimb\u00f3lumok, webes grafikai elemek, e-mailek, szkriptek, programok \u00e9s egy\u00e9b adatok \u2013 a <strong>www.krossoil.ro<\/strong> \u00e9s besz\u00e1ll\u00edt\u00f3inak tulajdona, \u00e9s a szerz\u0151i jog v\u00e9delm\u00e9r\u0151l sz\u00f3l\u00f3 8\/1996. t\u00f6rv\u00e9ny, valamint a szellemi \u00e9s ipari tulajdonra vonatkoz\u00f3 jogszab\u00e1lyok v\u00e9dik. A fent felsorolt elemek b\u00e1rmelyik\u00e9nek a <strong>www.krossoil.ro<\/strong> hozz\u00e1j\u00e1rul\u00e1sa n\u00e9lk\u00fcli haszn\u00e1lata a hat\u00e1lyos jogszab\u00e1lyok szerint b\u00fcntetend\u0151.<\/p>\n<p class=\"translation-block\">A <strong>www.krossoil.ro<\/strong> weboldalon bemutatott term\u00e9keket a <strong>www.krossoil.ro<\/strong> gy\u00e1rtja \u00e9s forgalmazza. A term\u00e9kek \u00e1rai b\u00e1rmikor megv\u00e1ltozhatnak. V\u00e1s\u00e1rl\u00e1s el\u0151tt ellen\u0151rizze a v\u00e9gs\u0151 elad\u00e1si \u00e1rat.<\/p>\n<h3>Garanci\u00e1k \u00e9s korl\u00e1toz\u00e1sok<\/h3>\n<p class=\"translation-block\"><strong>www.krossoil.ro<\/strong> semmilyen kifejezett vagy hallgat\u00f3lagos garanci\u00e1t nem v\u00e1llal a weboldallal kapcsolatban. A weboldalon tal\u00e1lhat\u00f3 minden tartalom \u201eahogy van\u201d alapon ker\u00fcl rendelkez\u00e9sre bocs\u00e1t\u00e1sra, a rendelkez\u00e9sre \u00e1ll\u00e1s f\u00fcggv\u00e9ny\u00e9ben, b\u00e1rmilyen tov\u00e1bbi garancia n\u00e9lk\u00fcl. Az SC CONEX DISTRIBUTION SA nem v\u00e1llal felel\u0151ss\u00e9get, ha a weboldal technikai vagy kereskedelmi okokb\u00f3l hat\u00e1rozatlan ideig nem el\u00e9rhet\u0151. Az esetleges haszn\u00e1lati hib\u00e1k\u00e9rt, amelyeket a t\u00e1rhelyszolg\u00e1ltat\u00f3 m\u00f3dos\u00edt\u00e1sai, be\u00e1ll\u00edt\u00e1sai vagy friss\u00edt\u00e9sei okoznak, eln\u00e9z\u00e9st k\u00e9r\u00fcnk, azonban a felel\u0151ss\u00e9g kiz\u00e1r\u00f3lag a szolg\u00e1ltat\u00f3t terheli. Az SC CONEX DISTRIBUTION SA fenntartja a jogot, hogy b\u00e1rmikor, el\u0151zetes \u00e9rtes\u00edt\u00e9s n\u00e9lk\u00fcl, r\u00e9szben vagy eg\u00e9szben m\u00f3dos\u00edtsa a weboldalon tal\u00e1lhat\u00f3 inform\u00e1ci\u00f3kat. Az SC CONEX DISTRIBUTION SA fenntartja a jogot a weboldal felf\u00fcggeszt\u00e9s\u00e9re vagy megsz\u00fcntet\u00e9s\u00e9re is el\u0151zetes \u00e9rtes\u00edt\u00e9s n\u00e9lk\u00fcl. Az SC CONEX DISTRIBUTION SA nem v\u00e1llal felel\u0151ss\u00e9get a weboldal \u00e9s a felhaszn\u00e1l\u00f3k sz\u00e1m\u00edt\u00f3g\u00e9peinek kompatibilit\u00e1s\u00e1\u00e9rt. A weboldalt \u00f6nk\u00e9ntesen l\u00e1togatj\u00e1k a felhaszn\u00e1l\u00f3k, akik visszavonhatatlanul \u00e9s felt\u00e9tel n\u00e9lk\u00fcl v\u00e1llalj\u00e1k a felel\u0151ss\u00e9get a hozz\u00e1f\u00e9r\u00e9s\u00e9rt.<\/p>\n<h3>Vis maior<\/h3>\n<p class=\"translation-block\"><strong>www.krossoil.ro<\/strong>, annak partnerei \u00e9s\/vagy a <strong>www.krossoil.ro<\/strong> term\u00e9k- vagy szolg\u00e1ltat\u00e1ssz\u00e1ll\u00edt\u00f3i nem tehet\u0151k felel\u0151ss\u00e9 semmilyen k\u00e9sedelem\u00e9rt vagy hib\u00e1\u00e9rt, amely k\u00f6zvetlen\u00fcl vagy k\u00f6zvetve a <strong>www.krossoil.ro<\/strong> akarat\u00e1t\u00f3l f\u00fcggetlen okokb\u00f3l ered. Ez a felel\u0151ss\u00e9gkiz\u00e1r\u00e1s mag\u00e1ban foglalja, de nem korl\u00e1toz\u00f3dik a k\u00f6vetkez\u0151kre: a <strong>www.krossoil.ro<\/strong> technikai berendez\u00e9seinek meghib\u00e1sod\u00e1sa, internetkapcsolati probl\u00e9m\u00e1k, telefonkapcsolati hib\u00e1k, sz\u00e1m\u00edt\u00f3g\u00e9pes v\u00edrusok, jogosulatlan hozz\u00e1f\u00e9r\u00e9s a <strong>www.krossoil.ro<\/strong> rendszereihez, kezel\u00e9si hib\u00e1k, valamint a hat\u00e1lyos jogszab\u00e1lyokban meghat\u00e1rozott vis maior esetek.<\/p>\n<h3>Rekl\u00e1m<\/h3>\n<p class=\"translation-block\">A <strong>www.krossoil.ro<\/strong> weboldalon megjelenhetnek hirdet\u00e9sek saj\u00e1t k\u00edn\u00e1lat\u00e1ban szerepl\u0151 term\u00e9kekr\u0151l, valamint harmadik felek term\u00e9keir\u0151l vagy szolg\u00e1ltat\u00e1sair\u00f3l. A <strong>www.krossoil.ro<\/strong> haszn\u00e1lat\u00e1val \u00e9s a Felhaszn\u00e1l\u00e1si Felt\u00e9telek \u00e9s az Adatv\u00e9delmi Szab\u00e1lyzat elfogad\u00e1s\u00e1val kifejezetten hozz\u00e1j\u00e1rul ahhoz, hogy ilyen kereskedelmi jelleg\u0171 k\u00f6zl\u00e9seket kapjon.<\/p>\n\t\t<\/div>\n\t\t\t\t\t<\/div>\n\n\t\n<\/div>","protected":false},"excerpt":{"rendered":"","protected":false},"author":2,"featured_media":0,"parent":0,"menu_order":0,"comment_status":"closed","ping_status":"closed","template":"page-blank.php","meta":{"footnotes":""},"class_list":["post-237","page","type-page","status-publish","hentry"],"_links":{"self":[{"href":"https:\/\/krossoil.ro\/hu\/wp-json\/wp\/v2\/pages\/237","targetHints":{"allow":["GET"]}}],"collection":[{"href":"https:\/\/krossoil.ro\/hu\/wp-json\/wp\/v2\/pages"}],"about":[{"href":"https:\/\/krossoil.ro\/hu\/wp-json\/wp\/v2\/types\/page"}],"author":[{"embeddable":true,"href":"https:\/\/krossoil.ro\/hu\/wp-json\/wp\/v2\/users\/2"}],"replies":[{"embeddable":true,"href":"https:\/\/krossoil.ro\/hu\/wp-json\/wp\/v2\/comments?post=237"}],"version-history":[{"count":5,"href":"https:\/\/krossoil.ro\/hu\/wp-json\/wp\/v2\/pages\/237\/revisions"}],"predecessor-version":[{"id":2390,"href":"https:\/\/krossoil.ro\/hu\/wp-json\/wp\/v2\/pages\/237\/revisions\/2390"}],"wp:attachment":[{"href":"https:\/\/krossoil.ro\/hu\/wp-json\/wp\/v2\/media?parent=237"}],"curies":[{"name":"wp","href":"https:\/\/api.w.org\/{rel}","templated":true}]}}