{"id":275,"date":"2025-01-10T14:20:48","date_gmt":"2025-01-10T12:20:48","guid":{"rendered":"https:\/\/dev.krossoil.ro\/?page_id=275"},"modified":"2025-10-21T13:41:14","modified_gmt":"2025-10-21T11:41:14","slug":"cookies","status":"publish","type":"page","link":"https:\/\/krossoil.ro\/hu\/cookies\/","title":{"rendered":"S\u00fctikre vonatkoz\u00f3 szab\u00e1lyzat"},"content":{"rendered":"<div class=\"row align-center\"  id=\"row-1389359503\">\n\n\t<div id=\"col-1056151129\" class=\"col small-12 large-12\"  >\n\t\t\t\t<div class=\"col-inner\"  >\n\t\t\t\n\t\t\t\n\t<div id=\"gap-28362500\" class=\"gap-element clearfix\" style=\"display:block; height:auto;\">\n\t\t\n<style>\n#gap-28362500 {\n  padding-top: 10vh;\n}\n<\/style>\n\t<\/div>\n\t\n<h2>S\u00fctikre vonatkoz\u00f3 szab\u00e1lyzat<\/h2>\n<p>Ez a szab\u00e1lyzat ismerteti, hogy a www.krossoil.ro weboldal mik\u00e9nt haszn\u00e1lja a s\u00fctiket a l\u00e1togat\u00f3i \u00e9lm\u00e9ny jav\u00edt\u00e1sa, a webhely teljes\u00edtm\u00e9ny\u00e9nek elemz\u00e9se \u00e9s a megjelen\u00edtett tartalom szem\u00e9lyre szab\u00e1sa \u00e9rdek\u00e9ben.<\/p>\n<h3>Mik azok a s\u00fctik?<\/h3>\n<p>A s\u00fctik kis m\u00e9ret\u0171 sz\u00f6veges f\u00e1jlok, amelyek a weboldal megl\u00e1togat\u00e1sakor a k\u00e9sz\u00fcl\u00e9k\u00e9n t\u00e1rol\u00f3dnak. Ezek a weboldal hat\u00e9kony m\u0171k\u00f6d\u00e9s\u00e9t, a l\u00e1togat\u00f3k viselked\u00e9s\u00e9nek elemz\u00e9s\u00e9t \u00e9s a k\u00edn\u00e1lt szolg\u00e1ltat\u00e1sok szem\u00e9lyre szab\u00e1s\u00e1t szolg\u00e1lj\u00e1k.<\/p>\n<h3>Milyen t\u00edpus\u00fa s\u00fctiket haszn\u00e1lunk?<\/h3>\n<p>A k\u00f6vetkez\u0151 s\u00fctikateg\u00f3ri\u00e1kat haszn\u00e1ljuk:<\/p>\n<table>\n<thead>\n<tr>\n<th>S\u00fcti t\u00edpusa<\/th>\n<th>N\u00e9v<\/th>\n<th>Le\u00edr\u00e1s<\/th>\n<th>Id\u0151tartam<\/th>\n<th>C\u00e9l<\/th>\n<\/tr>\n<\/thead>\n<tbody>\n<tr>\n<td>Sz\u00fcks\u00e9ges<\/td>\n<td>pll_language<\/td>\n<td>Megjegyzi a felhaszn\u00e1l\u00f3 \u00e1ltal kiv\u00e1lasztott nyelvet<\/td>\n<td>1 \u00e9v<\/td>\n<td>Alapvet\u0151 m\u0171k\u00f6d\u00e9s<\/td>\n<\/tr>\n<tr>\n<td>Sz\u00fcks\u00e9ges<\/td>\n<td>cookieyes-consent<\/td>\n<td>Elmenti a felhaszn\u00e1l\u00f3 s\u00fctikre vonatkoz\u00f3 hozz\u00e1j\u00e1rul\u00e1si be\u00e1ll\u00edt\u00e1sait.<\/td>\n<td>1 \u00e9v<\/td>\n<td>GDPR-megfelel\u00e9s<\/td>\n<\/tr>\n<tr>\n<td>Sz\u00fcks\u00e9ges<\/td>\n<td>wpEmojiSettingsSupports<\/td>\n<td>Ellen\u0151rzi, hogy a b\u00f6ng\u00e9sz\u0151 t\u00e1mogatja-e az emojikat.<\/td>\n<td>Munkamenet<\/td>\n<td>Technikai kompatibilit\u00e1s<\/td>\n<\/tr>\n<tr>\n<td>Analitikus<\/td>\n<td>_ga, _ga_*<\/td>\n<td>Google Analytics \u2013 m\u00e9ri a l\u00e1togat\u00e1sokat \u00e9s a felhaszn\u00e1l\u00f3i viselked\u00e9st.<\/td>\n<td>1 \u00e9v, 1 h\u00f3nap, 4 nap<\/td>\n<td>Forgalmi statisztik\u00e1k<\/td>\n<\/tr>\n<tr>\n<td>Analitikus<\/td>\n<td>CLID, _clck, _clsk, SM<\/td>\n<td>Microsoft Clarity \u2013 r\u00f6gz\u00edti a l\u00e1togat\u00f3k viselked\u00e9s\u00e9t.<\/td>\n<td>1 nap \u2013 1 \u00e9v<\/td>\n<td>UX elemz\u00e9s<\/td>\n<\/tr>\n<tr>\n<td>Rekl\u00e1m<\/td>\n<td>MUID, MR, SRM_B, ANONCHK<\/td>\n<td>A Microsoft\/Bing \u00e1ll\u00edtja be a hirdet\u00e9sek szem\u00e9lyre szab\u00e1s\u00e1hoz \u00e9s a nyomon k\u00f6vet\u00e9shez.<\/td>\n<td>7 nap \u2013 1 \u00e9v<\/td>\n<td>Remarketing<\/td>\n<\/tr>\n<\/tbody>\n<\/table>\n<h3>Be\u00e1ll\u00edt\u00e1sok kezel\u00e9se<\/h3>\n<p>A s\u00fctiket k\u00f6zvetlen\u00fcl az els\u0151 l\u00e1togat\u00e1skor megjelen\u0151 hozz\u00e1j\u00e1rul\u00e1si bannerb\u0151l elfogadhatja vagy elutas\u00edthatja. Ezenk\u00edv\u00fcl lehet\u0151s\u00e9ge van azok blokkol\u00e1s\u00e1ra vagy t\u00f6rl\u00e9s\u00e9re a b\u00f6ng\u00e9sz\u0151 be\u00e1ll\u00edt\u00e1saiban. Az alapvet\u0151 s\u00fctik letilt\u00e1sa befoly\u00e1solhatja a webhely m\u0171k\u00f6d\u00e9s\u00e9t.<\/p>\n<h3>Harmadik f\u00e9l szolg\u00e1ltat\u00e1sai<\/h3>\n<p>A webhely k\u00fcls\u0151 szolg\u00e1ltat\u00e1sokat haszn\u00e1l, p\u00e9ld\u00e1ul a Google Analyticset \u00e9s a Microsoft Clarityt. Ezek a saj\u00e1t szab\u00e1lyzataiknak megfelel\u0151en gy\u0171jthetnek adatokat:<\/p>\n<ul>\n<li><a href=\"https:\/\/policies.google.com\/privacy\" target=\"_blank\" rel=\"noopener\">Google adatv\u00e9delmi szab\u00e1lyzat<\/a><\/li>\n<li><a href=\"https:\/\/privacy.microsoft.com\/ro-ro\/\" target=\"_blank\" rel=\"noopener\">Microsoft adatv\u00e9delmi szab\u00e1lyzat<\/a><\/li>\n<\/ul>\n<h3>Kapcsolat<\/h3>\n<p>A szab\u00e1lyzattal kapcsolatos k\u00e9rd\u00e9sek eset\u00e9n k\u00e9rj\u00fck, vegye fel vel\u00fcnk a kapcsolatot az al\u00e1bbi c\u00edmen: marketing@conexdist.ro<\/p>\n<p>A www.krossoil.ro weboldal haszn\u00e1lat\u00e1nak folytat\u00e1s\u00e1val \u00d6n meger\u0151s\u00edti, hogy elfogadja a s\u00fctik haszn\u00e1lat\u00e1t a jelen szab\u00e1lyzatnak megfelel\u0151en.<\/p>\n<p>\u00a0<\/p>\n\t\t<\/div>\n\t\t\t\t\t<\/div>\n\n\t\n<\/div>","protected":false},"excerpt":{"rendered":"","protected":false},"author":2,"featured_media":0,"parent":0,"menu_order":0,"comment_status":"closed","ping_status":"closed","template":"page-blank.php","meta":{"footnotes":""},"class_list":["post-275","page","type-page","status-publish","hentry"],"_links":{"self":[{"href":"https:\/\/krossoil.ro\/hu\/wp-json\/wp\/v2\/pages\/275","targetHints":{"allow":["GET"]}}],"collection":[{"href":"https:\/\/krossoil.ro\/hu\/wp-json\/wp\/v2\/pages"}],"about":[{"href":"https:\/\/krossoil.ro\/hu\/wp-json\/wp\/v2\/types\/page"}],"author":[{"embeddable":true,"href":"https:\/\/krossoil.ro\/hu\/wp-json\/wp\/v2\/users\/2"}],"replies":[{"embeddable":true,"href":"https:\/\/krossoil.ro\/hu\/wp-json\/wp\/v2\/comments?post=275"}],"version-history":[{"count":5,"href":"https:\/\/krossoil.ro\/hu\/wp-json\/wp\/v2\/pages\/275\/revisions"}],"predecessor-version":[{"id":2399,"href":"https:\/\/krossoil.ro\/hu\/wp-json\/wp\/v2\/pages\/275\/revisions\/2399"}],"wp:attachment":[{"href":"https:\/\/krossoil.ro\/hu\/wp-json\/wp\/v2\/media?parent=275"}],"curies":[{"name":"wp","href":"https:\/\/api.w.org\/{rel}","templated":true}]}}