{"id":285,"date":"2025-01-10T15:09:26","date_gmt":"2025-01-10T13:09:26","guid":{"rendered":"https:\/\/dev.krossoil.ro\/?page_id=285"},"modified":"2025-10-21T13:43:26","modified_gmt":"2025-10-21T11:43:26","slug":"privacy","status":"publish","type":"page","link":"https:\/\/krossoil.ro\/hu\/privacy\/","title":{"rendered":"Adatv\u00e9delmi szab\u00e1lyzat"},"content":{"rendered":"<div class=\"row align-center\"  id=\"row-409389209\">\n\n\t<div id=\"col-111873639\" class=\"col small-12 large-12\"  >\n\t\t\t\t<div class=\"col-inner\"  >\n\t\t\t\n\t\t\t\n\t<div id=\"gap-924859713\" class=\"gap-element clearfix\" style=\"display:block; height:auto;\">\n\t\t\n<style>\n#gap-924859713 {\n  padding-top: 10vh;\n}\n<\/style>\n\t<\/div>\n\t\n<h2>Adatv\u00e9delmi szab\u00e1lyzat<\/h2>\n<p>Szem\u00e9lyes adatok kezel\u00e9s\u00e9re vonatkoz\u00f3 inform\u00e1ci\u00f3k<\/p>\n<h3>Az \u00d6n adatai<\/h3>\n<p>A www.krossoil.ro a 679\/2016\/EU rendelet el\u0151\u00edr\u00e1sainak megfelel\u0151en gy\u0171jti \u00e9s kezeli a szem\u00e9lyes adatokat, amikor \u00d6n \u00fczenetet k\u00fcld a weboldalon tal\u00e1lhat\u00f3 \u0171rlapok egyik\u00e9n kereszt\u00fcl. Ezek az adatok biztons\u00e1gosan, kiz\u00e1r\u00f3lag bels\u0151 tov\u00e1bb\u00edt\u00e1sra ker\u00fclnek a megfelel\u0151 szakter\u00fclet\u00e9rt felel\u0151s oszt\u00e1lyokhoz. Ezenk\u00edv\u00fcl szem\u00e9lyes adatokat gy\u0171jt\u00fcnk \u00e9s kezel\u00fcnk rekl\u00e1mc\u00e9lokra, nyerem\u00e9nyj\u00e1t\u00e9kokhoz vagy marketingkamp\u00e1nyokhoz, amelyeket kiz\u00e1r\u00f3lag a www.krossoil.ro v\u00e9gez. Az \u00d6n adatait nem adjuk \u00e1t harmadik feleknek az \u00d6n kifejezett hozz\u00e1j\u00e1rul\u00e1sa n\u00e9lk\u00fcl, \u00e9s nem tessz\u00fck azokat nyilv\u00e1noss\u00e1.<\/p>\n<h3>Milyen adatokat haszn\u00e1lunk<\/h3>\n<p>Ha \u00d6n a weboldal \u00fcgyfele, a www.krossoil.ro a k\u00f6vetkez\u0151 szem\u00e9lyes adatokat kezeli, p\u00e9ld\u00e1ul:<\/p>\n<ul>\n<li>Vezet\u00e9kn\u00e9v \u00e9s keresztn\u00e9v<\/li>\n<li>Telefonsz\u00e1m<\/li>\n<li>E-mail c\u00edm<\/li>\n<li>Az adatok, amelyek arra vonatkoznak, hogyan haszn\u00e1lja a weboldalt (p\u00e9ld\u00e1ul viselked\u00e9se, preferenci\u00e1i vagy szok\u00e1sai a webhelyen bel\u00fcl). Ha \u00d6n a weboldal l\u00e1togat\u00f3ja, a www.krossoil.ro az \u00d6n \u00e1ltal megadott szem\u00e9lyes adatokat kezeli:<\/li>\n<li>K\u00f6zvetlen\u00fcl a weboldal haszn\u00e1lat\u00e1val \u00f6sszef\u00fcgg\u00e9sben, p\u00e9ld\u00e1ul az adatok, amelyeket a kapcsolatfelv\u00e9tel\/k\u00e9rd\u00e9sek\/panaszok r\u00e9szben ad meg, amennyiben \u00edgy l\u00e9p kapcsolatba vel\u00fcnk;<\/li>\n<li>K\u00f6zvetetten olyan adatok, mint: IP-c\u00edm, haszn\u00e1lt b\u00f6ng\u00e9sz\u0151, b\u00f6ng\u00e9sz\u00e9si id\u0151tartam, keres\u00e9si el\u0151zm\u00e9nyek, haszn\u00e1lt oper\u00e1ci\u00f3s rendszer, nyelv \u00e9s megtekintett oldalak, teljes URL-ek, kattint\u00e1si \u00fatvonalak a webhelyre, azon kereszt\u00fcl \u00e9s onnan, megtekintett\/keresett inform\u00e1ci\u00f3k vagy term\u00e9kek, bizonyos oldalak l\u00e1togat\u00e1s\u00e1nak id\u0151tartama, az oldalakkal val\u00f3 interakci\u00f3kra vonatkoz\u00f3 inform\u00e1ci\u00f3k (pl. g\u00f6rget\u00e9s, kattint\u00e1sok, eg\u00e9rmozg\u00e1sok), valamint a felhaszn\u00e1l\u00f3i viselked\u00e9sre vonatkoz\u00f3 adatok.<\/li>\n<\/ul>\n<h3>Az adatainak felhaszn\u00e1l\u00e1si c\u00e9lja<\/h3>\n<p class=\"translation-block\">Ha \u00d6n a weboldal l\u00e1togat\u00f3ja, a www.krossoil.ro az \u00d6n szem\u00e9lyes adatait a k\u00f6vetkez\u0151k\u00e9ppen kezeli: marketingtev\u00e9kenys\u00e9gek c\u00e9lj\u00e1b\u00f3l, azaz term\u00e9kekre \u00e9s szolg\u00e1ltat\u00e1sokra vonatkoz\u00f3 kereskedelmi \u00fczenetek k\u00fcld\u00e9s\u00e9re t\u00e1voli kommunik\u00e1ci\u00f3s eszk\u00f6z\u00f6k\u00f6n (e-mail, SMS) kereszt\u00fcl. Jogi alap: Az adatok ilyen c\u00e9l\u00fa kezel\u00e9se az \u00d6n hozz\u00e1j\u00e1rul\u00e1s\u00e1n alapul, amennyiben azt megadja. Az ilyen kereskedelmi \u00fczenetekr\u0151l val\u00f3 leiratkoz\u00e1shoz haszn\u00e1lhatja az opci\u00f3t minden e-mail\/SMS v\u00e9g\u00e9n, amely kereskedelmi inform\u00e1ci\u00f3kat tartalmaz. Az adatok megad\u00e1sa \u00f6nk\u00e9ntes. Az adatok kezel\u00e9s\u00e9hez val\u00f3 hozz\u00e1j\u00e1rul\u00e1s megtagad\u00e1sa nem j\u00e1r negat\u00edv k\u00f6vetkezm\u00e9nyekkel. Panaszok, bejelent\u00e9sek kezel\u00e9s\u00e9re, a forgalom nyomon k\u00f6vet\u00e9s\u00e9re \u00e9s a felhaszn\u00e1l\u00f3i \u00e9lm\u00e9ny jav\u00edt\u00e1s\u00e1ra is sor ker\u00fcl. Jogi alap: Az adatok ilyen c\u00e9l\u00fa kezel\u00e9se a www.krossoil.ro jogos \u00e9rdek\u00e9n alapul, hogy biztos\u00edtsa a weboldal megfelel\u0151 m\u0171k\u00f6d\u00e9s\u00e9t, valamint folyamatosan jav\u00edtsa a l\u00e1togat\u00f3k \u00e9lm\u00e9ny\u00e9t, bele\u00e9rtve a k\u00fcl\u00f6nb\u00f6z\u0151 megjegyz\u00e9sek, k\u00e9rd\u00e9sek vagy panaszok megold\u00e1s\u00e1t is.<br>Az adatok megad\u00e1sa \u00f6nk\u00e9ntes. Az adatok megad\u00e1s\u00e1nak megtagad\u00e1sa nem j\u00e1r negat\u00edv k\u00f6vetkezm\u00e9nyekkel.<\/p>\n<h3>Az adatok kezel\u00e9s\u00e9nek id\u0151tartama<\/h3>\n<p>A www.krossoil.ro addig kezeli az \u00d6n szem\u00e9lyes adatait, ameddig az a fent eml\u00edtett adatkezel\u00e9si c\u00e9lok el\u00e9r\u00e9s\u00e9hez sz\u00fcks\u00e9ges. Ha visszavonja hozz\u00e1j\u00e1rul\u00e1s\u00e1t az adatok marketing c\u00e9l\u00fa kezel\u00e9s\u00e9hez, az \u00d6n szem\u00e9lyes adatainak ezen c\u00e9l\u00fa kezel\u00e9se megsz\u0171nik, an\u00e9lk\u00fcl hogy ez \u00e9rinten\u00e9 a visszavon\u00e1s el\u0151tt, az \u00d6n hozz\u00e1j\u00e1rul\u00e1sa alapj\u00e1n v\u00e9gzett adatkezel\u00e9seket.<\/p>\n<h3>Szem\u00e9lyes adatok nyilv\u00e1noss\u00e1gra hozatala<\/h3>\n<p>Az adatkezel\u0151n k\u00edv\u00fcl bizonyos esetekben az adatokhoz harmadik felek is hozz\u00e1f\u00e9rhetnek, p\u00e9ld\u00e1ul szolg\u00e1ltat\u00f3k, sz\u00e1ll\u00edtm\u00e1nyoz\u00f3 partnerek, t\u00e1rhelyszolg\u00e1ltat\u00f3k vagy informatikai c\u00e9gek, amelyeket sz\u00fcks\u00e9g eset\u00e9n az adatkezel\u0151 adatfeldolgoz\u00f3k\u00e9nt jel\u00f6lhet ki.<\/p>\n<p>Szerz\u0151d\u00e9sben k\u00f6telezettek az adatok bizalmas kezel\u00e9s\u00e9re, \u00e9s azokat kiz\u00e1r\u00f3lag arra a c\u00e9lra haszn\u00e1lhatj\u00e1k, amelyre azokat \u00e1tadt\u00e1k.<\/p>\n<p>Szem\u00e9lyes adatait tov\u00e1bb\u00edthatjuk k\u00f6zponti vagy helyi hat\u00f3s\u00e1goknak is, az al\u00e1bbi p\u00e9ld\u00e1l\u00f3z\u00f3 esetekben:<\/p>\n<ul>\n<li>a weboldal adminisztr\u00e1l\u00e1s\u00e1hoz;<\/li>\n<li>abban az esetben, ha az ilyen k\u00f6zl\u00e9s sz\u00fcks\u00e9ges a weboldalon kereszt\u00fcl szervezett k\u00fcl\u00f6nf\u00e9le prom\u00f3ci\u00f3s kamp\u00e1nyokban val\u00f3 r\u00e9szv\u00e9tel\u00fck eredm\u00e9nyek\u00e9nt elnyert d\u00edjak vagy egy\u00e9b kedvezm\u00e9nyek oda\u00edt\u00e9l\u00e9s\u00e9hez az \u00e9rintett szem\u00e9lyeknek;<\/li>\n<li>a weboldal \u00e9s az azon kereszt\u00fcl ny\u00fajtott szolg\u00e1ltat\u00e1sok karbantart\u00e1s\u00e1hoz, szem\u00e9lyre szab\u00e1s\u00e1hoz \u00e9s fejleszt\u00e9s\u00e9hez;<\/li>\n<li>az adatelemz\u00e9s, tesztel\u00e9s \u00e9s kutat\u00e1s elv\u00e9gz\u00e9s\u00e9hez, a haszn\u00e1lati \u00e9s aktivit\u00e1si trendek nyomon k\u00f6vet\u00e9s\u00e9hez, a biztons\u00e1gi funkci\u00f3k fejleszt\u00e9s\u00e9hez \u00e9s a felhaszn\u00e1l\u00f3k hiteles\u00edt\u00e9s\u00e9hez;<\/li>\n<li>marketingc\u00e9l\u00fa kereskedelmi \u00fczenetek k\u00fcld\u00e9s\u00e9hez, a t\u00f6rv\u00e9nyben meghat\u00e1rozott felt\u00e9telek \u00e9s korl\u00e1tok k\u00f6z\u00f6tt;<\/li>\n<li>amikor a szem\u00e9lyes adatok nyilv\u00e1noss\u00e1gra hozatal\u00e1t a t\u00f6rv\u00e9ny \u00edrja el\u0151, stb.;<\/li>\n<\/ul>\n<h3>Szem\u00e9lyes adatok tov\u00e1bb\u00edt\u00e1sa<\/h3>\n<p>A www.krossoil.ro r\u00e9sz\u00e9re megadott szem\u00e9lyes adatok Rom\u00e1ni\u00e1n k\u00edv\u00fclre is tov\u00e1bb\u00edthat\u00f3k, de kiz\u00e1r\u00f3lag az Eur\u00f3pai Uni\u00f3 tag\u00e1llamaiba.<\/p>\n<h3>Az \u00d6n jogai<\/h3>\n<p>A szem\u00e9lyes adatok feldolgoz\u00e1s\u00e1ra vonatkoz\u00f3 jogszab\u00e1lyokban meghat\u00e1rozott felt\u00e9telek mellett, \u00e9rintett szem\u00e9lyk\u00e9nt, a k\u00f6vetkez\u0151 jogok illetik meg \u00d6nt:<\/p>\n<ul>\n<li>a t\u00e1j\u00e9koztat\u00e1shoz val\u00f3 jog \u2013 joga van r\u00e9szletes inform\u00e1ci\u00f3t kapni a www.krossoil.ro \u00e1ltal v\u00e9gzett adatkezel\u00e9si tev\u00e9kenys\u00e9gekr\u0151l, a jelen dokumentumban le\u00edrtak szerint;<\/li>\n<li>az adatokhoz val\u00f3 hozz\u00e1f\u00e9r\u00e9s joga \u2013 joga van meger\u0151s\u00edt\u00e9st kapni a szem\u00e9lyes adatok kezel\u00e9s\u00e9r\u0151l, valamint r\u00e9szletes t\u00e1j\u00e9koztat\u00e1st az adatkezel\u00e9si tev\u00e9kenys\u00e9gek m\u00f3dj\u00e1r\u00f3l \u00e9s jelleg\u00e9r\u0151l;<\/li>\n<li>az adatok kezel\u00e9se, az adatkezel\u00e9s c\u00e9lja, az adatok c\u00edmzettjei vagy a c\u00edmzettek kateg\u00f3ri\u00e1i stb.;<\/li>\n<li>a helyesb\u00edt\u00e9shez val\u00f3 jog \u2013 joga van k\u00e9rni a pontatlan vagy indokolatlan szem\u00e9lyes adatok k\u00e9sedelem n\u00e9lk\u00fcli helyesb\u00edt\u00e9s\u00e9t, valamint a hi\u00e1nyos adatok kieg\u00e9sz\u00edt\u00e9s\u00e9t;<\/li>\n<li>az adatok t\u00f6rl\u00e9s\u00e9hez val\u00f3 jog, indokolatlan k\u00e9sedelem n\u00e9lk\u00fcl (\u201eaz elfeledtet\u00e9shez val\u00f3 jog\u201d) \u2013 bizonyos felt\u00e9telek mellett alkalmazand\u00f3. El\u0151fordulhat, hogy az adatok t\u00f6rl\u00e9s\u00e9re ir\u00e1nyul\u00f3 k\u00e9relem ut\u00e1n az adatokat anonimiz\u00e1lj\u00e1k (\u00edgy azok elvesz\u00edtik szem\u00e9lyes jelleg\u00fcket), \u00e9s ezekben a felt\u00e9telekben statisztikai c\u00e9lokra tov\u00e1bb kezelik;<\/li>\n<li>az adatkezel\u00e9s korl\u00e1toz\u00e1s\u00e1hoz val\u00f3 jog, bizonyos felt\u00e9telek mellett;<\/li>\n<li>az adathordozhat\u00f3s\u00e1ghoz val\u00f3 jog \u2013 joga van ahhoz, hogy szem\u00e9lyes adatait struktur\u00e1lt, \u00e1ltal\u00e1nosan haszn\u00e1lt \u00e9s k\u00f6nnyen olvashat\u00f3 form\u00e1tumban megkapja, valamint hogy ezeket az adatokat egy m\u00e1sik adatkezel\u0151h\u00f6z tov\u00e1bb\u00edts\u00e1k, amennyiben a t\u00f6rv\u00e9nyben meghat\u00e1rozott felt\u00e9telek teljes\u00fclnek;<\/li>\n<li>a jog, hogy kapcsolatba l\u00e9pjen a Szem\u00e9lyes Adatok Feldolgoz\u00e1s\u00e1t Fel\u00fcgyel\u0151 Nemzeti Hat\u00f3s\u00e1ggal vagy az illet\u00e9kes b\u00edr\u00f3s\u00e1gokkal, amennyiben ezt sz\u00fcks\u00e9gesnek tartja;<\/li>\n<li>dreptul la opozitie:\n<ul>\n<li>in ceea ce priveste activitatile de prelucrare se poate exercita prin transmiterea unei solicitari conform celor indicate mai jos;<\/li>\n<li>in orice moment, din motive legate de situatia particulara in care se afla persoana vizata, ca datele care o vizeaza sa fie prelucrate in temeiul interesului legitim al sau in temeiul interesului public, cu exceptia cazurilor in care poate demonstra ca are motive legitime si imperioase care justifica prelucarea si care prevaleaza asupra intereselor, drepturilor si libertatilor persoanelor vizate sau ca scopul este constatarea, exercitarea sau apararea unui drept in instanta;<\/li>\n<li>in orice moment, in mod gratuit si fara nicio justificare, ca datele care o vizeaza sa fie prelucrate in scop de marketing direct.<br \/>dreptul de a nu fi supus unei decizii individuale automate<br \/>dreptul de a nu fi subiectul unei decizii luate numai pe baza unor activitati de prelucrare automate, inclusiv crearea de profiluri, care produce efecte juridice care privesc persoana vizata sau o afecteaza in mod similar intr-o masura semnificativa;<\/li>\n<\/ul>\n<\/li>\n<\/ul>\n<p>A szem\u00e9lyes adatok kezel\u00e9s\u00e9vel kapcsolatos tov\u00e1bbi k\u00e9rd\u00e9sek eset\u00e9n, valamint a fent eml\u00edtett jogok gyakorl\u00e1s\u00e1hoz k\u00e9rj\u00fck, vegye fel vel\u00fcnk a kapcsolatot a k\u00f6vetkez\u0151 e-mail c\u00edmen: marketing@conexdist.ro<\/p>\n<h3>A adatv\u00e9delmi ir\u00e1nyelv m\u00f3dos\u00edt\u00e1sai<\/h3>\n<p>Fenntartjuk a jogot, hogy m\u00f3dos\u00edtsuk jelen adatv\u00e9delmi ir\u00e1nyelvet. Jelent\u0151s v\u00e1ltoz\u00e1sok eset\u00e9n a j\u00f6v\u0151ben e-mailben (amennyiben lehets\u00e9ges) vagy a weboldalon megjelen\u0151 k\u00fcl\u00f6n \u00fczenetben \u00e9rtes\u00edtj\u00fck \u00d6nt.<\/p>\n\t\t<\/div>\n\t\t\t\t\t<\/div>\n\n\t\n<\/div>","protected":false},"excerpt":{"rendered":"","protected":false},"author":2,"featured_media":0,"parent":0,"menu_order":0,"comment_status":"closed","ping_status":"closed","template":"page-blank.php","meta":{"footnotes":""},"class_list":["post-285","page","type-page","status-publish","hentry"],"_links":{"self":[{"href":"https:\/\/krossoil.ro\/hu\/wp-json\/wp\/v2\/pages\/285","targetHints":{"allow":["GET"]}}],"collection":[{"href":"https:\/\/krossoil.ro\/hu\/wp-json\/wp\/v2\/pages"}],"about":[{"href":"https:\/\/krossoil.ro\/hu\/wp-json\/wp\/v2\/types\/page"}],"author":[{"embeddable":true,"href":"https:\/\/krossoil.ro\/hu\/wp-json\/wp\/v2\/users\/2"}],"replies":[{"embeddable":true,"href":"https:\/\/krossoil.ro\/hu\/wp-json\/wp\/v2\/comments?post=285"}],"version-history":[{"count":5,"href":"https:\/\/krossoil.ro\/hu\/wp-json\/wp\/v2\/pages\/285\/revisions"}],"predecessor-version":[{"id":2403,"href":"https:\/\/krossoil.ro\/hu\/wp-json\/wp\/v2\/pages\/285\/revisions\/2403"}],"wp:attachment":[{"href":"https:\/\/krossoil.ro\/hu\/wp-json\/wp\/v2\/media?parent=285"}],"curies":[{"name":"wp","href":"https:\/\/api.w.org\/{rel}","templated":true}]}}