{"id":1219,"date":"2025-01-17T11:26:51","date_gmt":"2025-01-17T09:26:51","guid":{"rendered":"https:\/\/dev.krossoil.ro\/catalog\/fara-categorie\/diesel-detox-premium\/"},"modified":"2026-02-25T16:23:23","modified_gmt":"2026-02-25T14:23:23","slug":"diesel-detox-premium","status":"publish","type":"product","link":"https:\/\/krossoil.ro\/hu\/catalog\/aditivi\/diesel-detox-premium\/","title":{"rendered":"DIESEL DETOX PREMIUM"},"content":{"rendered":"","protected":false},"excerpt":{"rendered":"<p>A DIESEL DETOX PREMIUM egy cs\u00facskateg\u00f3ri\u00e1s d\u00edzelrendszer-tiszt\u00edt\u00f3 \u00e9s regener\u00e1l\u00f3 term\u00e9k, amely megoldja a modern d\u00edzelmotorokban lerak\u00f3d\u00e1sok okozta \u00f6sszes gyakori probl\u00e9m\u00e1t. A Diesel Detox PREMIUM val\u00f3ban multifunkcion\u00e1lis term\u00e9k, amely megtiszt\u00edtja az eg\u00e9sz \u00fczemanyagrendszert, bele\u00e9rtve az injektorokat (bels\u0151 \u00e9s k\u00fcls\u0151), a szelepeket \u00e9s az \u00e9g\u00e9steret. Ak\u00e1r 5 ponttal n\u00f6veli a cet\u00e1nsz\u00e1mot, \u00e9s keni a d\u00edzel szivatty\u00fat alacsony k\u00e9ntartalm\u00fa \u00fczemanyag haszn\u00e1lata eset\u00e9n. Ez a motor teljes\u00edtm\u00e9ny\u00e9nek \u00e9s \u00fczemanyag-hat\u00e9konys\u00e1g\u00e1nak gyors helyre\u00e1ll\u00edt\u00e1s\u00e1t eredm\u00e9nyezi.<\/p>","protected":false},"featured_media":445,"comment_status":"open","ping_status":"closed","template":"","meta":[],"product_brand":[],"product_cat":[67],"product_tag":[],"class_list":{"0":"post-1219","1":"product","2":"type-product","3":"status-publish","4":"has-post-thumbnail","6":"product_cat-aditivi","7":"pa_aplicabilitate-autoturisme","8":"pa_aplicabilitate-camioane","9":"pa_aplicabilitate-utilaje-agricole","10":"pa_aplicabilitate-utilaje-hidraulice","12":"first","13":"instock","14":"featured","15":"shipping-taxable","16":"product-type-simple"},"_links":{"self":[{"href":"https:\/\/krossoil.ro\/hu\/wp-json\/wp\/v2\/product\/1219","targetHints":{"allow":["GET"]}}],"collection":[{"href":"https:\/\/krossoil.ro\/hu\/wp-json\/wp\/v2\/product"}],"about":[{"href":"https:\/\/krossoil.ro\/hu\/wp-json\/wp\/v2\/types\/product"}],"replies":[{"embeddable":true,"href":"https:\/\/krossoil.ro\/hu\/wp-json\/wp\/v2\/comments?post=1219"}],"wp:featuredmedia":[{"embeddable":true,"href":"https:\/\/krossoil.ro\/hu\/wp-json\/wp\/v2\/media\/445"}],"wp:attachment":[{"href":"https:\/\/krossoil.ro\/hu\/wp-json\/wp\/v2\/media?parent=1219"}],"wp:term":[{"taxonomy":"product_brand","embeddable":true,"href":"https:\/\/krossoil.ro\/hu\/wp-json\/wp\/v2\/product_brand?post=1219"},{"taxonomy":"product_cat","embeddable":true,"href":"https:\/\/krossoil.ro\/hu\/wp-json\/wp\/v2\/product_cat?post=1219"},{"taxonomy":"product_tag","embeddable":true,"href":"https:\/\/krossoil.ro\/hu\/wp-json\/wp\/v2\/product_tag?post=1219"}],"curies":[{"name":"wp","href":"https:\/\/api.w.org\/{rel}","templated":true}]}}