{"id":1225,"date":"2025-01-17T11:26:52","date_gmt":"2025-01-17T09:26:52","guid":{"rendered":"https:\/\/dev.krossoil.ro\/catalog\/fara-categorie\/motor-oil-treatment-mos2\/"},"modified":"2026-02-25T16:23:23","modified_gmt":"2026-02-25T14:23:23","slug":"motor-oil-treatment-mos2","status":"publish","type":"product","link":"https:\/\/krossoil.ro\/hu\/catalog\/aditivi\/motor-oil-treatment-mos2\/","title":{"rendered":"MOTOR OIL TREATMENT + MOS2"},"content":{"rendered":"","protected":false},"excerpt":{"rendered":"<p>A MOTOR OIL TREATMENT + MOS2 egy molibd\u00e9n-diszulfid diszperzi\u00f3 er\u0151sen finom\u00edtott \u00e1sv\u00e1nyi olajban. A r\u00e9szecsk\u00e9k exkluz\u00edv kiv\u00e1laszt\u00e1s\u00e1nak \u00e9s a rendk\u00edv\u00fcl kifinomult gy\u00e1rt\u00e1si folyamatnak k\u00f6sz\u00f6nhet\u0151en a hasonl\u00f3 term\u00e9kekhez k\u00e9pest rendk\u00edv\u00fcl magas stabilit\u00e1ssal rendelkezik.<\/p>","protected":false},"featured_media":454,"comment_status":"open","ping_status":"closed","template":"","meta":[],"product_brand":[],"product_cat":[67],"product_tag":[],"class_list":{"0":"post-1225","1":"product","2":"type-product","3":"status-publish","4":"has-post-thumbnail","6":"product_cat-aditivi","7":"pa_aplicabilitate-autoturisme","8":"pa_aplicabilitate-camioane","9":"pa_aplicabilitate-motociclete","10":"pa_aplicabilitate-utilaje-agricole","11":"pa_aplicabilitate-utilaje-hidraulice","13":"first","14":"instock","15":"featured","16":"shipping-taxable","17":"product-type-simple"},"_links":{"self":[{"href":"https:\/\/krossoil.ro\/hu\/wp-json\/wp\/v2\/product\/1225","targetHints":{"allow":["GET"]}}],"collection":[{"href":"https:\/\/krossoil.ro\/hu\/wp-json\/wp\/v2\/product"}],"about":[{"href":"https:\/\/krossoil.ro\/hu\/wp-json\/wp\/v2\/types\/product"}],"replies":[{"embeddable":true,"href":"https:\/\/krossoil.ro\/hu\/wp-json\/wp\/v2\/comments?post=1225"}],"wp:featuredmedia":[{"embeddable":true,"href":"https:\/\/krossoil.ro\/hu\/wp-json\/wp\/v2\/media\/454"}],"wp:attachment":[{"href":"https:\/\/krossoil.ro\/hu\/wp-json\/wp\/v2\/media?parent=1225"}],"wp:term":[{"taxonomy":"product_brand","embeddable":true,"href":"https:\/\/krossoil.ro\/hu\/wp-json\/wp\/v2\/product_brand?post=1225"},{"taxonomy":"product_cat","embeddable":true,"href":"https:\/\/krossoil.ro\/hu\/wp-json\/wp\/v2\/product_cat?post=1225"},{"taxonomy":"product_tag","embeddable":true,"href":"https:\/\/krossoil.ro\/hu\/wp-json\/wp\/v2\/product_tag?post=1225"}],"curies":[{"name":"wp","href":"https:\/\/api.w.org\/{rel}","templated":true}]}}