{"id":1226,"date":"2025-01-17T11:26:52","date_gmt":"2025-01-17T09:26:52","guid":{"rendered":"https:\/\/dev.krossoil.ro\/catalog\/fara-categorie\/diesel-treatment\/"},"modified":"2026-02-25T16:23:23","modified_gmt":"2026-02-25T14:23:23","slug":"diesel-treatment","status":"publish","type":"product","link":"https:\/\/krossoil.ro\/hu\/catalog\/aditivi\/diesel-treatment\/","title":{"rendered":"DIESEL TREATMENT"},"content":{"rendered":"","protected":false},"excerpt":{"rendered":"<p>A DIESEL TREATMENT egy multifunkcion\u00e1lis d\u00edzeladal\u00e9k, amely megtiszt\u00edtja a teljes \u00fczemanyagrendszert, n\u00f6veli a cet\u00e1nsz\u00e1mot, valamint helyre\u00e1ll\u00edtja a teljes\u00edtm\u00e9nyt \u00e9s a hat\u00e9konys\u00e1got. Tartalmaz egy ken\u0151adal\u00e9kot is, amely alacsony k\u00e9ntartalm\u00fa \u00fczemanyag eset\u00e9n ken\u00e9st biztos\u00edt a d\u00edzel szivatty\u00fanak.<\/p>","protected":false},"featured_media":447,"comment_status":"open","ping_status":"closed","template":"","meta":[],"product_brand":[],"product_cat":[67],"product_tag":[],"class_list":{"0":"post-1226","1":"product","2":"type-product","3":"status-publish","4":"has-post-thumbnail","6":"product_cat-aditivi","7":"pa_aplicabilitate-autoturisme","8":"pa_aplicabilitate-camioane","9":"pa_aplicabilitate-motociclete","10":"pa_aplicabilitate-utilaje-agricole","11":"pa_aplicabilitate-utilaje-hidraulice","13":"first","14":"instock","15":"featured","16":"shipping-taxable","17":"product-type-simple"},"_links":{"self":[{"href":"https:\/\/krossoil.ro\/hu\/wp-json\/wp\/v2\/product\/1226","targetHints":{"allow":["GET"]}}],"collection":[{"href":"https:\/\/krossoil.ro\/hu\/wp-json\/wp\/v2\/product"}],"about":[{"href":"https:\/\/krossoil.ro\/hu\/wp-json\/wp\/v2\/types\/product"}],"replies":[{"embeddable":true,"href":"https:\/\/krossoil.ro\/hu\/wp-json\/wp\/v2\/comments?post=1226"}],"wp:featuredmedia":[{"embeddable":true,"href":"https:\/\/krossoil.ro\/hu\/wp-json\/wp\/v2\/media\/447"}],"wp:attachment":[{"href":"https:\/\/krossoil.ro\/hu\/wp-json\/wp\/v2\/media?parent=1226"}],"wp:term":[{"taxonomy":"product_brand","embeddable":true,"href":"https:\/\/krossoil.ro\/hu\/wp-json\/wp\/v2\/product_brand?post=1226"},{"taxonomy":"product_cat","embeddable":true,"href":"https:\/\/krossoil.ro\/hu\/wp-json\/wp\/v2\/product_cat?post=1226"},{"taxonomy":"product_tag","embeddable":true,"href":"https:\/\/krossoil.ro\/hu\/wp-json\/wp\/v2\/product_tag?post=1226"}],"curies":[{"name":"wp","href":"https:\/\/api.w.org\/{rel}","templated":true}]}}