{"id":1227,"date":"2025-01-17T11:26:52","date_gmt":"2025-01-17T09:26:52","guid":{"rendered":"https:\/\/dev.krossoil.ro\/catalog\/fara-categorie\/dpf-cleaner\/"},"modified":"2026-02-25T16:23:24","modified_gmt":"2026-02-25T14:23:24","slug":"dpf-cleaner","status":"publish","type":"product","link":"https:\/\/krossoil.ro\/hu\/catalog\/aditivi\/dpf-cleaner\/","title":{"rendered":"DPF CLEANER"},"content":{"rendered":"","protected":false},"excerpt":{"rendered":"<p>A DPF CLEANER egy cerium-oxid nanor\u00e9szecsk\u00e9ken alapul\u00f3 d\u00edzeladal\u00e9k, amely kataliz\u00e1tork\u00e9nt m\u0171k\u00f6dik a d\u00edzel r\u00e9szecskesz\u0171r\u0151k regener\u00e1l\u00e1s\u00e1hoz. A DPF Cleaner &amp; Regenerator Premium cs\u00f6kkenti a r\u00e9szecskesz\u0171r\u0151ben felhalmoz\u00f3dott korom gyullad\u00e1si h\u0151m\u00e9rs\u00e9klet\u00e9t, \u00e9s optimaliz\u00e1lja annak id\u0151szakos \u00e9g\u00e9s\u00e9t. Az egyed\u00fcl\u00e1ll\u00f3 kombin\u00e1ci\u00f3 \u2014 egy tiszta \u00fczemanyagrendszer, tiszt\u00e1bb \u00e9g\u00e9s alacsonyabb kibocs\u00e1t\u00e1ssal \u00e9s kataliz\u00e1lt koromszemcs\u00e9kkel \u2014 megtiszt\u00edtja \u00e9s seg\u00edt tiszt\u00e1n tartani a DPF-et, a kataliz\u00e1tort, a kipufog\u00f3g\u00e1z-visszavezet\u0151 rendszert (EGR), valamint a turb\u00f3felt\u00f6lt\u0151t \u00e9s annak v\u00e1ltoz\u00f3 geometriai lap\u00e1tjait a lerak\u00f3d\u00e1sokt\u00f3l.<\/p>","protected":false},"featured_media":450,"comment_status":"open","ping_status":"closed","template":"","meta":[],"product_brand":[],"product_cat":[67],"product_tag":[],"class_list":{"0":"post-1227","1":"product","2":"type-product","3":"status-publish","4":"has-post-thumbnail","6":"product_cat-aditivi","7":"pa_aplicabilitate-autoturisme","8":"pa_aplicabilitate-camioane","9":"pa_aplicabilitate-utilaje-agricole","10":"pa_aplicabilitate-utilaje-hidraulice","12":"first","13":"instock","14":"featured","15":"shipping-taxable","16":"product-type-simple"},"_links":{"self":[{"href":"https:\/\/krossoil.ro\/hu\/wp-json\/wp\/v2\/product\/1227","targetHints":{"allow":["GET"]}}],"collection":[{"href":"https:\/\/krossoil.ro\/hu\/wp-json\/wp\/v2\/product"}],"about":[{"href":"https:\/\/krossoil.ro\/hu\/wp-json\/wp\/v2\/types\/product"}],"replies":[{"embeddable":true,"href":"https:\/\/krossoil.ro\/hu\/wp-json\/wp\/v2\/comments?post=1227"}],"wp:featuredmedia":[{"embeddable":true,"href":"https:\/\/krossoil.ro\/hu\/wp-json\/wp\/v2\/media\/450"}],"wp:attachment":[{"href":"https:\/\/krossoil.ro\/hu\/wp-json\/wp\/v2\/media?parent=1227"}],"wp:term":[{"taxonomy":"product_brand","embeddable":true,"href":"https:\/\/krossoil.ro\/hu\/wp-json\/wp\/v2\/product_brand?post=1227"},{"taxonomy":"product_cat","embeddable":true,"href":"https:\/\/krossoil.ro\/hu\/wp-json\/wp\/v2\/product_cat?post=1227"},{"taxonomy":"product_tag","embeddable":true,"href":"https:\/\/krossoil.ro\/hu\/wp-json\/wp\/v2\/product_tag?post=1227"}],"curies":[{"name":"wp","href":"https:\/\/api.w.org\/{rel}","templated":true}]}}