{"id":1229,"date":"2025-01-17T11:26:52","date_gmt":"2025-01-17T09:26:52","guid":{"rendered":"https:\/\/dev.krossoil.ro\/catalog\/fara-categorie\/agro-utto-10w-30\/"},"modified":"2026-03-20T10:59:15","modified_gmt":"2026-03-20T08:59:15","slug":"agro-utto-10w-30","status":"publish","type":"product","link":"https:\/\/krossoil.ro\/hu\/catalog\/utilaje-agricole\/agro-utto-10w-30\/","title":{"rendered":"AGRO-UTTO 10W-30"},"content":{"rendered":"","protected":false},"excerpt":{"rendered":"<p>Az AGRO-UTTO 10W-30-at kifejezetten a modern berendez\u00e9sgy\u00e1rt\u00f3k, k\u00fcl\u00f6n\u00f6sen a nedves f\u00e9krendszerek ig\u00e9nyeinek kiel\u00e9g\u00edt\u00e9s\u00e9re fejlesztett\u00e9k ki. Alacsony viszkozit\u00e1s-v\u00e1ltoz\u00e1sa lehet\u0151v\u00e9 teszi a ken\u0151anyag eg\u00e9sz \u00e9ves haszn\u00e1lat\u00e1t sz\u00e9les h\u0151m\u00e9rs\u00e9klet-tartom\u00e1nyban. Kiv\u00e1l\u00f3 oxid\u00e1ci\u00f3s stabilit\u00e1sa hosszabb \u00e9lettartamot biztos\u00edt, ez\u00e1ltal jelent\u0151sen cs\u00f6kkenti a k\u00f6lts\u00e9geket.<\/p>","protected":false},"featured_media":2473,"comment_status":"open","ping_status":"closed","template":"","meta":[],"product_brand":[],"product_cat":[71],"product_tag":[],"class_list":{"0":"post-1229","1":"product","2":"type-product","3":"status-publish","4":"has-post-thumbnail","6":"product_cat-utilaje-agricole","7":"pa_aplicabilitate-utilaje-agricole","8":"pa_aplicabilitate-utilaje-hidraulice","10":"first","11":"instock","12":"shipping-taxable","13":"product-type-simple"},"_links":{"self":[{"href":"https:\/\/krossoil.ro\/hu\/wp-json\/wp\/v2\/product\/1229","targetHints":{"allow":["GET"]}}],"collection":[{"href":"https:\/\/krossoil.ro\/hu\/wp-json\/wp\/v2\/product"}],"about":[{"href":"https:\/\/krossoil.ro\/hu\/wp-json\/wp\/v2\/types\/product"}],"replies":[{"embeddable":true,"href":"https:\/\/krossoil.ro\/hu\/wp-json\/wp\/v2\/comments?post=1229"}],"wp:featuredmedia":[{"embeddable":true,"href":"https:\/\/krossoil.ro\/hu\/wp-json\/wp\/v2\/media\/2473"}],"wp:attachment":[{"href":"https:\/\/krossoil.ro\/hu\/wp-json\/wp\/v2\/media?parent=1229"}],"wp:term":[{"taxonomy":"product_brand","embeddable":true,"href":"https:\/\/krossoil.ro\/hu\/wp-json\/wp\/v2\/product_brand?post=1229"},{"taxonomy":"product_cat","embeddable":true,"href":"https:\/\/krossoil.ro\/hu\/wp-json\/wp\/v2\/product_cat?post=1229"},{"taxonomy":"product_tag","embeddable":true,"href":"https:\/\/krossoil.ro\/hu\/wp-json\/wp\/v2\/product_tag?post=1229"}],"curies":[{"name":"wp","href":"https:\/\/api.w.org\/{rel}","templated":true}]}}