{"id":1230,"date":"2025-01-17T11:26:52","date_gmt":"2025-01-17T09:26:52","guid":{"rendered":"https:\/\/dev.krossoil.ro\/catalog\/fara-categorie\/agro-stou-10w-30\/"},"modified":"2026-03-20T10:45:30","modified_gmt":"2026-03-20T08:45:30","slug":"agro-stou-10w-30","status":"publish","type":"product","link":"https:\/\/krossoil.ro\/hu\/catalog\/utilaje-agricole\/agro-stou-10w-30\/","title":{"rendered":"AGRO-STOU 10W-30"},"content":{"rendered":"","protected":false},"excerpt":{"rendered":"<p>Az AGRO-STOU 10W-30 egy univerz\u00e1lis t\u00f6bbfokozat\u00fa olaj, amely alkalmas motorok, sebess\u00e9gv\u00e1lt\u00f3k, nedves f\u00e9kek \u00e9s hidraulikus rendszerek ken\u00e9s\u00e9re szupertraktorokban (STOU). Sokoldal\u00fas\u00e1got \u00e9s k\u00e9nyelmet biztos\u00edt, mivel egyetlen olaj is elegend\u0151 a traktor k\u00fcl\u00f6nb\u00f6z\u0151 r\u00e9szeinek ken\u00e9s\u00e9re.<\/p>","protected":false},"featured_media":2468,"comment_status":"open","ping_status":"closed","template":"","meta":[],"product_brand":[],"product_cat":[71],"product_tag":[],"class_list":{"0":"post-1230","1":"product","2":"type-product","3":"status-publish","4":"has-post-thumbnail","6":"product_cat-utilaje-agricole","7":"pa_aplicabilitate-utilaje-agricole","8":"pa_aplicabilitate-utilaje-hidraulice","10":"first","11":"instock","12":"shipping-taxable","13":"product-type-simple"},"_links":{"self":[{"href":"https:\/\/krossoil.ro\/hu\/wp-json\/wp\/v2\/product\/1230","targetHints":{"allow":["GET"]}}],"collection":[{"href":"https:\/\/krossoil.ro\/hu\/wp-json\/wp\/v2\/product"}],"about":[{"href":"https:\/\/krossoil.ro\/hu\/wp-json\/wp\/v2\/types\/product"}],"replies":[{"embeddable":true,"href":"https:\/\/krossoil.ro\/hu\/wp-json\/wp\/v2\/comments?post=1230"}],"wp:featuredmedia":[{"embeddable":true,"href":"https:\/\/krossoil.ro\/hu\/wp-json\/wp\/v2\/media\/2468"}],"wp:attachment":[{"href":"https:\/\/krossoil.ro\/hu\/wp-json\/wp\/v2\/media?parent=1230"}],"wp:term":[{"taxonomy":"product_brand","embeddable":true,"href":"https:\/\/krossoil.ro\/hu\/wp-json\/wp\/v2\/product_brand?post=1230"},{"taxonomy":"product_cat","embeddable":true,"href":"https:\/\/krossoil.ro\/hu\/wp-json\/wp\/v2\/product_cat?post=1230"},{"taxonomy":"product_tag","embeddable":true,"href":"https:\/\/krossoil.ro\/hu\/wp-json\/wp\/v2\/product_tag?post=1230"}],"curies":[{"name":"wp","href":"https:\/\/api.w.org\/{rel}","templated":true}]}}