{"id":1233,"date":"2025-01-17T11:26:52","date_gmt":"2025-01-17T09:26:52","guid":{"rendered":"https:\/\/dev.krossoil.ro\/catalog\/fara-categorie\/exeo-5w30-c4-rn\/"},"modified":"2026-02-25T16:23:24","modified_gmt":"2026-02-25T14:23:24","slug":"exeo-5w30-c4-rn","status":"publish","type":"product","link":"https:\/\/krossoil.ro\/hu\/catalog\/autoturisme\/ulei-pentru-motor-auto\/exeo-5w30-c4-rn\/","title":{"rendered":"EXEO 5W30 C4-RN"},"content":{"rendered":"","protected":false},"excerpt":{"rendered":"<p class=\"translation-block\">Az EXEO 5W30 C4-RN egy szintetikus alap\u00fa motorolaj, amelyet t\u00f6bb OEM el\u0151\u00edr\u00e1sainak teljes\u00edt\u00e9s\u00e9re fejlesztettek ki.<br>\nAlacsony SAPS-tartalm\u00fa formul\u00e1ja teljes v\u00e9delmet ny\u00fajt a d\u00edzel r\u00e9szecskesz\u0171r\u0151nek (DPF).<br>\nEmellett kiv\u00e1l\u00f3 alacsony h\u0151m\u00e9rs\u00e9kleti foly\u00e9konys\u00e1ga megk\u00f6nny\u00edti a hidegind\u00edt\u00e1st t\u00e9li k\u00f6r\u00fclm\u00e9nyek k\u00f6z\u00f6tt.<\/p>","protected":false},"featured_media":2275,"comment_status":"open","ping_status":"closed","template":"","meta":[],"product_brand":[],"product_cat":[76],"product_tag":[],"class_list":{"0":"post-1233","1":"product","2":"type-product","3":"status-publish","4":"has-post-thumbnail","6":"product_cat-ulei-pentru-motor-auto","7":"pa_aplicabilitate-autoturisme","9":"first","10":"instock","11":"shipping-taxable","12":"product-type-simple"},"_links":{"self":[{"href":"https:\/\/krossoil.ro\/hu\/wp-json\/wp\/v2\/product\/1233","targetHints":{"allow":["GET"]}}],"collection":[{"href":"https:\/\/krossoil.ro\/hu\/wp-json\/wp\/v2\/product"}],"about":[{"href":"https:\/\/krossoil.ro\/hu\/wp-json\/wp\/v2\/types\/product"}],"replies":[{"embeddable":true,"href":"https:\/\/krossoil.ro\/hu\/wp-json\/wp\/v2\/comments?post=1233"}],"wp:featuredmedia":[{"embeddable":true,"href":"https:\/\/krossoil.ro\/hu\/wp-json\/wp\/v2\/media\/2275"}],"wp:attachment":[{"href":"https:\/\/krossoil.ro\/hu\/wp-json\/wp\/v2\/media?parent=1233"}],"wp:term":[{"taxonomy":"product_brand","embeddable":true,"href":"https:\/\/krossoil.ro\/hu\/wp-json\/wp\/v2\/product_brand?post=1233"},{"taxonomy":"product_cat","embeddable":true,"href":"https:\/\/krossoil.ro\/hu\/wp-json\/wp\/v2\/product_cat?post=1233"},{"taxonomy":"product_tag","embeddable":true,"href":"https:\/\/krossoil.ro\/hu\/wp-json\/wp\/v2\/product_tag?post=1233"}],"curies":[{"name":"wp","href":"https:\/\/api.w.org\/{rel}","templated":true}]}}