{"id":1237,"date":"2025-01-17T11:26:52","date_gmt":"2025-01-17T09:26:52","guid":{"rendered":"https:\/\/dev.krossoil.ro\/catalog\/fara-categorie\/innova-0w30-c2-fd\/"},"modified":"2026-02-25T16:23:24","modified_gmt":"2026-02-25T14:23:24","slug":"innova-0w30-c2-fd","status":"publish","type":"product","link":"https:\/\/krossoil.ro\/hu\/catalog\/autoturisme\/ulei-pentru-motor-auto\/innova-0w30-c2-fd\/","title":{"rendered":"INNOVA 0W30 C2-FD"},"content":{"rendered":"","protected":false},"excerpt":{"rendered":"<p>Az INNOVA 0W30 C2-FD egy teljesen szintetikus ken\u0151anyag, amelyet az EURO 6 TDCI Duratorq motorokhoz fejlesztettek ki, amelyeket az \u00faj gener\u00e1ci\u00f3s Ford modellekben (2014 \u2013 \u2026) haszn\u00e1lnak, turb\u00f3felt\u00f6lt\u0151vel \u00e9s kipufog\u00f3g\u00e1z-ut\u00f3kezel\u0151 rendszerrel felszerelve. Ez a fejlett technol\u00f3giai fejleszt\u00e9s nagy stabilit\u00e1st biztos\u00edt, hogy lehet\u0151v\u00e9 tegye a hosszabb olajcsere-intervallumokat. Emellett lehet\u0151v\u00e9 teszi a bio\u00fczemanyagok haszn\u00e1lat\u00e1t is.<\/p>","protected":false},"featured_media":2280,"comment_status":"open","ping_status":"closed","template":"","meta":[],"product_brand":[],"product_cat":[76],"product_tag":[],"class_list":{"0":"post-1237","1":"product","2":"type-product","3":"status-publish","4":"has-post-thumbnail","6":"product_cat-ulei-pentru-motor-auto","7":"pa_aplicabilitate-autoturisme","9":"first","10":"instock","11":"shipping-taxable","12":"product-type-simple"},"_links":{"self":[{"href":"https:\/\/krossoil.ro\/hu\/wp-json\/wp\/v2\/product\/1237","targetHints":{"allow":["GET"]}}],"collection":[{"href":"https:\/\/krossoil.ro\/hu\/wp-json\/wp\/v2\/product"}],"about":[{"href":"https:\/\/krossoil.ro\/hu\/wp-json\/wp\/v2\/types\/product"}],"replies":[{"embeddable":true,"href":"https:\/\/krossoil.ro\/hu\/wp-json\/wp\/v2\/comments?post=1237"}],"wp:featuredmedia":[{"embeddable":true,"href":"https:\/\/krossoil.ro\/hu\/wp-json\/wp\/v2\/media\/2280"}],"wp:attachment":[{"href":"https:\/\/krossoil.ro\/hu\/wp-json\/wp\/v2\/media?parent=1237"}],"wp:term":[{"taxonomy":"product_brand","embeddable":true,"href":"https:\/\/krossoil.ro\/hu\/wp-json\/wp\/v2\/product_brand?post=1237"},{"taxonomy":"product_cat","embeddable":true,"href":"https:\/\/krossoil.ro\/hu\/wp-json\/wp\/v2\/product_cat?post=1237"},{"taxonomy":"product_tag","embeddable":true,"href":"https:\/\/krossoil.ro\/hu\/wp-json\/wp\/v2\/product_tag?post=1237"}],"curies":[{"name":"wp","href":"https:\/\/api.w.org\/{rel}","templated":true}]}}