{"id":1240,"date":"2025-01-17T11:26:53","date_gmt":"2025-01-17T09:26:53","guid":{"rendered":"https:\/\/dev.krossoil.ro\/catalog\/fara-categorie\/innova-5w20-fd-hybrid\/"},"modified":"2026-02-25T16:23:24","modified_gmt":"2026-02-25T14:23:24","slug":"innova-5w20-fd-hybrid","status":"publish","type":"product","link":"https:\/\/krossoil.ro\/hu\/catalog\/autoturisme\/ulei-pentru-motor-auto\/innova-5w20-fd-hybrid\/","title":{"rendered":"INNOVA 5W20 FD-HYBRID"},"content":{"rendered":"","protected":false},"excerpt":{"rendered":"<p>Az INNOVA 5W20 FD-HYBRID egy \u00faj gener\u00e1ci\u00f3s szintetikus motorolaj, amelyet az \u00fczemanyag-fogyaszt\u00e1s optimaliz\u00e1l\u00e1s\u00e1ra terveztek. Speci\u00e1lisan kiv\u00e1lasztott, magas viszkozit\u00e1si index\u0171 szintetikus alapolajokra \u00e9s kiegyens\u00falyozott adal\u00e9kanyag-kever\u00e9kre \u00e9p\u00fcl. K\u00fcl\u00f6nleges formul\u00e1j\u00e1nak k\u00f6sz\u00f6nhet\u0151en nemcsak fokozott \u00fczemanyag-hat\u00e9konys\u00e1got biztos\u00edt, hanem gyors hidegind\u00edt\u00e1st \u00e9s optim\u00e1lis v\u00e9delmet az oxid\u00e1ci\u00f3 ellen is.<\/p>","protected":false},"featured_media":2284,"comment_status":"open","ping_status":"closed","template":"","meta":[],"product_brand":[],"product_cat":[76],"product_tag":[],"class_list":{"0":"post-1240","1":"product","2":"type-product","3":"status-publish","4":"has-post-thumbnail","6":"product_cat-ulei-pentru-motor-auto","7":"pa_aplicabilitate-autoturisme","9":"first","10":"instock","11":"shipping-taxable","12":"product-type-simple"},"_links":{"self":[{"href":"https:\/\/krossoil.ro\/hu\/wp-json\/wp\/v2\/product\/1240","targetHints":{"allow":["GET"]}}],"collection":[{"href":"https:\/\/krossoil.ro\/hu\/wp-json\/wp\/v2\/product"}],"about":[{"href":"https:\/\/krossoil.ro\/hu\/wp-json\/wp\/v2\/types\/product"}],"replies":[{"embeddable":true,"href":"https:\/\/krossoil.ro\/hu\/wp-json\/wp\/v2\/comments?post=1240"}],"wp:featuredmedia":[{"embeddable":true,"href":"https:\/\/krossoil.ro\/hu\/wp-json\/wp\/v2\/media\/2284"}],"wp:attachment":[{"href":"https:\/\/krossoil.ro\/hu\/wp-json\/wp\/v2\/media?parent=1240"}],"wp:term":[{"taxonomy":"product_brand","embeddable":true,"href":"https:\/\/krossoil.ro\/hu\/wp-json\/wp\/v2\/product_brand?post=1240"},{"taxonomy":"product_cat","embeddable":true,"href":"https:\/\/krossoil.ro\/hu\/wp-json\/wp\/v2\/product_cat?post=1240"},{"taxonomy":"product_tag","embeddable":true,"href":"https:\/\/krossoil.ro\/hu\/wp-json\/wp\/v2\/product_tag?post=1240"}],"curies":[{"name":"wp","href":"https:\/\/api.w.org\/{rel}","templated":true}]}}