{"id":1241,"date":"2025-01-17T11:26:53","date_gmt":"2025-01-17T09:26:53","guid":{"rendered":"https:\/\/dev.krossoil.ro\/catalog\/fara-categorie\/exeo-5w30-gf-6a-fe\/"},"modified":"2026-02-25T16:23:24","modified_gmt":"2026-02-25T14:23:24","slug":"exeo-5w30-gf-6a-fe","status":"publish","type":"product","link":"https:\/\/krossoil.ro\/hu\/catalog\/autoturisme\/ulei-pentru-motor-auto\/exeo-5w30-gf-6a-fe\/","title":{"rendered":"EXEO 5W30 GF-6A FE"},"content":{"rendered":"","protected":false},"excerpt":{"rendered":"<p>Fejlett \u00f6sszet\u00e9tel\u00e9nek k\u00f6sz\u00f6nhet\u0151en az EXEO 5W30 GF-6A FE megfelel az API SP-RC \u201eResource Conserving\u201d szabv\u00e1nynak, amely m\u00e9g szigor\u00fabb az energiatakar\u00e9koss\u00e1gi k\u00f6vetelm\u00e9nyek tekintet\u00e9ben. Az EXEO 5W30 GF-6A kiv\u00e1l\u00f3 oxid\u00e1ci\u00f3\u00e1ll\u00f3s\u00e1got, jobb v\u00e9delmet ny\u00fajt a lerak\u00f3d\u00e1sokkal \u00e9s kop\u00e1ssal szemben, valamint jav\u00edtott teljes\u00edtm\u00e9nyt alacsony h\u0151m\u00e9rs\u00e9kleten, hogy az olaj \u00e9lettartama alatt folyamatos \u00fczemanyag-megtakar\u00edt\u00e1st biztos\u00edtson.<\/p>","protected":false},"featured_media":2285,"comment_status":"open","ping_status":"closed","template":"","meta":[],"product_brand":[],"product_cat":[76],"product_tag":[],"class_list":{"0":"post-1241","1":"product","2":"type-product","3":"status-publish","4":"has-post-thumbnail","6":"product_cat-ulei-pentru-motor-auto","7":"pa_aplicabilitate-autoturisme","9":"first","10":"instock","11":"shipping-taxable","12":"product-type-simple"},"_links":{"self":[{"href":"https:\/\/krossoil.ro\/hu\/wp-json\/wp\/v2\/product\/1241","targetHints":{"allow":["GET"]}}],"collection":[{"href":"https:\/\/krossoil.ro\/hu\/wp-json\/wp\/v2\/product"}],"about":[{"href":"https:\/\/krossoil.ro\/hu\/wp-json\/wp\/v2\/types\/product"}],"replies":[{"embeddable":true,"href":"https:\/\/krossoil.ro\/hu\/wp-json\/wp\/v2\/comments?post=1241"}],"wp:featuredmedia":[{"embeddable":true,"href":"https:\/\/krossoil.ro\/hu\/wp-json\/wp\/v2\/media\/2285"}],"wp:attachment":[{"href":"https:\/\/krossoil.ro\/hu\/wp-json\/wp\/v2\/media?parent=1241"}],"wp:term":[{"taxonomy":"product_brand","embeddable":true,"href":"https:\/\/krossoil.ro\/hu\/wp-json\/wp\/v2\/product_brand?post=1241"},{"taxonomy":"product_cat","embeddable":true,"href":"https:\/\/krossoil.ro\/hu\/wp-json\/wp\/v2\/product_cat?post=1241"},{"taxonomy":"product_tag","embeddable":true,"href":"https:\/\/krossoil.ro\/hu\/wp-json\/wp\/v2\/product_tag?post=1241"}],"curies":[{"name":"wp","href":"https:\/\/api.w.org\/{rel}","templated":true}]}}