{"id":1245,"date":"2025-01-17T11:26:53","date_gmt":"2025-01-17T09:26:53","guid":{"rendered":"https:\/\/dev.krossoil.ro\/catalog\/fara-categorie\/celera-10w40-a3-b4\/"},"modified":"2026-02-25T16:23:24","modified_gmt":"2026-02-25T14:23:24","slug":"celera-10w40-a3-b4","status":"publish","type":"product","link":"https:\/\/krossoil.ro\/hu\/catalog\/autoturisme\/ulei-pentru-motor-auto\/celera-10w40-a3-b4\/","title":{"rendered":"CELERA 10W40 A3\/B4"},"content":{"rendered":"","protected":false},"excerpt":{"rendered":"<p>A CELERA 10W40 A3\/B4 egy f\u00e9lszintetikus motorolaj, amelyet kifejezetten benzin- \u00e9s d\u00edzelmotorok ken\u00e9s\u00e9re terveztek, bele\u00e9rtve a k\u00f6zvetlen befecskendez\u00e9s\u0171 d\u00edzelmotorokat is, mint p\u00e9ld\u00e1ul a HDI, CDI stb. A kiv\u00e1l\u00f3 min\u0151s\u00e9g\u0171 \u00f6sszetev\u0151knek k\u00f6sz\u00f6nhet\u0151en ez az olaj magas foly\u00e9konys\u00e1got biztos\u00edt alacsony h\u0151m\u00e9rs\u00e9kleten \u00e9s stabil viszkozit\u00e1st magas h\u0151m\u00e9rs\u00e9kleten.<\/p>","protected":false},"featured_media":2289,"comment_status":"open","ping_status":"closed","template":"","meta":[],"product_brand":[],"product_cat":[76],"product_tag":[],"class_list":{"0":"post-1245","1":"product","2":"type-product","3":"status-publish","4":"has-post-thumbnail","6":"product_cat-ulei-pentru-motor-auto","7":"pa_aplicabilitate-autoturisme","9":"first","10":"instock","11":"shipping-taxable","12":"product-type-simple"},"_links":{"self":[{"href":"https:\/\/krossoil.ro\/hu\/wp-json\/wp\/v2\/product\/1245","targetHints":{"allow":["GET"]}}],"collection":[{"href":"https:\/\/krossoil.ro\/hu\/wp-json\/wp\/v2\/product"}],"about":[{"href":"https:\/\/krossoil.ro\/hu\/wp-json\/wp\/v2\/types\/product"}],"replies":[{"embeddable":true,"href":"https:\/\/krossoil.ro\/hu\/wp-json\/wp\/v2\/comments?post=1245"}],"wp:featuredmedia":[{"embeddable":true,"href":"https:\/\/krossoil.ro\/hu\/wp-json\/wp\/v2\/media\/2289"}],"wp:attachment":[{"href":"https:\/\/krossoil.ro\/hu\/wp-json\/wp\/v2\/media?parent=1245"}],"wp:term":[{"taxonomy":"product_brand","embeddable":true,"href":"https:\/\/krossoil.ro\/hu\/wp-json\/wp\/v2\/product_brand?post=1245"},{"taxonomy":"product_cat","embeddable":true,"href":"https:\/\/krossoil.ro\/hu\/wp-json\/wp\/v2\/product_cat?post=1245"},{"taxonomy":"product_tag","embeddable":true,"href":"https:\/\/krossoil.ro\/hu\/wp-json\/wp\/v2\/product_tag?post=1245"}],"curies":[{"name":"wp","href":"https:\/\/api.w.org\/{rel}","templated":true}]}}