{"id":1246,"date":"2025-01-17T11:26:53","date_gmt":"2025-01-17T09:26:53","guid":{"rendered":"https:\/\/dev.krossoil.ro\/catalog\/fara-categorie\/celera-10w40-td\/"},"modified":"2026-02-25T16:23:24","modified_gmt":"2026-02-25T14:23:24","slug":"celera-10w40-td","status":"publish","type":"product","link":"https:\/\/krossoil.ro\/hu\/catalog\/autoturisme\/ulei-pentru-motor-auto\/celera-10w40-td\/","title":{"rendered":"CELERA 10W40 TD"},"content":{"rendered":"","protected":false},"excerpt":{"rendered":"<p>A CELERA 10W40 TD egy motorolaj, amelyet kifejezetten d\u00edzelmotorok ken\u00e9s\u00e9re fejlesztettek ki, bele\u00e9rtve a k\u00f6zvetlen befecskendez\u00e9s\u0171 motorokat is. K\u00f6nny\u0171 ind\u00edt\u00e1st biztos\u00edt alacsony h\u0151m\u00e9rs\u00e9kleten \u00e9s optim\u00e1lis ken\u00e9st magas h\u0151m\u00e9rs\u00e9kleten. A motor v\u00e9delm\u00e9t hat\u00e9kony kop\u00e1sg\u00e1tl\u00f3 adal\u00e9kok fokozz\u00e1k, cs\u00f6kkentve az alkatr\u00e9szek s\u00e9r\u00fcl\u00e9s\u00e9nek kock\u00e1zat\u00e1t.<\/p>","protected":false},"featured_media":2290,"comment_status":"open","ping_status":"closed","template":"","meta":[],"product_brand":[],"product_cat":[76],"product_tag":[],"class_list":{"0":"post-1246","1":"product","2":"type-product","3":"status-publish","4":"has-post-thumbnail","6":"product_cat-ulei-pentru-motor-auto","7":"pa_aplicabilitate-autoturisme","9":"first","10":"instock","11":"shipping-taxable","12":"product-type-simple"},"_links":{"self":[{"href":"https:\/\/krossoil.ro\/hu\/wp-json\/wp\/v2\/product\/1246","targetHints":{"allow":["GET"]}}],"collection":[{"href":"https:\/\/krossoil.ro\/hu\/wp-json\/wp\/v2\/product"}],"about":[{"href":"https:\/\/krossoil.ro\/hu\/wp-json\/wp\/v2\/types\/product"}],"replies":[{"embeddable":true,"href":"https:\/\/krossoil.ro\/hu\/wp-json\/wp\/v2\/comments?post=1246"}],"wp:featuredmedia":[{"embeddable":true,"href":"https:\/\/krossoil.ro\/hu\/wp-json\/wp\/v2\/media\/2290"}],"wp:attachment":[{"href":"https:\/\/krossoil.ro\/hu\/wp-json\/wp\/v2\/media?parent=1246"}],"wp:term":[{"taxonomy":"product_brand","embeddable":true,"href":"https:\/\/krossoil.ro\/hu\/wp-json\/wp\/v2\/product_brand?post=1246"},{"taxonomy":"product_cat","embeddable":true,"href":"https:\/\/krossoil.ro\/hu\/wp-json\/wp\/v2\/product_cat?post=1246"},{"taxonomy":"product_tag","embeddable":true,"href":"https:\/\/krossoil.ro\/hu\/wp-json\/wp\/v2\/product_tag?post=1246"}],"curies":[{"name":"wp","href":"https:\/\/api.w.org\/{rel}","templated":true}]}}